{"id":5289,"date":"2024-05-30T13:37:21","date_gmt":"2024-05-30T13:37:21","guid":{"rendered":"https:\/\/kosmeetika24.com\/?post_type=product&#038;p=5289"},"modified":"2025-07-02T11:05:56","modified_gmt":"2025-07-02T08:05:56","slug":"reveel-profitoode-brightening-mask-classic","status":"publish","type":"product","link":"https:\/\/kosmeetika24.com\/en\/product\/reveel-profitoode-brightening-mask-classic\/","title":{"rendered":"Professional Product Reveel Brightening Mask Classic"},"content":{"rendered":"<p>Due to age and chronic UV radiation, irregular pigmentation is becoming more common on human skin. Visible accumulation of melanin indicates a disruption and\/or overstimulation of the skin's pigmentation process. Air pollution, UV light, stress, or smoking accelerate melanin formation, creating ROS (Reactive Oxygen Species), often referred to as oxidative stress. Female sex hormones can also cause irregular pigmentation.<span class=\"apple-converted-space\">\u00a0<\/span><span class=\"apple-converted-space\">\u00a0<\/span><span class=\"apple-converted-space\">\u00a0<\/span><span class=\"apple-converted-space\">\u00a0<\/span><\/p>\n<p>The Professional Brightening Collagen Mask helps reduce the appearance of these imperfections.<\/p>\n<p><strong>KEY INGREDIENTS\u00a0<\/strong><\/p>\n<ul>\n<li>Looduslik kollageen \u2013 annab nahale lisaniiskust ja silub kortse.<\/li>\n<li>Alfa-arbutiin \u2013 v\u00e4hendab melaniini tootmist; inhibeerib t\u00fcrosinaasi aktiivsust ja neutraliseerib vabu radikaale.<\/li>\n<li>Lagritsajuure ja viinamarja ekstraktid \u2013 v\u00e4hendavad UV-kiirte kahjulikku m\u00f5ju ja kaitsevad vabade radikaalide eest.<\/li>\n<\/ul>\n<p><strong>Usage<\/strong><\/p>\n<p>1.  Cut to the desired shape or tear along the perforations.<br \/>\n2. Place the dry mask on the face.<br \/>\n3. Slowly but thoroughly moisten it with the Professional Activating Liquid.<br \/>\n4. Leave it on for 15-20 minutes.<br \/>\n5. Remove the mask and gently massage the remaining residue into the skin.<\/p>\n<p><strong>Ingredients<\/strong><\/p>\n<p>Collagen, Alpha-Arbutin, Hydrogenated Polyisobutene, PPG-15 Stearyl Ether, Citric Acid, Ectoin, PEG-40 Sorbitan Peroleate, Vitis Vinifera Seed Extract, Dipotassium Glycyrrhizate, BHT.<\/p>","protected":false},"excerpt":{"rendered":"<ul>\n<li>Full sheet that needs to be cut into the desired shape, allowing use on the face as well as other treatment areas.<\/li>\n<li>Effectively brightens and evens out skin tone.<\/li>\n<li>The collagen in the mask moisturizes the skin and smooths wrinkles.<\/li>\n<li>Binds and neutralizes oxygen radicals.<\/li>\n<\/ul>\n<p>20 pieces per pack.<\/p>","protected":false},"featured_media":6906,"comment_status":"closed","ping_status":"closed","template":"","meta":{"_uag_custom_page_level_css":"","site-sidebar-layout":"default","site-content-layout":"","ast-site-content-layout":"default","site-content-style":"default","site-sidebar-style":"default","ast-global-header-display":"","ast-banner-title-visibility":"","ast-main-header-display":"","ast-hfb-above-header-display":"","ast-hfb-below-header-display":"","ast-hfb-mobile-header-display":"","site-post-title":"","ast-breadcrumbs-content":"","ast-featured-img":"","footer-sml-layout":"","ast-disable-related-posts":"","theme-transparent-header-meta":"default","adv-header-id-meta":"","stick-header-meta":"","header-above-stick-meta":"","header-main-stick-meta":"","header-below-stick-meta":"","astra-migrate-meta-layouts":"set","ast-page-background-enabled":"default","ast-page-background-meta":{"desktop":{"background-color":"var(--ast-global-color-4)","background-image":"","background-repeat":"repeat","background-position":"center center","background-size":"auto","background-attachment":"scroll","background-type":"","background-media":"","overlay-type":"","overlay-color":"","overlay-opacity":"","overlay-gradient":""},"tablet":{"background-color":"","background-image":"","background-repeat":"repeat","background-position":"center center","background-size":"auto","background-attachment":"scroll","background-type":"","background-media":"","overlay-type":"","overlay-color":"","overlay-opacity":"","overlay-gradient":""},"mobile":{"background-color":"","background-image":"","background-repeat":"repeat","background-position":"center center","background-size":"auto","background-attachment":"scroll","background-type":"","background-media":"","overlay-type":"","overlay-color":"","overlay-opacity":"","overlay-gradient":""}},"ast-content-background-meta":{"desktop":{"background-color":"var(--ast-global-color-5)","background-image":"","background-repeat":"repeat","background-position":"center center","background-size":"auto","background-attachment":"scroll","background-type":"","background-media":"","overlay-type":"","overlay-color":"","overlay-opacity":"","overlay-gradient":""},"tablet":{"background-color":"var(--ast-global-color-5)","background-image":"","background-repeat":"repeat","background-position":"center center","background-size":"auto","background-attachment":"scroll","background-type":"","background-media":"","overlay-type":"","overlay-color":"","overlay-opacity":"","overlay-gradient":""},"mobile":{"background-color":"var(--ast-global-color-5)","background-image":"","background-repeat":"repeat","background-position":"center center","background-size":"auto","background-attachment":"scroll","background-type":"","background-media":"","overlay-type":"","overlay-color":"","overlay-opacity":"","overlay-gradient":""}}},"product_brand":[],"product_cat":[96,97,95],"product_tag":[],"class_list":{"0":"post-5289","1":"product","2":"type-product","3":"status-publish","4":"has-post-thumbnail","6":"product_cat-brands","7":"product_cat-naole","8":"product_cat-reveel","9":"desktop-align-left","10":"tablet-align-left","11":"mobile-align-left","13":"first","14":"instock","15":"taxable","16":"shipping-taxable","17":"product-type-simple","18":"add-to-wishlist-before_image"},"uagb_featured_image_src":{"full":["https:\/\/kosmeetika24.com\/wp-content\/uploads\/2024\/05\/Classic.jpg",1800,1800,false],"thumbnail":["https:\/\/kosmeetika24.com\/wp-content\/uploads\/2024\/05\/Classic-150x150.jpg",150,150,true],"medium":["https:\/\/kosmeetika24.com\/wp-content\/uploads\/2024\/05\/Classic-300x300.jpg",300,300,true],"medium_large":["https:\/\/kosmeetika24.com\/wp-content\/uploads\/2024\/05\/Classic-768x768.jpg",768,768,true],"large":["https:\/\/kosmeetika24.com\/wp-content\/uploads\/2024\/05\/Classic-1024x1024.jpg",1024,1024,true],"1536x1536":["https:\/\/kosmeetika24.com\/wp-content\/uploads\/2024\/05\/Classic-1536x1536.jpg",1536,1536,true],"2048x2048":["https:\/\/kosmeetika24.com\/wp-content\/uploads\/2024\/05\/Classic.jpg",1800,1800,false],"trp-custom-language-flag":["https:\/\/kosmeetika24.com\/wp-content\/uploads\/2024\/05\/Classic-12x12.jpg",12,12,true],"woocommerce_thumbnail":["https:\/\/kosmeetika24.com\/wp-content\/uploads\/2024\/05\/Classic-300x300.jpg",300,300,true],"woocommerce_single":["https:\/\/kosmeetika24.com\/wp-content\/uploads\/2024\/05\/Classic-500x500.jpg",500,500,true],"woocommerce_gallery_thumbnail":["https:\/\/kosmeetika24.com\/wp-content\/uploads\/2024\/05\/Classic-100x100.jpg",100,100,true]},"uagb_author_info":{"display_name":"admin","author_link":"https:\/\/kosmeetika24.com\/en\/author\/"},"uagb_comment_info":0,"uagb_excerpt":"T\u00e4isleht, millele tuleb l\u00f5igata soovitud kuju, v\u00f5imaldades kasutada nii n\u00e4ol kui ka muudel ravipiirkondadel. T\u00f5husalt kirgastab ja \u00fchtlustab nahatooni. Maskis sisalduv kollageen niisutab nahka ja silub kortse. Seob ja neutraliseerib hapnikuradikaale. Pakis 20 tk.","_links":{"self":[{"href":"https:\/\/kosmeetika24.com\/en\/wp-json\/wp\/v2\/product\/5289","targetHints":{"allow":["GET"]}}],"collection":[{"href":"https:\/\/kosmeetika24.com\/en\/wp-json\/wp\/v2\/product"}],"about":[{"href":"https:\/\/kosmeetika24.com\/en\/wp-json\/wp\/v2\/types\/product"}],"replies":[{"embeddable":true,"href":"https:\/\/kosmeetika24.com\/en\/wp-json\/wp\/v2\/comments?post=5289"}],"version-history":[{"count":11,"href":"https:\/\/kosmeetika24.com\/en\/wp-json\/wp\/v2\/product\/5289\/revisions"}],"predecessor-version":[{"id":6907,"href":"https:\/\/kosmeetika24.com\/en\/wp-json\/wp\/v2\/product\/5289\/revisions\/6907"}],"wp:featuredmedia":[{"embeddable":true,"href":"https:\/\/kosmeetika24.com\/en\/wp-json\/wp\/v2\/media\/6906"}],"wp:attachment":[{"href":"https:\/\/kosmeetika24.com\/en\/wp-json\/wp\/v2\/media?parent=5289"}],"wp:term":[{"taxonomy":"product_brand","embeddable":true,"href":"https:\/\/kosmeetika24.com\/en\/wp-json\/wp\/v2\/product_brand?post=5289"},{"taxonomy":"product_cat","embeddable":true,"href":"https:\/\/kosmeetika24.com\/en\/wp-json\/wp\/v2\/product_cat?post=5289"},{"taxonomy":"product_tag","embeddable":true,"href":"https:\/\/kosmeetika24.com\/en\/wp-json\/wp\/v2\/product_tag?post=5289"}],"curies":[{"name":"wp","href":"https:\/\/api.w.org\/{rel}","templated":true}]}}