{"id":3263,"date":"2024-05-31T09:03:53","date_gmt":"2024-05-31T09:03:53","guid":{"rendered":"https:\/\/kosmeetika24.com\/?post_type=product&#038;p=3263"},"modified":"2025-11-13T12:09:36","modified_gmt":"2025-11-13T09:09:36","slug":"mesotech-global-meso-lift-pingudlav-kokteil","status":"publish","type":"product","link":"https:\/\/kosmeetika24.com\/en\/product\/mesotech-global-meso-lift-pingudlav-kokteil\/","title":{"rendered":"Mesotech Global Meso Lift &#8211; pinguldav kokteil"},"content":{"rendered":"<p>The aging of facial skin cannot be compared to the aging of the rest of the body\u2019s skin. Continuous facial movements, sun exposure, smoking, and poor diet are responsible for skin aging. Genetic factors also play an important role.<\/p>\n<p>We know more and more about the factors that accelerate aging and have a better understanding of how to slow down this natural physiological process, and we can even improve some aspects related to it.<\/p>\n<p>Aging causes cellular and molecular damage, affecting the structural properties of the skin, leading to the loss of elasticity and tension, causing the skin to visibly sag and loosen.<\/p>\n<h6 dir=\"ltr\" data-placeholder=\"T\u00f5lge\"><b>KEY INGREDIENTS<\/b><\/h6>\n<ul>\n<li>Organic silicon helps protect the body from infections and is essential in metabolic processes. It also protects the body from premature aging.<\/li>\n<li>DMAE \u2013 toimib antioks\u00fcdandina, \u201cp\u00fc\u00fcab\u201d \u00fcleliigsed vabad radikaalid.<\/li>\n<li>Niacinamide \u2013 a derivative of vitamin B3, has antioxidant properties. It prevents premature skin aging. It also stimulates lipid production and the formation of collagen and elastin in the body.<\/li>\n<li>Aminohapped \u2013 on NMF-i oluline komponent, millel on tohutu m\u00f5ju naha h\u00fcdratatsioonile, vee s\u00e4ilitamisele ja sidumisele epidermises.<\/li>\n<\/ul>\n<h6><strong>INDICATIONS<\/strong><\/h6>\n<ul>\n<li>Preventive and anti-aging treatment.<\/li>\n<li>Improves stressed, dull, and uneven skin.<\/li>\n<li>Reduces the depth of wrinkles.<\/li>\n<li>Stimulates the contraction of skin muscle fibers, providing a tightening effect.<\/li>\n<li>Reshapes the facial contour.<\/li>\n<li>Improves skin hydration.<\/li>\n<li>Provides strong radical protection and shields the skin from external damage.<\/li>\n<\/ul>\n<h6><strong>APPLICATION<\/strong><\/h6>\n<ul>\n<li><strong>Chronic aging<\/strong>\u00a0: one session per week for 1 month, then once every 15 days for 2 months.<\/li>\n<li><strong>Breasts<\/strong>\u00a0: Twice a week for 1 month, then once a week for 1 month.<\/li>\n<\/ul>\n<p><strong>DOSAGE<\/strong><\/p>\n<ul>\n<li>N\u00e4gu: 1,0 ml \u2013 2,0 ml<\/li>\n<li>Neck: 1.0 ml<\/li>\n<li>D\u00e9collet\u00e9: 2.5 m<\/li>\n<li>Breasts Each 2.5 ml<\/li>\n<\/ul>","protected":false},"excerpt":{"rendered":"<p>1 box = 10 vials of 5mL each<\/p>","protected":false},"featured_media":6851,"comment_status":"open","ping_status":"closed","template":"","meta":{"_uag_custom_page_level_css":"","site-sidebar-layout":"default","site-content-layout":"","ast-site-content-layout":"default","site-content-style":"default","site-sidebar-style":"default","ast-global-header-display":"","ast-banner-title-visibility":"","ast-main-header-display":"","ast-hfb-above-header-display":"","ast-hfb-below-header-display":"","ast-hfb-mobile-header-display":"","site-post-title":"","ast-breadcrumbs-content":"","ast-featured-img":"","footer-sml-layout":"","ast-disable-related-posts":"","theme-transparent-header-meta":"default","adv-header-id-meta":"","stick-header-meta":"","header-above-stick-meta":"","header-main-stick-meta":"","header-below-stick-meta":"","astra-migrate-meta-layouts":"set","ast-page-background-enabled":"default","ast-page-background-meta":{"desktop":{"background-color":"var(--ast-global-color-4)","background-image":"","background-repeat":"repeat","background-position":"center center","background-size":"auto","background-attachment":"scroll","background-type":"","background-media":"","overlay-type":"","overlay-color":"","overlay-opacity":"","overlay-gradient":""},"tablet":{"background-color":"","background-image":"","background-repeat":"repeat","background-position":"center center","background-size":"auto","background-attachment":"scroll","background-type":"","background-media":"","overlay-type":"","overlay-color":"","overlay-opacity":"","overlay-gradient":""},"mobile":{"background-color":"","background-image":"","background-repeat":"repeat","background-position":"center center","background-size":"auto","background-attachment":"scroll","background-type":"","background-media":"","overlay-type":"","overlay-color":"","overlay-opacity":"","overlay-gradient":""}},"ast-content-background-meta":{"desktop":{"background-color":"var(--ast-global-color-5)","background-image":"","background-repeat":"repeat","background-position":"center center","background-size":"auto","background-attachment":"scroll","background-type":"","background-media":"","overlay-type":"","overlay-color":"","overlay-opacity":"","overlay-gradient":""},"tablet":{"background-color":"var(--ast-global-color-5)","background-image":"","background-repeat":"repeat","background-position":"center center","background-size":"auto","background-attachment":"scroll","background-type":"","background-media":"","overlay-type":"","overlay-color":"","overlay-opacity":"","overlay-gradient":""},"mobile":{"background-color":"var(--ast-global-color-5)","background-image":"","background-repeat":"repeat","background-position":"center center","background-size":"auto","background-attachment":"scroll","background-type":"","background-media":"","overlay-type":"","overlay-color":"","overlay-opacity":"","overlay-gradient":""}}},"product_brand":[],"product_cat":[96,127,78,97],"product_tag":[],"class_list":{"0":"post-3263","1":"product","2":"type-product","3":"status-publish","4":"has-post-thumbnail","6":"product_cat-brands","7":"product_cat-eksosoomid","8":"product_cat-global-meso","9":"product_cat-naole","10":"desktop-align-left","11":"tablet-align-left","12":"mobile-align-left","14":"first","15":"instock","16":"taxable","17":"shipping-taxable","18":"product-type-simple","19":"add-to-wishlist-before_image"},"uagb_featured_image_src":{"full":["https:\/\/kosmeetika24.com\/wp-content\/uploads\/2024\/05\/global-meso-lift-2.jpg",1000,1000,false],"thumbnail":["https:\/\/kosmeetika24.com\/wp-content\/uploads\/2024\/05\/global-meso-lift-2-150x150.jpg",150,150,true],"medium":["https:\/\/kosmeetika24.com\/wp-content\/uploads\/2024\/05\/global-meso-lift-2-300x300.jpg",300,300,true],"medium_large":["https:\/\/kosmeetika24.com\/wp-content\/uploads\/2024\/05\/global-meso-lift-2-768x768.jpg",768,768,true],"large":["https:\/\/kosmeetika24.com\/wp-content\/uploads\/2024\/05\/global-meso-lift-2.jpg",1000,1000,false],"1536x1536":["https:\/\/kosmeetika24.com\/wp-content\/uploads\/2024\/05\/global-meso-lift-2.jpg",1000,1000,false],"2048x2048":["https:\/\/kosmeetika24.com\/wp-content\/uploads\/2024\/05\/global-meso-lift-2.jpg",1000,1000,false],"trp-custom-language-flag":["https:\/\/kosmeetika24.com\/wp-content\/uploads\/2024\/05\/global-meso-lift-2-12x12.jpg",12,12,true],"woocommerce_thumbnail":["https:\/\/kosmeetika24.com\/wp-content\/uploads\/2024\/05\/global-meso-lift-2-300x300.jpg",300,300,true],"woocommerce_single":["https:\/\/kosmeetika24.com\/wp-content\/uploads\/2024\/05\/global-meso-lift-2-500x500.jpg",500,500,true],"woocommerce_gallery_thumbnail":["https:\/\/kosmeetika24.com\/wp-content\/uploads\/2024\/05\/global-meso-lift-2-100x100.jpg",100,100,true]},"uagb_author_info":{"display_name":"admin","author_link":"https:\/\/kosmeetika24.com\/en\/author\/"},"uagb_comment_info":0,"uagb_excerpt":"1 box = 10 vials of 5mL e.a.","_links":{"self":[{"href":"https:\/\/kosmeetika24.com\/en\/wp-json\/wp\/v2\/product\/3263","targetHints":{"allow":["GET"]}}],"collection":[{"href":"https:\/\/kosmeetika24.com\/en\/wp-json\/wp\/v2\/product"}],"about":[{"href":"https:\/\/kosmeetika24.com\/en\/wp-json\/wp\/v2\/types\/product"}],"replies":[{"embeddable":true,"href":"https:\/\/kosmeetika24.com\/en\/wp-json\/wp\/v2\/comments?post=3263"}],"version-history":[{"count":5,"href":"https:\/\/kosmeetika24.com\/en\/wp-json\/wp\/v2\/product\/3263\/revisions"}],"predecessor-version":[{"id":6852,"href":"https:\/\/kosmeetika24.com\/en\/wp-json\/wp\/v2\/product\/3263\/revisions\/6852"}],"wp:featuredmedia":[{"embeddable":true,"href":"https:\/\/kosmeetika24.com\/en\/wp-json\/wp\/v2\/media\/6851"}],"wp:attachment":[{"href":"https:\/\/kosmeetika24.com\/en\/wp-json\/wp\/v2\/media?parent=3263"}],"wp:term":[{"taxonomy":"product_brand","embeddable":true,"href":"https:\/\/kosmeetika24.com\/en\/wp-json\/wp\/v2\/product_brand?post=3263"},{"taxonomy":"product_cat","embeddable":true,"href":"https:\/\/kosmeetika24.com\/en\/wp-json\/wp\/v2\/product_cat?post=3263"},{"taxonomy":"product_tag","embeddable":true,"href":"https:\/\/kosmeetika24.com\/en\/wp-json\/wp\/v2\/product_tag?post=3263"}],"curies":[{"name":"wp","href":"https:\/\/api.w.org\/{rel}","templated":true}]}}