{"id":3235,"date":"2024-01-25T10:16:27","date_gmt":"2024-01-25T10:16:27","guid":{"rendered":"https:\/\/kosmeetika24.com\/?post_type=product&#038;p=3235"},"modified":"2025-07-02T11:26:19","modified_gmt":"2025-07-02T08:26:19","slug":"wishpro-plus-eu-masin","status":"publish","type":"product","link":"https:\/\/kosmeetika24.com\/en\/product\/wishpro-plus-eu-masin\/","title":{"rendered":"WISHPRO Plus+ EU device"},"content":{"rendered":"<p><img decoding=\"async\" class=\"aligncenter\" src=\"https:\/\/mimari.com.pl\/public\/assets\/WISH\/Wishproplus.png\" alt=\"\" width=\"213\" height=\"80\" \/><\/p>\n<p style=\"text-align: center;\"><strong>A complete innovation in professional skincare!<\/strong><\/p>\n<p style=\"text-align: center;\">The only device in the world that uses unique magnetic infusion technology and four different treatment heads!<\/p>\n<p style=\"text-align: center;\">Thanks to\u00a0<strong>magnetic infusion technology<\/strong>\u00a0combination of\u00a0<strong>red<\/strong>\u00a0(660nm) and\u00a0<strong>blue<\/strong>\u00a0(420-470nm)\u00a0<strong>with LED light<\/strong>\u00a0and\u00a0<strong>with a current of 500 \u03bcA<\/strong>, we achieve effects that have never been achieved before!<\/p>\n<p style=\"text-align: center;\">Your skin is rejuvenated, radiant, hydrated, tightened, and healthier than ever before!<\/p>\n<p style=\"text-align: center;\">Make your dreams of beautiful skin come true with\u00a0<strong>with the WishPro Plus+<\/strong>\u00a0in just 15 minutes!<\/p>\n<hr \/>\n<h2 style=\"text-align: center;\"><span class=\"wysiwyg-font-size-medium\"><strong>Kus teadus kohtub maagiaga \u2013 see on koht, kus WishPro luuakse<\/strong><\/span><\/h2>\n<p style=\"text-align: center;\"><strong>Synoia Technologies LTD<\/strong>\u00a0was founded in 2008\u00a0<strong>in Israel<\/strong>\u00a0<strong>of BDR Group<\/strong>\u00a0a company founded as part of a technology group with the aim of offering the cosmetics market\u00a0<strong>new technological and patented solutions<\/strong>, thus discovering\u00a0<strong>high-quality, effective, and 100% safe treatment methods!<\/strong><\/p>\n<p style=\"text-align: center;\">The company's credo is primarily the search for effective innovations.\u00a0<strong>while maintaining the safety and non-invasiveness of the solutions offered!<\/strong>.<\/p>\n<p style=\"text-align: center;\">Synoia Technologies\u2019i lahenduste k\u00f5rget kvaliteeti ja t\u00f5husust\u00a0<strong>confirmed by global patents and several certifications:<\/strong><\/p>\n<p style=\"text-align: center;\"><strong>ISO 9001:2015, ISO 13458:2016, ISO 22716:2007, GMP, CTFA, TCB<\/strong><\/p>\n<p style=\"text-align: center;\"><strong>WishPro Plus+ makes your dreams of beautiful skin come true!<\/strong><\/p>\n<p style=\"text-align: center;\">Complete skin renewal in just 15 minutes!<\/p>\n<p style=\"text-align: center;\">\u2713 100% non-invasive and safe!<\/p>\n<p style=\"text-align: center;\">\u2713 For all skin types!<\/p>\n<p style=\"text-align: center;\">\u2713 13 different capsules from 4 series!<\/p>\n<p style=\"text-align: center;\">\u2713 1 device = 50 different treatments!<\/p>\n<p style=\"text-align: center;\">\u2713 Convenient, wireless operation.<\/p>\n<p style=\"text-align: center;\">\u2713 Up to 15 treatments without charging!<\/p>\n<p style=\"text-align: center;\">\u2713 Year-round operational capability!<\/p>\n<p style=\"text-align: center;\">\u2713 Complete technological innovation!<\/p>\n<p style=\"text-align: center;\">\u2713 Active ingredients with proven effectiveness!<\/p>\n<p style=\"text-align: center;\">\u2713 Fully mobile device, you can take the head alone without the base!<\/p>\n<p style=\"text-align: center;\">\u2713 No recovery period!<\/p>\n<p style=\"text-align: center;\">\u2713 Possibility to combine\u00a0<strong>WishPro Plus+ treatment<\/strong>\u00a0with other methods and devices!<\/p>\n<p style=\"text-align: center;\">\u2713 Extremely pleasant and relaxing procedure<\/p>\n<p style=\"text-align: center;\">\u2713 Effectiveness confirmed by certificates and patents!<\/p>\n<p style=\"text-align: center;\">\u2713 Over 30 countries around the world are in love with\u00a0<strong>with the WishPro Plus+<\/strong>!<\/p>\n<p style=\"text-align: center;\">\u2713 Over 11 years of effectiveness studies!<\/p>\n<p style=\"text-align: center;\"><strong>Modern technology of Magnet Infusion T.I.M<\/strong><\/p>\n<p style=\"text-align: center;\"><strong>A wide range of single-use capsules dedicated to the WishPro Plus+ device gives you the opportunity to treat all skin issues, ensuring convenience and sterility!<\/strong><\/p>\n<p style=\"text-align: center;\"><strong>Revolutionary solution for every beauty salon!<\/strong><\/p>\n<p style=\"text-align: center;\">Are your clients bored with their previous treatments?<\/p>\n<p style=\"text-align: center;\">Are you looking for something straightforward that gives you immediate results?<\/p>\n<p style=\"text-align: center;\">Are your salon clients tired of or dislike invasive treatments?<\/p>\n<p style=\"text-align: center;\">Do you need something that combines effectiveness with pleasure?<\/p>\n<p style=\"text-align: center;\">Do you want to stand out from your competitors with your salon?<\/p>\n<p style=\"text-align: center;\">Are you looking for something that brings long-term therapeutic and business impacts?<\/p>\n<p style=\"text-align: center;\">Are you having difficulties calculating consumption costs and managing inventory of medical products?<\/p>\n<p style=\"text-align: center;\">Do you want a new device, but there is no space in your living room?<\/p>\n<p style=\"text-align: center;\">Do you work on the go and need something compact?<\/p>\n<p style=\"text-align: center;\">If you answered YES to at least one question <strong>\u2013 WishPro Plus+<\/strong>\u00a0is for you!<\/p>\n<p style=\"text-align: center;\"><strong>The effect is visible after ONE TREATMENT!<\/strong><\/p>","protected":false},"excerpt":{"rendered":"<p><a><strong>with the WishPro Plus+<\/strong>\u00a0uses intense magnetic pulses that are converted into an active energy field. The energy of the energy field is transformed into light and electricity. The combination of four factors with active ingredients allows you to achieve sensational therapeutic effects while maintaining safety and 100% non-invasiveness.<\/a>!<\/p>","protected":false},"featured_media":3236,"comment_status":"open","ping_status":"closed","template":"","meta":{"_uag_custom_page_level_css":"","site-sidebar-layout":"default","site-content-layout":"","ast-site-content-layout":"default","site-content-style":"default","site-sidebar-style":"default","ast-global-header-display":"","ast-banner-title-visibility":"","ast-main-header-display":"","ast-hfb-above-header-display":"","ast-hfb-below-header-display":"","ast-hfb-mobile-header-display":"","site-post-title":"","ast-breadcrumbs-content":"","ast-featured-img":"","footer-sml-layout":"","ast-disable-related-posts":"","theme-transparent-header-meta":"default","adv-header-id-meta":"","stick-header-meta":"","header-above-stick-meta":"","header-main-stick-meta":"","header-below-stick-meta":"","astra-migrate-meta-layouts":"set","ast-page-background-enabled":"default","ast-page-background-meta":{"desktop":{"background-color":"var(--ast-global-color-4)","background-image":"","background-repeat":"repeat","background-position":"center center","background-size":"auto","background-attachment":"scroll","background-type":"","background-media":"","overlay-type":"","overlay-color":"","overlay-opacity":"","overlay-gradient":""},"tablet":{"background-color":"","background-image":"","background-repeat":"repeat","background-position":"center center","background-size":"auto","background-attachment":"scroll","background-type":"","background-media":"","overlay-type":"","overlay-color":"","overlay-opacity":"","overlay-gradient":""},"mobile":{"background-color":"","background-image":"","background-repeat":"repeat","background-position":"center center","background-size":"auto","background-attachment":"scroll","background-type":"","background-media":"","overlay-type":"","overlay-color":"","overlay-opacity":"","overlay-gradient":""}},"ast-content-background-meta":{"desktop":{"background-color":"var(--ast-global-color-5)","background-image":"","background-repeat":"repeat","background-position":"center center","background-size":"auto","background-attachment":"scroll","background-type":"","background-media":"","overlay-type":"","overlay-color":"","overlay-opacity":"","overlay-gradient":""},"tablet":{"background-color":"var(--ast-global-color-5)","background-image":"","background-repeat":"repeat","background-position":"center center","background-size":"auto","background-attachment":"scroll","background-type":"","background-media":"","overlay-type":"","overlay-color":"","overlay-opacity":"","overlay-gradient":""},"mobile":{"background-color":"var(--ast-global-color-5)","background-image":"","background-repeat":"repeat","background-position":"center center","background-size":"auto","background-attachment":"scroll","background-type":"","background-media":"","overlay-type":"","overlay-color":"","overlay-opacity":"","overlay-gradient":""}}},"product_brand":[],"product_cat":[96,99,80],"product_tag":[],"class_list":{"0":"post-3235","1":"product","2":"type-product","3":"status-publish","4":"has-post-thumbnail","6":"product_cat-brands","7":"product_cat-seadmed","8":"product_cat-wishpro","9":"desktop-align-left","10":"tablet-align-left","11":"mobile-align-left","13":"first","14":"instock","15":"taxable","16":"shipping-taxable","17":"product-type-simple","18":"add-to-wishlist-before_image"},"uagb_featured_image_src":{"full":["https:\/\/kosmeetika24.com\/wp-content\/uploads\/2024\/01\/device-m-front-1.webp",761,465,false],"thumbnail":["https:\/\/kosmeetika24.com\/wp-content\/uploads\/2024\/01\/device-m-front-1-150x150.webp",150,150,true],"medium":["https:\/\/kosmeetika24.com\/wp-content\/uploads\/2024\/01\/device-m-front-1-300x183.webp",300,183,true],"medium_large":["https:\/\/kosmeetika24.com\/wp-content\/uploads\/2024\/01\/device-m-front-1.webp",761,465,false],"large":["https:\/\/kosmeetika24.com\/wp-content\/uploads\/2024\/01\/device-m-front-1.webp",761,465,false],"1536x1536":["https:\/\/kosmeetika24.com\/wp-content\/uploads\/2024\/01\/device-m-front-1.webp",761,465,false],"2048x2048":["https:\/\/kosmeetika24.com\/wp-content\/uploads\/2024\/01\/device-m-front-1.webp",761,465,false],"trp-custom-language-flag":["https:\/\/kosmeetika24.com\/wp-content\/uploads\/2024\/01\/device-m-front-1-18x12.webp",18,12,true],"woocommerce_thumbnail":["https:\/\/kosmeetika24.com\/wp-content\/uploads\/2024\/01\/device-m-front-1-300x300.webp",300,300,true],"woocommerce_single":["https:\/\/kosmeetika24.com\/wp-content\/uploads\/2024\/01\/device-m-front-1-500x306.webp",500,306,true],"woocommerce_gallery_thumbnail":["https:\/\/kosmeetika24.com\/wp-content\/uploads\/2024\/01\/device-m-front-1-100x100.webp",100,100,true]},"uagb_author_info":{"display_name":"admin","author_link":"https:\/\/kosmeetika24.com\/en\/author\/"},"uagb_comment_info":0,"uagb_excerpt":"WishPro Plus+\u00a0kasutab intensiivseid magnetimpulsse, mis muundatakse aktiivseks energiav\u00e4ljaks. Energiav\u00e4lja energia muundatakse valguseks ja elektriks. Nelja teguri kombinatsioon toimeainetega v\u00f5imaldab teil saavutada sensatsioonilisi raviefekte, s\u00e4ilitades samal ajal ohutuse ja 100% mitteinvasiivsuse!","_links":{"self":[{"href":"https:\/\/kosmeetika24.com\/en\/wp-json\/wp\/v2\/product\/3235","targetHints":{"allow":["GET"]}}],"collection":[{"href":"https:\/\/kosmeetika24.com\/en\/wp-json\/wp\/v2\/product"}],"about":[{"href":"https:\/\/kosmeetika24.com\/en\/wp-json\/wp\/v2\/types\/product"}],"replies":[{"embeddable":true,"href":"https:\/\/kosmeetika24.com\/en\/wp-json\/wp\/v2\/comments?post=3235"}],"version-history":[{"count":1,"href":"https:\/\/kosmeetika24.com\/en\/wp-json\/wp\/v2\/product\/3235\/revisions"}],"predecessor-version":[{"id":4757,"href":"https:\/\/kosmeetika24.com\/en\/wp-json\/wp\/v2\/product\/3235\/revisions\/4757"}],"wp:featuredmedia":[{"embeddable":true,"href":"https:\/\/kosmeetika24.com\/en\/wp-json\/wp\/v2\/media\/3236"}],"wp:attachment":[{"href":"https:\/\/kosmeetika24.com\/en\/wp-json\/wp\/v2\/media?parent=3235"}],"wp:term":[{"taxonomy":"product_brand","embeddable":true,"href":"https:\/\/kosmeetika24.com\/en\/wp-json\/wp\/v2\/product_brand?post=3235"},{"taxonomy":"product_cat","embeddable":true,"href":"https:\/\/kosmeetika24.com\/en\/wp-json\/wp\/v2\/product_cat?post=3235"},{"taxonomy":"product_tag","embeddable":true,"href":"https:\/\/kosmeetika24.com\/en\/wp-json\/wp\/v2\/product_tag?post=3235"}],"curies":[{"name":"wp","href":"https:\/\/api.w.org\/{rel}","templated":true}]}}