{"id":3208,"date":"2024-01-25T07:00:11","date_gmt":"2024-01-25T07:00:11","guid":{"rendered":"https:\/\/kosmeetika24.com\/?post_type=product&#038;p=3208"},"modified":"2025-07-02T11:28:56","modified_gmt":"2025-07-02T08:28:56","slug":"wishpro-wish-care-rahustav-ja-noorendav","status":"publish","type":"product","link":"https:\/\/kosmeetika24.com\/en\/product\/wishpro-wish-care-rahustav-ja-noorendav\/","title":{"rendered":"WISHPRO Wish Care \u2013 soothing and rejuvenating"},"content":{"rendered":"<p style=\"text-align: center;\"><span style=\"color: #ff6600;\"><strong>Wish Care<\/strong><\/span> capsule is based on two ingredients: <strong>neurofilin\u2122 and\u00a0<\/strong><strong>Abbisyne\u00ae657 - exopolysaccharide<\/strong>, which is obtained<\/p>\n<p style=\"text-align: center;\"><strong>From an extremophile that lives in deep-sea hydrothermal vents.<\/strong><\/p>\n<p style=\"text-align: center;\">It reduces\u00a0<strong>irritation of sensitive skin,<\/strong>increases\u00a0<strong>resistance to mechanical factors and sunlight,<\/strong>protects the skin\u00a0<strong>from damage, and reduces skin aging caused by UV radiation.\"<\/strong>.<\/p>\n<p style=\"text-align: center;\">Additionally,\u00a0<strong>calendula oil has<\/strong>\u00a0<strong>anti-inflammatory and antiseptic properties.<\/strong><\/p>\n<p style=\"text-align: center;\"><strong>Purpose:<\/strong>: All skin types, sensitive, erythema, hyperreactivity, inflammation.<\/p>\n<p style=\"text-align: center;\"><span style=\"color: #ff6600;\"><strong>Wish Care<\/strong><\/span>\u00a0the capsule is intended for use with red or blue\u00a0<strong>with the WishPro Plus+<\/strong> technological head.<\/p>\n<p style=\"text-align: center;\"><span style=\"color: #ff6600;\"><strong>APC age process control line<\/strong><\/span><\/p>\n<p style=\"text-align: center;\" class=\"translation-block\">The new <strong>APC capsule series<\/strong> is designed to control and stop the skin aging process caused by mechanical factors, lifestyle, stress, and environmental pollutants. The series is targeted at individuals with <strong>damaged<\/strong>, <strong>dry, sensitive, and reddened<\/strong> skin. The ingredients in the line protect the skin from <strong>mechanical, chemical, and UV factors.<\/strong><\/p>\n<hr \/>\n<p style=\"text-align: center;\">The capsules are sterile and single-use, one capsule is intended for one treatment.<\/p>","protected":false},"excerpt":{"rendered":"<p>Significantly reduces irritation, discomfort, and provides optimal soothing effect, protects against UV damage, and helps maintain the skin's optimal defense system<\/p>\n<p>The capsule is enriched with calendula oil, which has antiseptic and healing properties.<\/p>\n<p><strong>The price applies to a package containing 10 capsules.<\/strong><\/p>","protected":false},"featured_media":3217,"comment_status":"open","ping_status":"closed","template":"","meta":{"_uag_custom_page_level_css":"","site-sidebar-layout":"default","site-content-layout":"","ast-site-content-layout":"default","site-content-style":"default","site-sidebar-style":"default","ast-global-header-display":"","ast-banner-title-visibility":"","ast-main-header-display":"","ast-hfb-above-header-display":"","ast-hfb-below-header-display":"","ast-hfb-mobile-header-display":"","site-post-title":"","ast-breadcrumbs-content":"","ast-featured-img":"","footer-sml-layout":"","ast-disable-related-posts":"","theme-transparent-header-meta":"default","adv-header-id-meta":"","stick-header-meta":"","header-above-stick-meta":"","header-main-stick-meta":"","header-below-stick-meta":"","astra-migrate-meta-layouts":"set","ast-page-background-enabled":"default","ast-page-background-meta":{"desktop":{"background-color":"var(--ast-global-color-4)","background-image":"","background-repeat":"repeat","background-position":"center center","background-size":"auto","background-attachment":"scroll","background-type":"","background-media":"","overlay-type":"","overlay-color":"","overlay-opacity":"","overlay-gradient":""},"tablet":{"background-color":"","background-image":"","background-repeat":"repeat","background-position":"center center","background-size":"auto","background-attachment":"scroll","background-type":"","background-media":"","overlay-type":"","overlay-color":"","overlay-opacity":"","overlay-gradient":""},"mobile":{"background-color":"","background-image":"","background-repeat":"repeat","background-position":"center center","background-size":"auto","background-attachment":"scroll","background-type":"","background-media":"","overlay-type":"","overlay-color":"","overlay-opacity":"","overlay-gradient":""}},"ast-content-background-meta":{"desktop":{"background-color":"var(--ast-global-color-5)","background-image":"","background-repeat":"repeat","background-position":"center center","background-size":"auto","background-attachment":"scroll","background-type":"","background-media":"","overlay-type":"","overlay-color":"","overlay-opacity":"","overlay-gradient":""},"tablet":{"background-color":"var(--ast-global-color-5)","background-image":"","background-repeat":"repeat","background-position":"center center","background-size":"auto","background-attachment":"scroll","background-type":"","background-media":"","overlay-type":"","overlay-color":"","overlay-opacity":"","overlay-gradient":""},"mobile":{"background-color":"var(--ast-global-color-5)","background-image":"","background-repeat":"repeat","background-position":"center center","background-size":"auto","background-attachment":"scroll","background-type":"","background-media":"","overlay-type":"","overlay-color":"","overlay-opacity":"","overlay-gradient":""}}},"product_brand":[],"product_cat":[96,97,80],"product_tag":[],"class_list":{"0":"post-3208","1":"product","2":"type-product","3":"status-publish","4":"has-post-thumbnail","6":"product_cat-brands","7":"product_cat-naole","8":"product_cat-wishpro","9":"desktop-align-left","10":"tablet-align-left","11":"mobile-align-left","13":"first","14":"instock","15":"taxable","16":"shipping-taxable","17":"product-type-simple","18":"add-to-wishlist-before_image"},"uagb_featured_image_src":{"full":["https:\/\/kosmeetika24.com\/wp-content\/uploads\/2024\/01\/WISH-Care-APC-scaled.jpg",2560,1887,false],"thumbnail":["https:\/\/kosmeetika24.com\/wp-content\/uploads\/2024\/01\/WISH-Care-APC-150x150.jpg",150,150,true],"medium":["https:\/\/kosmeetika24.com\/wp-content\/uploads\/2024\/01\/WISH-Care-APC-300x221.jpg",300,221,true],"medium_large":["https:\/\/kosmeetika24.com\/wp-content\/uploads\/2024\/01\/WISH-Care-APC-768x566.jpg",768,566,true],"large":["https:\/\/kosmeetika24.com\/wp-content\/uploads\/2024\/01\/WISH-Care-APC-1024x755.jpg",1024,755,true],"1536x1536":["https:\/\/kosmeetika24.com\/wp-content\/uploads\/2024\/01\/WISH-Care-APC-1536x1132.jpg",1536,1132,true],"2048x2048":["https:\/\/kosmeetika24.com\/wp-content\/uploads\/2024\/01\/WISH-Care-APC-2048x1510.jpg",2048,1510,true],"trp-custom-language-flag":["https:\/\/kosmeetika24.com\/wp-content\/uploads\/2024\/01\/WISH-Care-APC-16x12.jpg",16,12,true],"woocommerce_thumbnail":["https:\/\/kosmeetika24.com\/wp-content\/uploads\/2024\/01\/WISH-Care-APC-scaled-300x300.jpg",300,300,true],"woocommerce_single":["https:\/\/kosmeetika24.com\/wp-content\/uploads\/2024\/01\/WISH-Care-APC-scaled-500x369.jpg",500,369,true],"woocommerce_gallery_thumbnail":["https:\/\/kosmeetika24.com\/wp-content\/uploads\/2024\/01\/WISH-Care-APC-scaled-100x100.jpg",100,100,true]},"uagb_author_info":{"display_name":"admin","author_link":"https:\/\/kosmeetika24.com\/en\/author\/"},"uagb_comment_info":0,"uagb_excerpt":"V\u00e4hendab tugevalt \u00e4rritust, naha ebamugavustunnet ja annab optimaalse rahustava toime, kaitseb UV-kahjustuste eest ja aitab s\u00e4ilitada optimaalset naha kaitses\u00fcsteemi. Kapsel on rikastatud saialille\u00f5liga, millel on antiseptiline ja tervendav toime. Hind kehtib 10 kapslit sisaldava pakendi kohta.","_links":{"self":[{"href":"https:\/\/kosmeetika24.com\/en\/wp-json\/wp\/v2\/product\/3208","targetHints":{"allow":["GET"]}}],"collection":[{"href":"https:\/\/kosmeetika24.com\/en\/wp-json\/wp\/v2\/product"}],"about":[{"href":"https:\/\/kosmeetika24.com\/en\/wp-json\/wp\/v2\/types\/product"}],"replies":[{"embeddable":true,"href":"https:\/\/kosmeetika24.com\/en\/wp-json\/wp\/v2\/comments?post=3208"}],"version-history":[{"count":1,"href":"https:\/\/kosmeetika24.com\/en\/wp-json\/wp\/v2\/product\/3208\/revisions"}],"predecessor-version":[{"id":4529,"href":"https:\/\/kosmeetika24.com\/en\/wp-json\/wp\/v2\/product\/3208\/revisions\/4529"}],"wp:featuredmedia":[{"embeddable":true,"href":"https:\/\/kosmeetika24.com\/en\/wp-json\/wp\/v2\/media\/3217"}],"wp:attachment":[{"href":"https:\/\/kosmeetika24.com\/en\/wp-json\/wp\/v2\/media?parent=3208"}],"wp:term":[{"taxonomy":"product_brand","embeddable":true,"href":"https:\/\/kosmeetika24.com\/en\/wp-json\/wp\/v2\/product_brand?post=3208"},{"taxonomy":"product_cat","embeddable":true,"href":"https:\/\/kosmeetika24.com\/en\/wp-json\/wp\/v2\/product_cat?post=3208"},{"taxonomy":"product_tag","embeddable":true,"href":"https:\/\/kosmeetika24.com\/en\/wp-json\/wp\/v2\/product_tag?post=3208"}],"curies":[{"name":"wp","href":"https:\/\/api.w.org\/{rel}","templated":true}]}}