{"id":3043,"date":"2024-01-23T08:08:09","date_gmt":"2024-01-23T08:08:09","guid":{"rendered":"https:\/\/kosmeetika24.com\/?post_type=product&#038;p=3043"},"modified":"2025-12-23T12:42:06","modified_gmt":"2025-12-23T09:42:06","slug":"oxygen-ceuticals-palsam-nahale-pp-kreem-2","status":"publish","type":"product","link":"https:\/\/kosmeetika24.com\/en\/product\/oxygen-ceuticals-palsam-nahale-pp-kreem-2\/","title":{"rendered":"OXYGEN CEUTICALS balm for the skin (PP cream)"},"content":{"rendered":"<p>Post-procedure cream <em>PP cream<\/em> Helps to enhance the skin's protective barrier, elasticity, and improves skin renewal<br \/>\nmakes the skin tone radiant. Soothes irritation, hydrates, reduces inflammation, and protects the skin. The cream is enriched with epidermal growth factors (EGF) and contains 53 amino acids. These ingredients activate skin regeneration.<\/p>\n<p>Use daily after salon treatments. Perfect for use after aesthetic procedures.<\/p>\n<p>Suitable for all skin types, especially for sensitive, damaged, and dry skin.<\/p>\n<p><strong>ACTIVE INGREDIENTS<\/strong><\/p>\n<ul>\n<li>Adenosine<\/li>\n<li>Apricot kernel oil<\/li>\n<li>Macadamia seed oil<\/li>\n<li>Arbutin<\/li>\n<li>Sodium hyaluronate<\/li>\n<li>SH-Oligopeptide-1<\/li>\n<li>Vitamin E acetate<\/li>\n<li>Oxygen<\/li>\n<\/ul>\n<p><strong>Effect<\/strong><\/p>\n<ul>\n<li>Adenosine revitalizes tired skin and enhances elasticity.<\/li>\n<li>Apricot kernel oil reduces itching, soothes, nourishes, and brightens the skin.<\/li>\n<li>Macadamia seed oil protects against dehydration by strengthening the skin's barrier function and refreshes the skin.<\/li>\n<li>Arbutin regulates melanin pigment and brightens the skin tone.<\/li>\n<li>Sodium hyaluronate is a water-binding ingredient that has the ability to fill the spaces between collagen and elastin fibers.<\/li>\n<li>SH-Oligopeptide-1 enhances skin elasticity and restores the skin's barrier function in damaged skin.<\/li>\n<li>Vitamin E acetate restores the skin's texture and brightens the skin.<\/li>\n<li>Oxygen combats visible signs of aging caused by poor oxygen flow from the subcutaneous capillaries to the surface layers of the skin. It directly stimulates collagen and elastin synthesis in the skin and has anti-inflammatory effects.<\/li>\n<\/ul>\n<p><strong>Usage<\/strong><\/p>\n<ul>\n<li>Apply the skin balm with gentle massaging movements to the previously cleansed and toned face and neck.<\/li>\n<li>For best results, first use the product. <a href=\"https:\/\/kosmeetika24.eu\/toode\/oxygen-ceuticals-toning-gel-2\/\">OXYGEN CEUTICALS toning gel 50ml<\/a>, then the product <a href=\"https:\/\/kosmeetika24.eu\/toode\/oxygen-ceuticals-couperosa-fluid\/\">OXYGEN CEUTICALS serum for sensitive and damaged skin<\/a>. Continue with the product <a href=\"https:\/\/kosmeetika24.eu\/toode\/oxygen-ceuticals-moisture-aqua-serum\/\">OXYGEN CEUTICALS moisturizing serum<\/a> finally, apply the skin balm to the face.<\/li>\n<li>Additionally, the skin balm can be used as often as needed and together with the product <a href=\"https:\/\/kosmeetika24.eu\/toode\/oxygen-ceuticals-anti-oxidant-cream\/\">OXYGEN CEUTICALS Antioxidant Anti-Aging Cream<\/a>\u00a0or\u00a0<a href=\"https:\/\/kosmeetika24.eu\/toode\/oxygen-ceuticals-hydrating-cream\/\">OXYGEN CEUTICALS Moisturizing Cream<\/a>.<\/li>\n<\/ul>\n<p><strong>Ingredients<\/strong><\/p>\n<p><span style=\"font-size: 14px;\">WATER, CAPRYLIC\/CAPRIC TRIGLYCERIDE, GLYCERIN, CETEARYL ALCOHOL, MACADAMIA TERNIFOLIA SEED OIL, CETYL ETHYLHEXANOATE, DIPROPYLENE GLYCOL, ROSA CENTIFOLIA FLOWER WATER, NIACINAMIDE, CETEARYL OLIVATE, 1,2-HEXANEDIOL, BEESWAX, GLYCERYL STEARATE, DIMETHICONE, SORBITAN OLIVATE, OXYGEN, PALMITOYL TRIPEPTIDE-5, ADENOSINE, SODIUM HYALURONATE, ALLATOIN, CAMELIA SINENSIS LEAF EXTRACT, PULSATILLA KOREANA EXTRACT, ZANTHOXYLUM PIPERITUM FRUIT EXTRACT, TOCOPHERYL ACETATE, USNEA BARBATA (LICHEN) EXTRACT, ORYZA SATIVA (RICE) EXTRACT, SOLANUM LYCOPERSICUM (TOMATO) FRUIT\/LEAF\/STEM EXTRACT, ALPINUM GRAVEOLENS (CELERY) EXTRACT, DAUCUS CAROTA SATIVA (CARROT) ROOT EXTRACT, BRASSICA OLERACEA CAPITATA (CABBAGE)LEAF EXTRACT, BRASSICA RAPA (TURNIP) LEAF EXTRACT, BUTYLENE GLYCOL, CARTHAMUS TINCTORIUS (SAFFLOWER) SEED OIL, PRUNUS ARMENIACA (APRICOT) KERNEL OIL, SODIUM POLYACRYLATE, TRIDECETH-6, CETEARYL GLUCOSIDE, ETHYLHEXYL STEARATE, CHLORPHENESIN, ETHYLHEXYLGLYCERIN, DISODIUM EDTA, PARFUM.<\/span><\/p>","protected":false},"excerpt":{"rendered":"<p>A perfect moisturizer for improving post-treatment condition or nourishing dry skin. It helps to increase the skin's protective barrier, elasticity, enhances skin renewal, and provides a radiant complexion.<\/p>\n<p>&nbsp;<\/p>\n<p>50 ml<\/p>","protected":false},"featured_media":3044,"comment_status":"open","ping_status":"closed","template":"","meta":{"_uag_custom_page_level_css":"","site-sidebar-layout":"default","site-content-layout":"","ast-site-content-layout":"default","site-content-style":"default","site-sidebar-style":"default","ast-global-header-display":"","ast-banner-title-visibility":"","ast-main-header-display":"","ast-hfb-above-header-display":"","ast-hfb-below-header-display":"","ast-hfb-mobile-header-display":"","site-post-title":"","ast-breadcrumbs-content":"","ast-featured-img":"","footer-sml-layout":"","ast-disable-related-posts":"","theme-transparent-header-meta":"default","adv-header-id-meta":"","stick-header-meta":"","header-above-stick-meta":"","header-main-stick-meta":"","header-below-stick-meta":"","astra-migrate-meta-layouts":"set","ast-page-background-enabled":"default","ast-page-background-meta":{"desktop":{"background-color":"var(--ast-global-color-4)","background-image":"","background-repeat":"repeat","background-position":"center center","background-size":"auto","background-attachment":"scroll","background-type":"","background-media":"","overlay-type":"","overlay-color":"","overlay-opacity":"","overlay-gradient":""},"tablet":{"background-color":"","background-image":"","background-repeat":"repeat","background-position":"center center","background-size":"auto","background-attachment":"scroll","background-type":"","background-media":"","overlay-type":"","overlay-color":"","overlay-opacity":"","overlay-gradient":""},"mobile":{"background-color":"","background-image":"","background-repeat":"repeat","background-position":"center center","background-size":"auto","background-attachment":"scroll","background-type":"","background-media":"","overlay-type":"","overlay-color":"","overlay-opacity":"","overlay-gradient":""}},"ast-content-background-meta":{"desktop":{"background-color":"var(--ast-global-color-5)","background-image":"","background-repeat":"repeat","background-position":"center center","background-size":"auto","background-attachment":"scroll","background-type":"","background-media":"","overlay-type":"","overlay-color":"","overlay-opacity":"","overlay-gradient":""},"tablet":{"background-color":"var(--ast-global-color-5)","background-image":"","background-repeat":"repeat","background-position":"center center","background-size":"auto","background-attachment":"scroll","background-type":"","background-media":"","overlay-type":"","overlay-color":"","overlay-opacity":"","overlay-gradient":""},"mobile":{"background-color":"var(--ast-global-color-5)","background-image":"","background-repeat":"repeat","background-position":"center center","background-size":"auto","background-attachment":"scroll","background-type":"","background-media":"","overlay-type":"","overlay-color":"","overlay-opacity":"","overlay-gradient":""}}},"product_brand":[],"product_cat":[96,97,74],"product_tag":[],"class_list":{"0":"post-3043","1":"product","2":"type-product","3":"status-publish","4":"has-post-thumbnail","6":"product_cat-brands","7":"product_cat-naole","8":"product_cat-oxygen-ceuticals","9":"desktop-align-left","10":"tablet-align-left","11":"mobile-align-left","13":"first","14":"instock","15":"taxable","16":"shipping-taxable","17":"product-type-simple","18":"add-to-wishlist-before_image"},"uagb_featured_image_src":{"full":["https:\/\/kosmeetika24.com\/wp-content\/uploads\/2024\/01\/pp-kreem.jpg",600,600,false],"thumbnail":["https:\/\/kosmeetika24.com\/wp-content\/uploads\/2024\/01\/pp-kreem-150x150.jpg",150,150,true],"medium":["https:\/\/kosmeetika24.com\/wp-content\/uploads\/2024\/01\/pp-kreem-300x300.jpg",300,300,true],"medium_large":["https:\/\/kosmeetika24.com\/wp-content\/uploads\/2024\/01\/pp-kreem.jpg",600,600,false],"large":["https:\/\/kosmeetika24.com\/wp-content\/uploads\/2024\/01\/pp-kreem.jpg",600,600,false],"1536x1536":["https:\/\/kosmeetika24.com\/wp-content\/uploads\/2024\/01\/pp-kreem.jpg",600,600,false],"2048x2048":["https:\/\/kosmeetika24.com\/wp-content\/uploads\/2024\/01\/pp-kreem.jpg",600,600,false],"trp-custom-language-flag":["https:\/\/kosmeetika24.com\/wp-content\/uploads\/2024\/01\/pp-kreem-12x12.jpg",12,12,true],"woocommerce_thumbnail":["https:\/\/kosmeetika24.com\/wp-content\/uploads\/2024\/01\/pp-kreem-300x300.jpg",300,300,true],"woocommerce_single":["https:\/\/kosmeetika24.com\/wp-content\/uploads\/2024\/01\/pp-kreem-500x500.jpg",500,500,true],"woocommerce_gallery_thumbnail":["https:\/\/kosmeetika24.com\/wp-content\/uploads\/2024\/01\/pp-kreem-100x100.jpg",100,100,true]},"uagb_author_info":{"display_name":"admin","author_link":"https:\/\/kosmeetika24.com\/en\/author\/"},"uagb_comment_info":0,"uagb_excerpt":"T\u00e4iuslik niisutaja protseduurij\u00e4rgse seisundi parandamiseks v\u00f5i kuiva naha toitmiseks. Aitab suurendada naha kaitsebarj\u00e4\u00e4ri, elastsust, parandab naha uuendamist ja annab s\u00e4rava jume. &nbsp; 50 ml","_links":{"self":[{"href":"https:\/\/kosmeetika24.com\/en\/wp-json\/wp\/v2\/product\/3043","targetHints":{"allow":["GET"]}}],"collection":[{"href":"https:\/\/kosmeetika24.com\/en\/wp-json\/wp\/v2\/product"}],"about":[{"href":"https:\/\/kosmeetika24.com\/en\/wp-json\/wp\/v2\/types\/product"}],"replies":[{"embeddable":true,"href":"https:\/\/kosmeetika24.com\/en\/wp-json\/wp\/v2\/comments?post=3043"}],"version-history":[{"count":1,"href":"https:\/\/kosmeetika24.com\/en\/wp-json\/wp\/v2\/product\/3043\/revisions"}],"predecessor-version":[{"id":4545,"href":"https:\/\/kosmeetika24.com\/en\/wp-json\/wp\/v2\/product\/3043\/revisions\/4545"}],"wp:featuredmedia":[{"embeddable":true,"href":"https:\/\/kosmeetika24.com\/en\/wp-json\/wp\/v2\/media\/3044"}],"wp:attachment":[{"href":"https:\/\/kosmeetika24.com\/en\/wp-json\/wp\/v2\/media?parent=3043"}],"wp:term":[{"taxonomy":"product_brand","embeddable":true,"href":"https:\/\/kosmeetika24.com\/en\/wp-json\/wp\/v2\/product_brand?post=3043"},{"taxonomy":"product_cat","embeddable":true,"href":"https:\/\/kosmeetika24.com\/en\/wp-json\/wp\/v2\/product_cat?post=3043"},{"taxonomy":"product_tag","embeddable":true,"href":"https:\/\/kosmeetika24.com\/en\/wp-json\/wp\/v2\/product_tag?post=3043"}],"curies":[{"name":"wp","href":"https:\/\/api.w.org\/{rel}","templated":true}]}}