{"id":2727,"date":"2024-05-29T08:55:11","date_gmt":"2024-05-29T08:55:11","guid":{"rendered":"https:\/\/kosmeetika24.com\/?post_type=product&#038;p=2727"},"modified":"2025-07-02T11:08:43","modified_gmt":"2025-07-02T08:08:43","slug":"reveel-noorendav-silmaseerum","status":"publish","type":"product","link":"https:\/\/kosmeetika24.com\/en\/product\/reveel-noorendav-silmaseerum\/","title":{"rendered":"Reveel rejuvenating eye serum"},"content":{"rendered":"<p>The eyes are the mirror of our soul and fatigue, reflecting how well we've slept and how happy we are. The skin around the eyes is actually one of the first areas to show signs of aging: fine lines, expression wrinkles, dryness, loss of elasticity, or puffiness under the eyes. This area is definitely influenced by lifestyle, genetics, but also by the environment and <strong>the right skincare<\/strong>.<\/p>\n<p><span class=\"Y2IQFc\" lang=\"et\">Rejuvenating eye contour serum <strong>Resveratrol Concentrate Eye<\/strong> protects the skin around the eyes from premature aging and strengthens the skin's antioxidant processes. <\/span><\/p>\n<p>Already after the first 8 weeks of use, wrinkles become less noticeable, the skin is smoother, looking younger and more elastic. Signs of fatigue around the eyes are reduced by 44%.<\/p>\n<p><span lang=\"et-EE\">For maximum effectiveness, it is<\/span><strong><span lang=\"et-EE\">\u00a0<\/span><\/strong><span lang=\"et-EE\">serums is best used during your evening skincare routine.<\/span><\/p>\n<p>Suitable for all skin types, including dry, sensitive, and irritated skin.<\/p>\n<p>NB! Do not use in case of hypersensitivity to Resveratrol.<\/p>\n<h4><strong>Effect<\/strong><\/h4>\n<p><span class=\"Y2IQFc\" lang=\"et\">Resveratrol protects collagen production, neutralizes free radicals, and prevents skin irritation. <\/span><span class=\"Y2IQFc\" lang=\"et\">The skin around the eyes tightens, redness decreases, and its antioxidant protective ability is strengthened.<\/span><\/p>\n<p><span class=\"Y2IQFc\" lang=\"et\"> Anti-aging matrices stimulate collagen production to smooth fine lines and wrinkles and prevent premature aging. <\/span><\/p>\n<p><span class=\"Y2IQFc\" lang=\"et\">Shea butter and hyaluronic acid provide additional moisture to the sensitive area and gently stimulate lipid production.<\/span><\/p>\n<p>The eye-tightening cream protects the skin around the eyes from premature aging and strengthens the skin's antioxidant processes.<\/p>\n<p><strong>Usage<\/strong><\/p>\n<p><span class=\"Y2IQFc\" lang=\"et\">Apply one pump of serum to the eye contour in the evening after cleansing the skin. <\/span><\/p>\n<p><span class=\"Y2IQFc\" lang=\"et\">Gently tap with your fingertips until the serum is absorbed into the skin. <\/span><\/p>\n<p><span class=\"Y2IQFc\" lang=\"et\">If the skin needs additional moisture, apply an appropriate cream.<\/span><\/p>\n<p><strong>Ingredients<\/strong><\/p>\n<p>Aqua (Water), Caprylic\/Capric Triglyceride, Dimethyl Isosorbide, 1,5-Pentanediol, Butyrospermum Parkii (Shea) Butter, Resveratrol, Glycerin, Hydroxyethyl Acrylate\/Sodium Acryloyldimethyl Taurate Copolymer, Panthenol, Sodium Hyaluronate, Palmitoyl Tripeptide-38, Hydroxypropyl Cyclodextrin, Citric Acid, Polysorbate 60, Caprylyl Glycol, Sorbitan Isostearate, Propanediol, Caprylhydroxamic Acid.<\/p>","protected":false},"excerpt":{"rendered":"<p>Anti-aging serum for the delicate skin around the eyes with a rejuvenating effect<span style=\"font-size: 16px;\">\u00a0- anti-aging serum for the delicate skin around the eyes with a rejuvenating effect.<\/span><\/p>\n<p><span style=\"font-size: 16px;\">\u00a0100% silicone-free, aluminum-free, alcohol-free, cruelty-free, and microplastic-free.<\/span><\/p>\n<p>15 ml<\/p>","protected":false},"featured_media":2728,"comment_status":"closed","ping_status":"closed","template":"","meta":{"_uag_custom_page_level_css":"","site-sidebar-layout":"default","site-content-layout":"","ast-site-content-layout":"default","site-content-style":"default","site-sidebar-style":"default","ast-global-header-display":"","ast-banner-title-visibility":"","ast-main-header-display":"","ast-hfb-above-header-display":"","ast-hfb-below-header-display":"","ast-hfb-mobile-header-display":"","site-post-title":"","ast-breadcrumbs-content":"","ast-featured-img":"","footer-sml-layout":"","ast-disable-related-posts":"","theme-transparent-header-meta":"default","adv-header-id-meta":"","stick-header-meta":"","header-above-stick-meta":"","header-main-stick-meta":"","header-below-stick-meta":"","astra-migrate-meta-layouts":"set","ast-page-background-enabled":"default","ast-page-background-meta":{"desktop":{"background-color":"var(--ast-global-color-4)","background-image":"","background-repeat":"repeat","background-position":"center center","background-size":"auto","background-attachment":"scroll","background-type":"","background-media":"","overlay-type":"","overlay-color":"","overlay-opacity":"","overlay-gradient":""},"tablet":{"background-color":"","background-image":"","background-repeat":"repeat","background-position":"center center","background-size":"auto","background-attachment":"scroll","background-type":"","background-media":"","overlay-type":"","overlay-color":"","overlay-opacity":"","overlay-gradient":""},"mobile":{"background-color":"","background-image":"","background-repeat":"repeat","background-position":"center center","background-size":"auto","background-attachment":"scroll","background-type":"","background-media":"","overlay-type":"","overlay-color":"","overlay-opacity":"","overlay-gradient":""}},"ast-content-background-meta":{"desktop":{"background-color":"var(--ast-global-color-5)","background-image":"","background-repeat":"repeat","background-position":"center center","background-size":"auto","background-attachment":"scroll","background-type":"","background-media":"","overlay-type":"","overlay-color":"","overlay-opacity":"","overlay-gradient":""},"tablet":{"background-color":"var(--ast-global-color-5)","background-image":"","background-repeat":"repeat","background-position":"center center","background-size":"auto","background-attachment":"scroll","background-type":"","background-media":"","overlay-type":"","overlay-color":"","overlay-opacity":"","overlay-gradient":""},"mobile":{"background-color":"var(--ast-global-color-5)","background-image":"","background-repeat":"repeat","background-position":"center center","background-size":"auto","background-attachment":"scroll","background-type":"","background-media":"","overlay-type":"","overlay-color":"","overlay-opacity":"","overlay-gradient":""}}},"product_brand":[],"product_cat":[96,97,95],"product_tag":[],"class_list":{"0":"post-2727","1":"product","2":"type-product","3":"status-publish","4":"has-post-thumbnail","6":"product_cat-brands","7":"product_cat-naole","8":"product_cat-reveel","9":"desktop-align-left","10":"tablet-align-left","11":"mobile-align-left","13":"first","14":"instock","15":"taxable","16":"shipping-taxable","17":"product-type-simple","18":"add-to-wishlist-before_image"},"uagb_featured_image_src":{"full":["https:\/\/kosmeetika24.com\/wp-content\/uploads\/2024\/01\/RESVERATROL-CONCENTRATE-EYE-15neu-min_09d67f5b-758d-4ea4-b118-a4ea5da66c67_799x.png-600x601-1.webp",600,601,false],"thumbnail":["https:\/\/kosmeetika24.com\/wp-content\/uploads\/2024\/01\/RESVERATROL-CONCENTRATE-EYE-15neu-min_09d67f5b-758d-4ea4-b118-a4ea5da66c67_799x.png-600x601-1-150x150.webp",150,150,true],"medium":["https:\/\/kosmeetika24.com\/wp-content\/uploads\/2024\/01\/RESVERATROL-CONCENTRATE-EYE-15neu-min_09d67f5b-758d-4ea4-b118-a4ea5da66c67_799x.png-600x601-1-300x300.webp",300,300,true],"medium_large":["https:\/\/kosmeetika24.com\/wp-content\/uploads\/2024\/01\/RESVERATROL-CONCENTRATE-EYE-15neu-min_09d67f5b-758d-4ea4-b118-a4ea5da66c67_799x.png-600x601-1.webp",600,601,false],"large":["https:\/\/kosmeetika24.com\/wp-content\/uploads\/2024\/01\/RESVERATROL-CONCENTRATE-EYE-15neu-min_09d67f5b-758d-4ea4-b118-a4ea5da66c67_799x.png-600x601-1.webp",600,601,false],"1536x1536":["https:\/\/kosmeetika24.com\/wp-content\/uploads\/2024\/01\/RESVERATROL-CONCENTRATE-EYE-15neu-min_09d67f5b-758d-4ea4-b118-a4ea5da66c67_799x.png-600x601-1.webp",600,601,false],"2048x2048":["https:\/\/kosmeetika24.com\/wp-content\/uploads\/2024\/01\/RESVERATROL-CONCENTRATE-EYE-15neu-min_09d67f5b-758d-4ea4-b118-a4ea5da66c67_799x.png-600x601-1.webp",600,601,false],"trp-custom-language-flag":["https:\/\/kosmeetika24.com\/wp-content\/uploads\/2024\/01\/RESVERATROL-CONCENTRATE-EYE-15neu-min_09d67f5b-758d-4ea4-b118-a4ea5da66c67_799x.png-600x601-1-12x12.webp",12,12,true],"woocommerce_thumbnail":["https:\/\/kosmeetika24.com\/wp-content\/uploads\/2024\/01\/RESVERATROL-CONCENTRATE-EYE-15neu-min_09d67f5b-758d-4ea4-b118-a4ea5da66c67_799x.png-600x601-1-300x300.webp",300,300,true],"woocommerce_single":["https:\/\/kosmeetika24.com\/wp-content\/uploads\/2024\/01\/RESVERATROL-CONCENTRATE-EYE-15neu-min_09d67f5b-758d-4ea4-b118-a4ea5da66c67_799x.png-600x601-1-500x501.webp",500,501,true],"woocommerce_gallery_thumbnail":["https:\/\/kosmeetika24.com\/wp-content\/uploads\/2024\/01\/RESVERATROL-CONCENTRATE-EYE-15neu-min_09d67f5b-758d-4ea4-b118-a4ea5da66c67_799x.png-600x601-1-100x100.webp",100,100,true]},"uagb_author_info":{"display_name":"admin","author_link":"https:\/\/kosmeetika24.com\/en\/author\/"},"uagb_comment_info":0,"uagb_excerpt":"Vananemisvastane seerum \u00f5rnale silma\u00fcmbruse nahale noorendava efektiga\u00a0- h\u00fcaluroonhappe ja sheav\u00f5iga v\u00e4hendab peeneid joonekesi ja kortse\u00a0 - naistele ja meestele. \u00a0100% silikoonivaba, alumiiniumivaba, alkoholivaba, julmusevaba ja mikroplastivaba. 15 ml","_links":{"self":[{"href":"https:\/\/kosmeetika24.com\/en\/wp-json\/wp\/v2\/product\/2727","targetHints":{"allow":["GET"]}}],"collection":[{"href":"https:\/\/kosmeetika24.com\/en\/wp-json\/wp\/v2\/product"}],"about":[{"href":"https:\/\/kosmeetika24.com\/en\/wp-json\/wp\/v2\/types\/product"}],"replies":[{"embeddable":true,"href":"https:\/\/kosmeetika24.com\/en\/wp-json\/wp\/v2\/comments?post=2727"}],"version-history":[{"count":3,"href":"https:\/\/kosmeetika24.com\/en\/wp-json\/wp\/v2\/product\/2727\/revisions"}],"predecessor-version":[{"id":5315,"href":"https:\/\/kosmeetika24.com\/en\/wp-json\/wp\/v2\/product\/2727\/revisions\/5315"}],"wp:featuredmedia":[{"embeddable":true,"href":"https:\/\/kosmeetika24.com\/en\/wp-json\/wp\/v2\/media\/2728"}],"wp:attachment":[{"href":"https:\/\/kosmeetika24.com\/en\/wp-json\/wp\/v2\/media?parent=2727"}],"wp:term":[{"taxonomy":"product_brand","embeddable":true,"href":"https:\/\/kosmeetika24.com\/en\/wp-json\/wp\/v2\/product_brand?post=2727"},{"taxonomy":"product_cat","embeddable":true,"href":"https:\/\/kosmeetika24.com\/en\/wp-json\/wp\/v2\/product_cat?post=2727"},{"taxonomy":"product_tag","embeddable":true,"href":"https:\/\/kosmeetika24.com\/en\/wp-json\/wp\/v2\/product_tag?post=2727"}],"curies":[{"name":"wp","href":"https:\/\/api.w.org\/{rel}","templated":true}]}}