{"id":2601,"date":"2024-05-30T13:45:45","date_gmt":"2024-05-30T13:45:45","guid":{"rendered":"https:\/\/kosmeetika24.com\/?post_type=product&#038;p=2601"},"modified":"2025-07-02T10:59:23","modified_gmt":"2025-07-02T07:59:23","slug":"reveel-kollageeniga-silmamask-5-tk","status":"publish","type":"product","link":"https:\/\/kosmeetika24.com\/en\/product\/reveel-kollageeniga-silmamask-5-tk\/","title":{"rendered":"Reveel collagen eye mask, 5 pcs"},"content":{"rendered":"<p>The skin around the eyes is thin and delicate. This area can become dehydrated and irritated with age, leading to dryness, lines, or wrinkles.<\/p>\n<p>Collagen eye patches boost collagen synthesis.<span class=\"Y2IQFc\" lang=\"et\">anti-aging eye mask smooths and soothes the delicate skin around the eyes. Skin elasticity improves by 37% and hydration by 46%.<\/span><\/p>\n<p>Plaastrid ei sisalda alkoholi, on soovitatavad k\u00f5ikidele nahat\u00fc\u00fcpidele, sh tundlikule, kuivusele ja \u00e4rritusele kalduvale nahale \u2013 niisutavad seda kiiresti ja leevandavad ebamugavustunnet.<\/p>\n<p>It can be used as a quick treatment when immediate results are needed, such as for weddings or events.<\/p>\n<p><strong>Effect<\/strong><\/p>\n<p><span class=\"Y2IQFc\" lang=\"et\">The ultra-high concentration of natural collagen fibers and hyaluronic acid creates a moisture network that deeply hydrates the skin around the eyes and replenishes its moisture reserves sustainably.<\/span><\/p>\n<p><span class=\"Y2IQFc\" lang=\"et\">Collagen peptides simultaneously stimulate the skin\u2019s own collagen production. The feeling of tightness disappears, the skin calms, fine lines are smoothed, and wrinkles are reduced. For a silky feel and radiant appearance!<\/span><\/p>\n<p><strong>Usage\u00a0<\/strong><\/p>\n<p><span class=\"Y2IQFc\" lang=\"et\">To release the activation liquid, press firmly on the liquid chamber with both thumbs. <\/span><\/p>\n<p><span class=\"Y2IQFc\" lang=\"et\">Remove the foil only when the liquid has been fully absorbed into the masks. <\/span><\/p>\n<p><span class=\"Y2IQFc\" lang=\"et\">Apply the masks to cleansed skin and leave on for 15 minutes.\u00a0<\/span><\/p>\n<p><span class=\"Y2IQFc\" lang=\"et\">Use as needed. For more lasting results, use regularly 2-3 times a week.\u00a0<\/span><\/p>\n<p><strong>Ingredients<\/strong><\/p>\n<p>Collagen, Rayon, Paraffin, Hydrogenated Rosin, Hydrogenated Polyisobutene, PPG-15 Stearyl, Ether, PEG-40 Sorbitan Peroleate, BHT | Activation Liquid: Aqua (Water), Butylene Glycol, Glycerin, 1,5-Pentanediol, Leuconostoc \/ Radish Root Ferment Filtrate, Sodium Hyaluronate<\/p>","protected":false},"excerpt":{"rendered":"<p>The collagen mask for the eye area instantly eliminates the first signs of aging and traces of fatigue, nourishes with moisture, revitalizes, and gives radiance.<\/p>\n<p>Can be used by both women and men.<\/p>\n<p>The under-eye patches are 100% free from silicone, aluminum, alcohol, and microplastics.<\/p>\n<p>The package contains 5\u00d72 masks, for single use.<\/p>","protected":false},"featured_media":2602,"comment_status":"closed","ping_status":"closed","template":"","meta":{"_uag_custom_page_level_css":"","site-sidebar-layout":"default","site-content-layout":"","ast-site-content-layout":"default","site-content-style":"default","site-sidebar-style":"default","ast-global-header-display":"","ast-banner-title-visibility":"","ast-main-header-display":"","ast-hfb-above-header-display":"","ast-hfb-below-header-display":"","ast-hfb-mobile-header-display":"","site-post-title":"","ast-breadcrumbs-content":"","ast-featured-img":"","footer-sml-layout":"","ast-disable-related-posts":"","theme-transparent-header-meta":"default","adv-header-id-meta":"","stick-header-meta":"","header-above-stick-meta":"","header-main-stick-meta":"","header-below-stick-meta":"","astra-migrate-meta-layouts":"set","ast-page-background-enabled":"default","ast-page-background-meta":{"desktop":{"background-color":"var(--ast-global-color-4)","background-image":"","background-repeat":"repeat","background-position":"center center","background-size":"auto","background-attachment":"scroll","background-type":"","background-media":"","overlay-type":"","overlay-color":"","overlay-opacity":"","overlay-gradient":""},"tablet":{"background-color":"","background-image":"","background-repeat":"repeat","background-position":"center center","background-size":"auto","background-attachment":"scroll","background-type":"","background-media":"","overlay-type":"","overlay-color":"","overlay-opacity":"","overlay-gradient":""},"mobile":{"background-color":"","background-image":"","background-repeat":"repeat","background-position":"center center","background-size":"auto","background-attachment":"scroll","background-type":"","background-media":"","overlay-type":"","overlay-color":"","overlay-opacity":"","overlay-gradient":""}},"ast-content-background-meta":{"desktop":{"background-color":"var(--ast-global-color-5)","background-image":"","background-repeat":"repeat","background-position":"center center","background-size":"auto","background-attachment":"scroll","background-type":"","background-media":"","overlay-type":"","overlay-color":"","overlay-opacity":"","overlay-gradient":""},"tablet":{"background-color":"var(--ast-global-color-5)","background-image":"","background-repeat":"repeat","background-position":"center center","background-size":"auto","background-attachment":"scroll","background-type":"","background-media":"","overlay-type":"","overlay-color":"","overlay-opacity":"","overlay-gradient":""},"mobile":{"background-color":"var(--ast-global-color-5)","background-image":"","background-repeat":"repeat","background-position":"center center","background-size":"auto","background-attachment":"scroll","background-type":"","background-media":"","overlay-type":"","overlay-color":"","overlay-opacity":"","overlay-gradient":""}}},"product_brand":[],"product_cat":[96,97,95],"product_tag":[],"class_list":{"0":"post-2601","1":"product","2":"type-product","3":"status-publish","4":"has-post-thumbnail","6":"product_cat-brands","7":"product_cat-naole","8":"product_cat-reveel","9":"desktop-align-left","10":"tablet-align-left","11":"mobile-align-left","13":"first","14":"instock","15":"taxable","16":"shipping-taxable","17":"product-type-simple","18":"add-to-wishlist-before_image"},"uagb_featured_image_src":{"full":["https:\/\/kosmeetika24.com\/wp-content\/uploads\/2024\/01\/reveel_CollagenEyeMask5_PackshotComplete_Transparent_800x800_7a0eef43-9789-48a8-8011-c67fc9bf41c5_800x.webp-600x600-1.png",600,600,false],"thumbnail":["https:\/\/kosmeetika24.com\/wp-content\/uploads\/2024\/01\/reveel_CollagenEyeMask5_PackshotComplete_Transparent_800x800_7a0eef43-9789-48a8-8011-c67fc9bf41c5_800x.webp-600x600-1-150x150.png",150,150,true],"medium":["https:\/\/kosmeetika24.com\/wp-content\/uploads\/2024\/01\/reveel_CollagenEyeMask5_PackshotComplete_Transparent_800x800_7a0eef43-9789-48a8-8011-c67fc9bf41c5_800x.webp-600x600-1-300x300.png",300,300,true],"medium_large":["https:\/\/kosmeetika24.com\/wp-content\/uploads\/2024\/01\/reveel_CollagenEyeMask5_PackshotComplete_Transparent_800x800_7a0eef43-9789-48a8-8011-c67fc9bf41c5_800x.webp-600x600-1.png",600,600,false],"large":["https:\/\/kosmeetika24.com\/wp-content\/uploads\/2024\/01\/reveel_CollagenEyeMask5_PackshotComplete_Transparent_800x800_7a0eef43-9789-48a8-8011-c67fc9bf41c5_800x.webp-600x600-1.png",600,600,false],"1536x1536":["https:\/\/kosmeetika24.com\/wp-content\/uploads\/2024\/01\/reveel_CollagenEyeMask5_PackshotComplete_Transparent_800x800_7a0eef43-9789-48a8-8011-c67fc9bf41c5_800x.webp-600x600-1.png",600,600,false],"2048x2048":["https:\/\/kosmeetika24.com\/wp-content\/uploads\/2024\/01\/reveel_CollagenEyeMask5_PackshotComplete_Transparent_800x800_7a0eef43-9789-48a8-8011-c67fc9bf41c5_800x.webp-600x600-1.png",600,600,false],"trp-custom-language-flag":["https:\/\/kosmeetika24.com\/wp-content\/uploads\/2024\/01\/reveel_CollagenEyeMask5_PackshotComplete_Transparent_800x800_7a0eef43-9789-48a8-8011-c67fc9bf41c5_800x.webp-600x600-1-12x12.png",12,12,true],"woocommerce_thumbnail":["https:\/\/kosmeetika24.com\/wp-content\/uploads\/2024\/01\/reveel_CollagenEyeMask5_PackshotComplete_Transparent_800x800_7a0eef43-9789-48a8-8011-c67fc9bf41c5_800x.webp-600x600-1-300x300.png",300,300,true],"woocommerce_single":["https:\/\/kosmeetika24.com\/wp-content\/uploads\/2024\/01\/reveel_CollagenEyeMask5_PackshotComplete_Transparent_800x800_7a0eef43-9789-48a8-8011-c67fc9bf41c5_800x.webp-600x600-1-500x500.png",500,500,true],"woocommerce_gallery_thumbnail":["https:\/\/kosmeetika24.com\/wp-content\/uploads\/2024\/01\/reveel_CollagenEyeMask5_PackshotComplete_Transparent_800x800_7a0eef43-9789-48a8-8011-c67fc9bf41c5_800x.webp-600x600-1-100x100.png",100,100,true]},"uagb_author_info":{"display_name":"admin","author_link":"https:\/\/kosmeetika24.com\/en\/author\/"},"uagb_comment_info":0,"uagb_excerpt":"Kollageenmask silma\u00fcmbrusele k\u00f5rvaldab koheselt esimesed vananemism\u00e4rgid ja v\u00e4simuse j\u00e4ljed, toidab niiskusega, elustab ja annab s\u00e4ra. Saab kasutada nii naistel kui meestel. Silmaalused plaastrid on 100% silikoonivabad, alumiiniumivabad, alkoholivabad ja mikroplastivabad. Pakendis 5x2 maski, \u00fchekordseks kasutamiseks.","_links":{"self":[{"href":"https:\/\/kosmeetika24.com\/en\/wp-json\/wp\/v2\/product\/2601","targetHints":{"allow":["GET"]}}],"collection":[{"href":"https:\/\/kosmeetika24.com\/en\/wp-json\/wp\/v2\/product"}],"about":[{"href":"https:\/\/kosmeetika24.com\/en\/wp-json\/wp\/v2\/types\/product"}],"replies":[{"embeddable":true,"href":"https:\/\/kosmeetika24.com\/en\/wp-json\/wp\/v2\/comments?post=2601"}],"version-history":[{"count":1,"href":"https:\/\/kosmeetika24.com\/en\/wp-json\/wp\/v2\/product\/2601\/revisions"}],"predecessor-version":[{"id":4507,"href":"https:\/\/kosmeetika24.com\/en\/wp-json\/wp\/v2\/product\/2601\/revisions\/4507"}],"wp:featuredmedia":[{"embeddable":true,"href":"https:\/\/kosmeetika24.com\/en\/wp-json\/wp\/v2\/media\/2602"}],"wp:attachment":[{"href":"https:\/\/kosmeetika24.com\/en\/wp-json\/wp\/v2\/media?parent=2601"}],"wp:term":[{"taxonomy":"product_brand","embeddable":true,"href":"https:\/\/kosmeetika24.com\/en\/wp-json\/wp\/v2\/product_brand?post=2601"},{"taxonomy":"product_cat","embeddable":true,"href":"https:\/\/kosmeetika24.com\/en\/wp-json\/wp\/v2\/product_cat?post=2601"},{"taxonomy":"product_tag","embeddable":true,"href":"https:\/\/kosmeetika24.com\/en\/wp-json\/wp\/v2\/product_tag?post=2601"}],"curies":[{"name":"wp","href":"https:\/\/api.w.org\/{rel}","templated":true}]}}