{"id":2545,"date":"2024-05-30T13:46:56","date_gmt":"2024-05-30T13:46:56","guid":{"rendered":"https:\/\/kosmeetika24.com\/?post_type=product&#038;p=2545"},"modified":"2025-07-02T10:54:25","modified_gmt":"2025-07-02T07:54:25","slug":"reveel-intensiivselt-niisutav-24h-naokreem","status":"publish","type":"product","link":"https:\/\/kosmeetika24.com\/en\/product\/reveel-intensiivselt-niisutav-24h-naokreem\/","title":{"rendered":"Reveel Intensely Moisturizing 24h Face Cream"},"content":{"rendered":"<p>Comforting Moisturizer is an anti-aging correcting moisturizer.<\/p>\n<p>As we age, the skin barrier loses its strength and ability to retain moisture. The skin becomes drier and more easily irritated. Micro-wrinkles begin to appear.<\/p>\n<p>The anti-aging cream deeply hydrates the skin and restores its natural moisture level. The skin's own lipid production is activated.<\/p>\n<p>The cream soothes and also strengthens the natural defense barrier <span lang=\"et-EE\">providing lasting protection against harmful environmental factors. <\/span>T<span lang=\"et-EE\">he skin is soothed, smoothed, and nourished.<\/span><\/p>\n<p>The cream belongs to the anti-aging skincare line. It can be used from the age of 35.<\/p>\n<p>\u00a0<\/p>\n<p><span lang=\"et-EE\">Suitable for all skin types, especially dry, dehydrated skin with the first signs of aging.<\/span><\/p>\n<p>KEY INGREDIENTS<\/p>\n<ul>\n<li>Hyaluronic acid<\/li>\n<li>Perioral gland secretion<\/li>\n<li>Avocado oil<\/li>\n<li>Cocoa butter<\/li>\n<li>Cetearyl isononanoate<\/li>\n<\/ul>\n<p>Effect<\/p>\n<ul>\n<li>Hyaluronic acid forms a hydrating network on the skin, promoting fluid absorption.<\/li>\n<li>Perioral gland secretion, avocado oil, and cocoa butter hydrate, nourish, and relax the skin.<\/li>\n<li>Cetearyl isononanoate is an ester of fatty acids with excellent emollient properties. This means it can help soften and smooth the skin. It forms a protective barrier on the skin to shield it from harmful environmental factors. It also stabilizes cosmetic ingredients.<\/li>\n<\/ul>\n<p><strong>Usage<\/strong><\/p>\n<p>Apply in the morning and\/or evening after cleansing to the face, neck, and d\u00e9colletage area.<\/p>\n<p><strong>Ingredients<\/strong><\/p>\n<p>Aqua (water), persea gratissima (avocado) oil, theobroma cacao (cocoa) seed butter, cetearyl isononanoate, glyceryl stearate, octyldodecanol, glycerin, polyglyceryl-3 methylglucose distearate, propanediol, tocopheryl acetate, panthenol, carbomer, sodium hyaluronate, glucomannan, phenoxyethanol, ethylhexylglycerin, tocopherol, ascorbyl isostearate, isostearic acid, ascorbic acid, lecithin, lactic acid, citric acid, benzoic acid, dehydroacetic acid, o-cymen-5-ol, potassium hydroxide, parfum (fragrance).<\/p>","protected":false},"excerpt":{"rendered":"<p>Effectively fights the first signs of skin aging.<\/p>\n<p>From the first days of use, the skin becomes perfectly smooth, elastic, radiating beauty and health.<\/p>\n<p>The face cream is 100% free from silicone, aluminum, alcohol, and microplastics.<\/p>\n<p>50ml<\/p>","protected":false},"featured_media":2553,"comment_status":"closed","ping_status":"closed","template":"","meta":{"_uag_custom_page_level_css":"","site-sidebar-layout":"default","site-content-layout":"","ast-site-content-layout":"default","site-content-style":"default","site-sidebar-style":"default","ast-global-header-display":"","ast-banner-title-visibility":"","ast-main-header-display":"","ast-hfb-above-header-display":"","ast-hfb-below-header-display":"","ast-hfb-mobile-header-display":"","site-post-title":"","ast-breadcrumbs-content":"","ast-featured-img":"","footer-sml-layout":"","ast-disable-related-posts":"","theme-transparent-header-meta":"default","adv-header-id-meta":"","stick-header-meta":"","header-above-stick-meta":"","header-main-stick-meta":"","header-below-stick-meta":"","astra-migrate-meta-layouts":"set","ast-page-background-enabled":"default","ast-page-background-meta":{"desktop":{"background-color":"var(--ast-global-color-4)","background-image":"","background-repeat":"repeat","background-position":"center center","background-size":"auto","background-attachment":"scroll","background-type":"","background-media":"","overlay-type":"","overlay-color":"","overlay-opacity":"","overlay-gradient":""},"tablet":{"background-color":"","background-image":"","background-repeat":"repeat","background-position":"center center","background-size":"auto","background-attachment":"scroll","background-type":"","background-media":"","overlay-type":"","overlay-color":"","overlay-opacity":"","overlay-gradient":""},"mobile":{"background-color":"","background-image":"","background-repeat":"repeat","background-position":"center center","background-size":"auto","background-attachment":"scroll","background-type":"","background-media":"","overlay-type":"","overlay-color":"","overlay-opacity":"","overlay-gradient":""}},"ast-content-background-meta":{"desktop":{"background-color":"var(--ast-global-color-5)","background-image":"","background-repeat":"repeat","background-position":"center center","background-size":"auto","background-attachment":"scroll","background-type":"","background-media":"","overlay-type":"","overlay-color":"","overlay-opacity":"","overlay-gradient":""},"tablet":{"background-color":"var(--ast-global-color-5)","background-image":"","background-repeat":"repeat","background-position":"center center","background-size":"auto","background-attachment":"scroll","background-type":"","background-media":"","overlay-type":"","overlay-color":"","overlay-opacity":"","overlay-gradient":""},"mobile":{"background-color":"var(--ast-global-color-5)","background-image":"","background-repeat":"repeat","background-position":"center center","background-size":"auto","background-attachment":"scroll","background-type":"","background-media":"","overlay-type":"","overlay-color":"","overlay-opacity":"","overlay-gradient":""}}},"product_brand":[],"product_cat":[96,97,95],"product_tag":[],"class_list":{"0":"post-2545","1":"product","2":"type-product","3":"status-publish","4":"has-post-thumbnail","6":"product_cat-brands","7":"product_cat-naole","8":"product_cat-reveel","9":"desktop-align-left","10":"tablet-align-left","11":"mobile-align-left","13":"first","14":"instock","15":"taxable","16":"shipping-taxable","17":"product-type-simple","18":"add-to-wishlist-before_image"},"uagb_featured_image_src":{"full":["https:\/\/kosmeetika24.com\/wp-content\/uploads\/2024\/01\/Screenshot-2023-11-06-151730.png",572,572,false],"thumbnail":["https:\/\/kosmeetika24.com\/wp-content\/uploads\/2024\/01\/Screenshot-2023-11-06-151730-150x150.png",150,150,true],"medium":["https:\/\/kosmeetika24.com\/wp-content\/uploads\/2024\/01\/Screenshot-2023-11-06-151730-300x300.png",300,300,true],"medium_large":["https:\/\/kosmeetika24.com\/wp-content\/uploads\/2024\/01\/Screenshot-2023-11-06-151730.png",572,572,false],"large":["https:\/\/kosmeetika24.com\/wp-content\/uploads\/2024\/01\/Screenshot-2023-11-06-151730.png",572,572,false],"1536x1536":["https:\/\/kosmeetika24.com\/wp-content\/uploads\/2024\/01\/Screenshot-2023-11-06-151730.png",572,572,false],"2048x2048":["https:\/\/kosmeetika24.com\/wp-content\/uploads\/2024\/01\/Screenshot-2023-11-06-151730.png",572,572,false],"trp-custom-language-flag":["https:\/\/kosmeetika24.com\/wp-content\/uploads\/2024\/01\/Screenshot-2023-11-06-151730-12x12.png",12,12,true],"woocommerce_thumbnail":["https:\/\/kosmeetika24.com\/wp-content\/uploads\/2024\/01\/Screenshot-2023-11-06-151730-300x300.png",300,300,true],"woocommerce_single":["https:\/\/kosmeetika24.com\/wp-content\/uploads\/2024\/01\/Screenshot-2023-11-06-151730-500x500.png",500,500,true],"woocommerce_gallery_thumbnail":["https:\/\/kosmeetika24.com\/wp-content\/uploads\/2024\/01\/Screenshot-2023-11-06-151730-100x100.png",100,100,true]},"uagb_author_info":{"display_name":"admin","author_link":"https:\/\/kosmeetika24.com\/en\/author\/"},"uagb_comment_info":0,"uagb_excerpt":"V\u00f5itleb t\u00f5husalt esimeste naha vananemise m\u00e4rkidega. Alates esimestest kasutusp\u00e4evast muutub nahk ideaalselt siledaks, elastseks, kiirgab ilu ja tervist. N\u00e4okreem on 100% silikoonivaba, alumiiniumivaba, alkoholivaba ja mikroplastivaba. 50ml","_links":{"self":[{"href":"https:\/\/kosmeetika24.com\/en\/wp-json\/wp\/v2\/product\/2545","targetHints":{"allow":["GET"]}}],"collection":[{"href":"https:\/\/kosmeetika24.com\/en\/wp-json\/wp\/v2\/product"}],"about":[{"href":"https:\/\/kosmeetika24.com\/en\/wp-json\/wp\/v2\/types\/product"}],"replies":[{"embeddable":true,"href":"https:\/\/kosmeetika24.com\/en\/wp-json\/wp\/v2\/comments?post=2545"}],"version-history":[{"count":1,"href":"https:\/\/kosmeetika24.com\/en\/wp-json\/wp\/v2\/product\/2545\/revisions"}],"predecessor-version":[{"id":4502,"href":"https:\/\/kosmeetika24.com\/en\/wp-json\/wp\/v2\/product\/2545\/revisions\/4502"}],"wp:featuredmedia":[{"embeddable":true,"href":"https:\/\/kosmeetika24.com\/en\/wp-json\/wp\/v2\/media\/2553"}],"wp:attachment":[{"href":"https:\/\/kosmeetika24.com\/en\/wp-json\/wp\/v2\/media?parent=2545"}],"wp:term":[{"taxonomy":"product_brand","embeddable":true,"href":"https:\/\/kosmeetika24.com\/en\/wp-json\/wp\/v2\/product_brand?post=2545"},{"taxonomy":"product_cat","embeddable":true,"href":"https:\/\/kosmeetika24.com\/en\/wp-json\/wp\/v2\/product_cat?post=2545"},{"taxonomy":"product_tag","embeddable":true,"href":"https:\/\/kosmeetika24.com\/en\/wp-json\/wp\/v2\/product_tag?post=2545"}],"curies":[{"name":"wp","href":"https:\/\/api.w.org\/{rel}","templated":true}]}}