{"id":1906,"date":"2024-01-05T09:33:10","date_gmt":"2024-01-05T09:33:10","guid":{"rendered":"https:\/\/kosmeetika24.com\/?post_type=product&#038;p=1906"},"modified":"2025-07-02T14:30:00","modified_gmt":"2025-07-02T11:30:00","slug":"bruno-vassari-sun-defense-paikesepuuder","status":"publish","type":"product","link":"https:\/\/kosmeetika24.com\/en\/product\/bruno-vassari-sun-defense-paikesepuuder\/","title":{"rendered":"BRUNO VASSARI Sun Defense sunscreen powder"},"content":{"rendered":"<p>Sunscreen powder <em>Sun Powder<\/em> is<span class=\"notranslate\">a compact foundation that leaves the skin tanned and radiant.<\/span><\/p>\n<p>Contains treated and reflective pigments that capture and diffuse light to enhance the natural glow of the skin and achieve stunning results. They are characterized by excellent compatibility and ideal longevity.<\/p>\n<p>Coverage varies depending on whether a wet or dry makeup sponge is used, but the final result is always velvety.<\/p>\n<p><span class=\"notranslate\">Contains sun filter.<\/span><\/p>\n<p>Suitable for all skin types.<\/p>\n<p><strong>KEY INGREDIENTS<\/strong><\/p>\n<ul>\n<li>Sunscreen filters.<\/li>\n<li>Vitamin E<\/li>\n<li>Polymers<\/li>\n<\/ul>\n<p><strong>Effect<\/strong><\/p>\n<ul>\n<li>Vitamin E protects skin cells from sun-induced aging processes.<\/li>\n<li>UV filters protect the skin from sun radiation.<\/li>\n<li>Polymers make the skin silky.<\/li>\n<\/ul>\n<p><strong>Usage<\/strong><\/p>\n<ul>\n<li>The sunscreen powder comes in two shades: golden-orange and bronzing dark brown.<\/li>\n<li>The shades can be used separately or mixed together to achieve a suitable tone.<\/li>\n<li>Coverage varies depending on whether a wet or dry makeup sponge is used.<\/li>\n<\/ul>\n<p><strong>Ingredients<\/strong><\/p>\n<p><span style=\"font-size: 14px;\">TALC, MICA, OCTYLDODECYL STEAROYL STEARATE, NYLON-12, TITANIUM DIOXIDE (NANO), DIMETHICONE, BIS-DIGLYCERYL POLYACYLADIPATE-2, CETYL DIMETHICONE, METHYLPARABEN, LAUROYL LYSINE, TOCOPHERYL ACETATE, PROPYLPARABEN, SORBIC ACID, DEHYDRACETIC ACID, CI 77891, CI 77492, CI 77491, CI 77499, CI 19140, CI 77742, CI 77007, CI 15850.<\/span><\/p>","protected":false},"excerpt":{"rendered":"<p>&nbsp;<\/p>\n<p><span class=\"notranslate\">A compact powder that leaves the skin tanned and radiant.<\/span><\/p>\n<p>10 g<\/p>","protected":false},"featured_media":1908,"comment_status":"open","ping_status":"closed","template":"","meta":{"_uag_custom_page_level_css":"","site-sidebar-layout":"default","site-content-layout":"","ast-site-content-layout":"default","site-content-style":"default","site-sidebar-style":"default","ast-global-header-display":"","ast-banner-title-visibility":"","ast-main-header-display":"","ast-hfb-above-header-display":"","ast-hfb-below-header-display":"","ast-hfb-mobile-header-display":"","site-post-title":"","ast-breadcrumbs-content":"","ast-featured-img":"","footer-sml-layout":"","ast-disable-related-posts":"","theme-transparent-header-meta":"default","adv-header-id-meta":"","stick-header-meta":"","header-above-stick-meta":"","header-main-stick-meta":"","header-below-stick-meta":"","astra-migrate-meta-layouts":"set","ast-page-background-enabled":"default","ast-page-background-meta":{"desktop":{"background-color":"var(--ast-global-color-4)","background-image":"","background-repeat":"repeat","background-position":"center center","background-size":"auto","background-attachment":"scroll","background-type":"","background-media":"","overlay-type":"","overlay-color":"","overlay-opacity":"","overlay-gradient":""},"tablet":{"background-color":"","background-image":"","background-repeat":"repeat","background-position":"center center","background-size":"auto","background-attachment":"scroll","background-type":"","background-media":"","overlay-type":"","overlay-color":"","overlay-opacity":"","overlay-gradient":""},"mobile":{"background-color":"","background-image":"","background-repeat":"repeat","background-position":"center center","background-size":"auto","background-attachment":"scroll","background-type":"","background-media":"","overlay-type":"","overlay-color":"","overlay-opacity":"","overlay-gradient":""}},"ast-content-background-meta":{"desktop":{"background-color":"var(--ast-global-color-5)","background-image":"","background-repeat":"repeat","background-position":"center center","background-size":"auto","background-attachment":"scroll","background-type":"","background-media":"","overlay-type":"","overlay-color":"","overlay-opacity":"","overlay-gradient":""},"tablet":{"background-color":"var(--ast-global-color-5)","background-image":"","background-repeat":"repeat","background-position":"center center","background-size":"auto","background-attachment":"scroll","background-type":"","background-media":"","overlay-type":"","overlay-color":"","overlay-opacity":"","overlay-gradient":""},"mobile":{"background-color":"var(--ast-global-color-5)","background-image":"","background-repeat":"repeat","background-position":"center center","background-size":"auto","background-attachment":"scroll","background-type":"","background-media":"","overlay-type":"","overlay-color":"","overlay-opacity":"","overlay-gradient":""}}},"product_brand":[],"product_cat":[96,97,73],"product_tag":[],"class_list":{"0":"post-1906","1":"product","2":"type-product","3":"status-publish","4":"has-post-thumbnail","6":"product_cat-brands","7":"product_cat-naole","8":"product_cat-sun-defense","9":"desktop-align-left","10":"tablet-align-left","11":"mobile-align-left","13":"first","14":"instock","15":"taxable","16":"shipping-taxable","17":"product-type-simple","18":"add-to-wishlist-before_image"},"uagb_featured_image_src":{"full":["https:\/\/kosmeetika24.com\/wp-content\/uploads\/2024\/01\/5830-Sun-Powder.jpg",600,600,false],"thumbnail":["https:\/\/kosmeetika24.com\/wp-content\/uploads\/2024\/01\/5830-Sun-Powder-150x150.jpg",150,150,true],"medium":["https:\/\/kosmeetika24.com\/wp-content\/uploads\/2024\/01\/5830-Sun-Powder-300x300.jpg",300,300,true],"medium_large":["https:\/\/kosmeetika24.com\/wp-content\/uploads\/2024\/01\/5830-Sun-Powder.jpg",600,600,false],"large":["https:\/\/kosmeetika24.com\/wp-content\/uploads\/2024\/01\/5830-Sun-Powder.jpg",600,600,false],"1536x1536":["https:\/\/kosmeetika24.com\/wp-content\/uploads\/2024\/01\/5830-Sun-Powder.jpg",600,600,false],"2048x2048":["https:\/\/kosmeetika24.com\/wp-content\/uploads\/2024\/01\/5830-Sun-Powder.jpg",600,600,false],"trp-custom-language-flag":["https:\/\/kosmeetika24.com\/wp-content\/uploads\/2024\/01\/5830-Sun-Powder-12x12.jpg",12,12,true],"woocommerce_thumbnail":["https:\/\/kosmeetika24.com\/wp-content\/uploads\/2024\/01\/5830-Sun-Powder-300x300.jpg",300,300,true],"woocommerce_single":["https:\/\/kosmeetika24.com\/wp-content\/uploads\/2024\/01\/5830-Sun-Powder-500x500.jpg",500,500,true],"woocommerce_gallery_thumbnail":["https:\/\/kosmeetika24.com\/wp-content\/uploads\/2024\/01\/5830-Sun-Powder-100x100.jpg",100,100,true]},"uagb_author_info":{"display_name":"admin","author_link":"https:\/\/kosmeetika24.com\/en\/author\/"},"uagb_comment_info":0,"uagb_excerpt":"&nbsp; Kompaktne puuder, mis j\u00e4tab naha p\u00e4evitunud ja s\u00e4ravaks. 10 g","_links":{"self":[{"href":"https:\/\/kosmeetika24.com\/en\/wp-json\/wp\/v2\/product\/1906","targetHints":{"allow":["GET"]}}],"collection":[{"href":"https:\/\/kosmeetika24.com\/en\/wp-json\/wp\/v2\/product"}],"about":[{"href":"https:\/\/kosmeetika24.com\/en\/wp-json\/wp\/v2\/types\/product"}],"replies":[{"embeddable":true,"href":"https:\/\/kosmeetika24.com\/en\/wp-json\/wp\/v2\/comments?post=1906"}],"version-history":[{"count":1,"href":"https:\/\/kosmeetika24.com\/en\/wp-json\/wp\/v2\/product\/1906\/revisions"}],"predecessor-version":[{"id":4635,"href":"https:\/\/kosmeetika24.com\/en\/wp-json\/wp\/v2\/product\/1906\/revisions\/4635"}],"wp:featuredmedia":[{"embeddable":true,"href":"https:\/\/kosmeetika24.com\/en\/wp-json\/wp\/v2\/media\/1908"}],"wp:attachment":[{"href":"https:\/\/kosmeetika24.com\/en\/wp-json\/wp\/v2\/media?parent=1906"}],"wp:term":[{"taxonomy":"product_brand","embeddable":true,"href":"https:\/\/kosmeetika24.com\/en\/wp-json\/wp\/v2\/product_brand?post=1906"},{"taxonomy":"product_cat","embeddable":true,"href":"https:\/\/kosmeetika24.com\/en\/wp-json\/wp\/v2\/product_cat?post=1906"},{"taxonomy":"product_tag","embeddable":true,"href":"https:\/\/kosmeetika24.com\/en\/wp-json\/wp\/v2\/product_tag?post=1906"}],"curies":[{"name":"wp","href":"https:\/\/api.w.org\/{rel}","templated":true}]}}