{"id":1902,"date":"2024-01-05T07:43:08","date_gmt":"2024-01-05T07:43:08","guid":{"rendered":"https:\/\/kosmeetika24.com\/?post_type=product&#038;p=1902"},"modified":"2025-07-02T15:38:36","modified_gmt":"2025-07-02T12:38:36","slug":"bruno-vassari-glyco-system-professionaalne-koorimiskomplekt","status":"publish","type":"product","link":"https:\/\/kosmeetika24.com\/en\/product\/bruno-vassari-glyco-system-professionaalne-koorimiskomplekt\/","title":{"rendered":"BRUNO VASSARI Glyco System professional peeling kit."},"content":{"rendered":"<p>Exfoliator <em>Professional Glycolic Kit+Vitamin C<\/em> is suitable for the complete restoration of facial skin health and is intended for professional use only. It is ideal for reducing skin spots and wrinkles, as well as for skin with hyperkeratosis, oily, and\/or oxygen-deprived skin. The exfoliator combines the effects of acids and vitamin C. Vitamin C is in single-use packaging to preserve its properties.<\/p>\n<p>The professional exfoliating treatment is suitable for all skin types, especially for skin that requires deep restoration.<\/p>\n<p><strong>KEY INGREDIENTS<\/strong><\/p>\n<ul>\n<li>Koorija vedel aine \u201cGlyco peeling Liquid\u201d ja koorija tahke aine \u201cPowder\u201d: 14% gl\u00fckoolhape, 0,5% salits\u00fc\u00fclhape, askorb\u00fc\u00fclgl\u00fckosiid, mannitool;<\/li>\n<li>Toitev kreem \u201cProtective Cream SPF 25\u201d: p\u00e4ikesekaitsefiltrid, niatsiinamiid, E-vitamiin.<\/li>\n<\/ul>\n<p><strong>Effect<\/strong><\/p>\n<ul>\n<li>The chemical exfoliator exfoliates the skin thoroughly, cleansing, improving, and restoring the skin. It improves skin with hyperkeratosis, reduces the feeling of tightness, and diminishes the depth and length of wrinkles. Thanks to vitamin C and mannitol, it maintains smoothness and water balance in the skin.<\/li>\n<li>Nourishing cream SPF 25 nourishes and restores the skin's moisture. It reduces the color of pigmented spots and gives the skin a more even tone. Helps prevent premature aging and protects against UV rays.<\/li>\n<\/ul>\n<div id=\"image-757-0-1-0\" class=\"module module-image image-757-0-1-0 image-top auto_fullwidth\"><\/div>\n<div><strong>Usage<\/strong><\/div>\n<div>\n<ol>\n<li>Cleanse the skin with\u00a0<a href=\"https:\/\/kosmeetika24.eu\/toode\/bruno-vassari-aqua-genomics-aqua-cleanser-2\/\">BRUNO VASSARI Aqua Genomics Cleansing Milk.<\/a>.<\/li>\n<li>Tone the skin with\u00a0<a href=\"https:\/\/kosmeetika24.eu\/toode\/bruno-vassari-aqua-genomics-aqua-toner-2\/\">BRUNO VASSARI Aqua Genomics Hydrating Toner.<\/a>.<\/li>\n<li>To prepare the exfoliator in the kit, mix 5 ml of the liquid with one bottle of the powder. Mix well and apply to clean skin. Leave on for 10 minutes and remove with plenty of lukewarm water.<\/li>\n<li>Perform a massage with <a href=\"https:\/\/kosmeetika24.eu\/toode\/bruno-vassari-anti-stress-vitalizing-massage-cream\/\">BRUNO VASSARI Anti-Stress Face Massage Cream.<\/a>.<\/li>\n<li>Next, prepare the mask. Choose the most suitable one from the following products:\u00a0<a href=\"https:\/\/kosmeetika24.eu\/toode\/bruno-vassari-the-specifics-cryogenic-modeling-mask\/\">BRUNO VASSARI The Specifics Firming and Modeling Mask<\/a> or <a href=\"https:\/\/kosmeetika24.eu\/toode\/bruno-vassari-kianty-bacco-e-venere\/\">BRUNO VASSARI Kianty Firming Anti-Aging Mask<\/a> or <a href=\"https:\/\/kosmeetika24.eu\/toode\/bruno-vassari-withe-skin-whitening-mask\/\">BRUNO VASSARI White Brightening Mask.<\/a>\u00a0Mix the powder in the sachet with enough water to achieve a smooth consistency. Apply the mask to the face using a spatula and leave it on for 20-25 minutes. Then remove the mask and rinse the face with water.<\/li>\n<li>Apply the product to the skin of the eyelids. <a href=\"https:\/\/kosmeetika24.eu\/toode\/bruno-vassari-collagen-booster-peptide-eye-contour-gel-cream\/\">BRUNO VASSARI Collagen Booster peptide complex eye cream around the eyes.<\/a>.<\/li>\n<li>Then apply the protective day cream SPF 25 (included in the set).<\/li>\n<\/ol>\n<p>Perform the exfoliating treatment 1-2 times a week, depending on your skin type.<\/p>\n<\/div>\n<div><strong>Ingredients<\/strong><\/div>\n<div>\n<p><strong><span style=\"font-size: 14px;\">Glyco Peeling Liquid<\/span><\/strong><\/p>\n<p><span style=\"font-size: 14px;\">AQUA (WATER), ALCOHOLDENAT, PROPYLENE GLYKOL, GLYCOLIC ACID, SODIUM HYDROXIDE, SALICYLIC ACID, HYDROXYETHYLCELLULOSE, SODIUM CHLORIDE.<\/span><\/p>\n<p><span style=\"font-size: 14px;\"><strong>Powder<\/strong><\/span><\/p>\n<p><span style=\"font-size: 14px;\">MANNITOL, ASCORBYL GLUCOSIDE.<\/span><\/p>\n<p><span style=\"font-size: 14px;\"><strong>Protective Cream SPF25<\/strong><\/span><\/p>\n<p><span style=\"font-size: 14px;\">AQUA (WATER), DICAPRYLYL CARBONATE, BLUTYLENE GLYCOL, DICAPRYLATE\/DICAPRATE, C12-15 ALKYL BENZOATE, BUTYLENE GLYCOL, POTASSIUM CETYL PHOSPHATE, NIACINAMIDE, BUTYL METHOXYDIBENZOYLMETHANE, OCTCRYLENE, PHENYLBENZIMIDAZOLE SULFONIC ACID, BEHENYL ALCOHOL, CETYL ALCOHOL, CETYLPALMITATE, MYRISTYL MYRISTATE, TROMETHAMINE, TAPIOCA STARCH, HYDROGENATED POLYISOBUTENE, TOCOPHERYL ACETATE, POLYSILICONE-15, CHLORPHENESIN, PHENOXYETHANOL, GLYCERIN, XANTHAN GUM, ACRYLATES \/C10-30 ALKYLACRYLATE\u00a0 CROSSPOLYMER, DISODIUM EDTA, PARFUM (FRAGRANCE), BUTYLPHENYL METHYLPROPIONAL, LINALOOL, LIMONENE, ALPHA-ISOMETHYL IONONE, COUMARIN.<\/span><\/p>\n<p>\u00a0<\/p>\n<\/div>","protected":false},"excerpt":{"rendered":"<p>The professional exfoliator, made with glycolic acid and vitamin C, removes dead skin cells and activates cell renewal. It smooths the skin's surface and evens out skin tone.<\/p>\n<p><span style=\"font-size: 14px;\">The kit is designed for professional use in 6 treatments.<\/span><\/p>\n<ul>\n<li><span style=\"font-size: 14px;\">Exfoliator liquid phase \"Glyco Peeling Liquid\" 30 ml<\/span><\/li>\n<li><span style=\"font-size: 14px;\">Exfoliator solid phase \"Powder\" 6 x 0.3g<\/span><\/li>\n<li><span style=\"font-size: 14px;\">Cream \"Protective Cream SPF25\" 50 ml<\/span><\/li>\n<\/ul>\n<p>&nbsp;<\/p>","protected":false},"featured_media":1406,"comment_status":"open","ping_status":"closed","template":"","meta":{"_uag_custom_page_level_css":"","site-sidebar-layout":"default","site-content-layout":"","ast-site-content-layout":"default","site-content-style":"default","site-sidebar-style":"default","ast-global-header-display":"","ast-banner-title-visibility":"","ast-main-header-display":"","ast-hfb-above-header-display":"","ast-hfb-below-header-display":"","ast-hfb-mobile-header-display":"","site-post-title":"","ast-breadcrumbs-content":"","ast-featured-img":"","footer-sml-layout":"","ast-disable-related-posts":"","theme-transparent-header-meta":"default","adv-header-id-meta":"","stick-header-meta":"","header-above-stick-meta":"","header-main-stick-meta":"","header-below-stick-meta":"","astra-migrate-meta-layouts":"set","ast-page-background-enabled":"default","ast-page-background-meta":{"desktop":{"background-color":"var(--ast-global-color-4)","background-image":"","background-repeat":"repeat","background-position":"center center","background-size":"auto","background-attachment":"scroll","background-type":"","background-media":"","overlay-type":"","overlay-color":"","overlay-opacity":"","overlay-gradient":""},"tablet":{"background-color":"","background-image":"","background-repeat":"repeat","background-position":"center center","background-size":"auto","background-attachment":"scroll","background-type":"","background-media":"","overlay-type":"","overlay-color":"","overlay-opacity":"","overlay-gradient":""},"mobile":{"background-color":"","background-image":"","background-repeat":"repeat","background-position":"center center","background-size":"auto","background-attachment":"scroll","background-type":"","background-media":"","overlay-type":"","overlay-color":"","overlay-opacity":"","overlay-gradient":""}},"ast-content-background-meta":{"desktop":{"background-color":"var(--ast-global-color-5)","background-image":"","background-repeat":"repeat","background-position":"center center","background-size":"auto","background-attachment":"scroll","background-type":"","background-media":"","overlay-type":"","overlay-color":"","overlay-opacity":"","overlay-gradient":""},"tablet":{"background-color":"var(--ast-global-color-5)","background-image":"","background-repeat":"repeat","background-position":"center center","background-size":"auto","background-attachment":"scroll","background-type":"","background-media":"","overlay-type":"","overlay-color":"","overlay-opacity":"","overlay-gradient":""},"mobile":{"background-color":"var(--ast-global-color-5)","background-image":"","background-repeat":"repeat","background-position":"center center","background-size":"auto","background-attachment":"scroll","background-type":"","background-media":"","overlay-type":"","overlay-color":"","overlay-opacity":"","overlay-gradient":""}}},"product_brand":[],"product_cat":[96,69,97],"product_tag":[],"class_list":{"0":"post-1902","1":"product","2":"type-product","3":"status-publish","4":"has-post-thumbnail","6":"product_cat-brands","7":"product_cat-glyco-system","8":"product_cat-naole","9":"desktop-align-left","10":"tablet-align-left","11":"mobile-align-left","13":"first","14":"instock","15":"taxable","16":"shipping-taxable","17":"product-type-simple","18":"add-to-wishlist-before_image"},"uagb_featured_image_src":{"full":["https:\/\/kosmeetika24.com\/wp-content\/uploads\/2023\/10\/2305.jpg",600,600,false],"thumbnail":["https:\/\/kosmeetika24.com\/wp-content\/uploads\/2023\/10\/2305-150x150.jpg",150,150,true],"medium":["https:\/\/kosmeetika24.com\/wp-content\/uploads\/2023\/10\/2305-300x300.jpg",300,300,true],"medium_large":["https:\/\/kosmeetika24.com\/wp-content\/uploads\/2023\/10\/2305.jpg",600,600,false],"large":["https:\/\/kosmeetika24.com\/wp-content\/uploads\/2023\/10\/2305.jpg",600,600,false],"1536x1536":["https:\/\/kosmeetika24.com\/wp-content\/uploads\/2023\/10\/2305.jpg",600,600,false],"2048x2048":["https:\/\/kosmeetika24.com\/wp-content\/uploads\/2023\/10\/2305.jpg",600,600,false],"trp-custom-language-flag":["https:\/\/kosmeetika24.com\/wp-content\/uploads\/2023\/10\/2305-12x12.jpg",12,12,true],"woocommerce_thumbnail":["https:\/\/kosmeetika24.com\/wp-content\/uploads\/2023\/10\/2305-300x300.jpg",300,300,true],"woocommerce_single":["https:\/\/kosmeetika24.com\/wp-content\/uploads\/2023\/10\/2305-500x500.jpg",500,500,true],"woocommerce_gallery_thumbnail":["https:\/\/kosmeetika24.com\/wp-content\/uploads\/2023\/10\/2305-100x100.jpg",100,100,true]},"uagb_author_info":{"display_name":"admin","author_link":"https:\/\/kosmeetika24.com\/en\/author\/"},"uagb_comment_info":0,"uagb_excerpt":"Gl\u00fckoolhappe ja C-vitamiiniga valmistatud professionaalne koorija eemaldab epidermise surnud rakud ja aktiveerib rakkude uuenemist. Tasandab naha pinna ja \u00fchtlustab nahatooni. Komplekt on m\u00f5eldud professionaalseks kasutamiseks 6 protseduuril: koorija vedel faas \"Glyco Peeling Liquid\" 30 ml koorija tahke faas \"Powder\" 6 x 0,3g kreem \"Protective Cream SPF25\" 50 ml &nbsp;","_links":{"self":[{"href":"https:\/\/kosmeetika24.com\/en\/wp-json\/wp\/v2\/product\/1902","targetHints":{"allow":["GET"]}}],"collection":[{"href":"https:\/\/kosmeetika24.com\/en\/wp-json\/wp\/v2\/product"}],"about":[{"href":"https:\/\/kosmeetika24.com\/en\/wp-json\/wp\/v2\/types\/product"}],"replies":[{"embeddable":true,"href":"https:\/\/kosmeetika24.com\/en\/wp-json\/wp\/v2\/comments?post=1902"}],"version-history":[{"count":1,"href":"https:\/\/kosmeetika24.com\/en\/wp-json\/wp\/v2\/product\/1902\/revisions"}],"predecessor-version":[{"id":4653,"href":"https:\/\/kosmeetika24.com\/en\/wp-json\/wp\/v2\/product\/1902\/revisions\/4653"}],"wp:featuredmedia":[{"embeddable":true,"href":"https:\/\/kosmeetika24.com\/en\/wp-json\/wp\/v2\/media\/1406"}],"wp:attachment":[{"href":"https:\/\/kosmeetika24.com\/en\/wp-json\/wp\/v2\/media?parent=1902"}],"wp:term":[{"taxonomy":"product_brand","embeddable":true,"href":"https:\/\/kosmeetika24.com\/en\/wp-json\/wp\/v2\/product_brand?post=1902"},{"taxonomy":"product_cat","embeddable":true,"href":"https:\/\/kosmeetika24.com\/en\/wp-json\/wp\/v2\/product_cat?post=1902"},{"taxonomy":"product_tag","embeddable":true,"href":"https:\/\/kosmeetika24.com\/en\/wp-json\/wp\/v2\/product_tag?post=1902"}],"curies":[{"name":"wp","href":"https:\/\/api.w.org\/{rel}","templated":true}]}}