{"id":1743,"date":"2024-01-05T08:59:57","date_gmt":"2024-01-05T08:59:57","guid":{"rendered":"https:\/\/kosmeetika24.com\/?post_type=product&#038;p=1743"},"modified":"2025-07-02T14:06:27","modified_gmt":"2025-07-02T11:06:27","slug":"bruno-vassari-body-care-dussigeel","status":"publish","type":"product","link":"https:\/\/kosmeetika24.com\/en\/product\/bruno-vassari-body-care-dussigeel\/","title":{"rendered":"BRUNO VASSARI Body Care shower gel."},"content":{"rendered":"<div class=\"translation-block\">The soft bath gel <em>Gel Caribel<\/em> contains natural aromatic extracts that gently but thoroughly moisturize and cleanse the skin without causing damage. Mink oil and softening agents relax the skin, providing a feeling of well-being, softness, and freshness.<\/div>\n<p>Suitable for all skin types.<\/p>\n<p><strong>KEY INGREDIENTS<\/strong><\/p>\n<ul>\n<li>Mink oil.<\/li>\n<li>Wild aromatic extracts.<\/li>\n<\/ul>\n<p><strong>Effect<\/strong><\/p>\n<p class=\"translation-block\">The cleansing gel removes dirt very gently. Mink oil and wild aromatic extracts moisturize and <br> cleanse the skin gently, leaving it silky smooth.<\/p>\n<p><strong>Usage<\/strong><\/p>\n<ul>\n<li>Use in the shower, massaging onto damp skin for a few minutes, then rinse off with warm water.<\/li>\n<\/ul>\n<p><strong>Ingredients<\/strong><\/p>\n<p><span style=\"font-size: 14px;\">AQUA (WATER), SODIUM LAURETH SULFATE, TEA-LAURYL SULFATE, DISODIUM LAURETH, SULFOSUCCINATE, SODIUM CHLORIDE, COCAMIDE DEA, TRIDECETH-9, GLYCOL DISTEARATE, MUSTELA (MINKO) OIL, COCO-GLUCOSIDE, BENZOIC ACID, PEG-5 ETHYLHEXANOATE, LIMONENE, POLYACRYLATE-1 CROSSPOLYMER, SODIUM BENZOATE, LINALOOL, CITRIC ACID, GLYCERIN, GLYCERYL OLEATE, GLYCERYL STEARATE, HEXYL CINNAMAL, CITRAL, MAGNESIUM NITRATE, METHYLCHLOROISOTHIAZOLINONE, MAGNESIUM CHLORIDE, METHYLISOTHIAZOLINONE, PROPYLENE GLYCOL, PARFUM (FRAGRANCE), COUMARIN, EUGENOL, BHT, PROPYL GALLATE.<\/span><\/p>","protected":false},"excerpt":{"rendered":"<p>Moisturizing and deep-cleansing shower gel with natural aromatic extracts and mink oil.<\/p>\n<p>500 ml<\/p>","protected":false},"featured_media":1744,"comment_status":"open","ping_status":"closed","template":"","meta":{"_uag_custom_page_level_css":"","site-sidebar-layout":"default","site-content-layout":"","ast-site-content-layout":"default","site-content-style":"default","site-sidebar-style":"default","ast-global-header-display":"","ast-banner-title-visibility":"","ast-main-header-display":"","ast-hfb-above-header-display":"","ast-hfb-below-header-display":"","ast-hfb-mobile-header-display":"","site-post-title":"","ast-breadcrumbs-content":"","ast-featured-img":"","footer-sml-layout":"","ast-disable-related-posts":"","theme-transparent-header-meta":"default","adv-header-id-meta":"","stick-header-meta":"","header-above-stick-meta":"","header-main-stick-meta":"","header-below-stick-meta":"","astra-migrate-meta-layouts":"set","ast-page-background-enabled":"default","ast-page-background-meta":{"desktop":{"background-color":"var(--ast-global-color-4)","background-image":"","background-repeat":"repeat","background-position":"center center","background-size":"auto","background-attachment":"scroll","background-type":"","background-media":"","overlay-type":"","overlay-color":"","overlay-opacity":"","overlay-gradient":""},"tablet":{"background-color":"","background-image":"","background-repeat":"repeat","background-position":"center center","background-size":"auto","background-attachment":"scroll","background-type":"","background-media":"","overlay-type":"","overlay-color":"","overlay-opacity":"","overlay-gradient":""},"mobile":{"background-color":"","background-image":"","background-repeat":"repeat","background-position":"center center","background-size":"auto","background-attachment":"scroll","background-type":"","background-media":"","overlay-type":"","overlay-color":"","overlay-opacity":"","overlay-gradient":""}},"ast-content-background-meta":{"desktop":{"background-color":"var(--ast-global-color-5)","background-image":"","background-repeat":"repeat","background-position":"center center","background-size":"auto","background-attachment":"scroll","background-type":"","background-media":"","overlay-type":"","overlay-color":"","overlay-opacity":"","overlay-gradient":""},"tablet":{"background-color":"var(--ast-global-color-5)","background-image":"","background-repeat":"repeat","background-position":"center center","background-size":"auto","background-attachment":"scroll","background-type":"","background-media":"","overlay-type":"","overlay-color":"","overlay-opacity":"","overlay-gradient":""},"mobile":{"background-color":"var(--ast-global-color-5)","background-image":"","background-repeat":"repeat","background-position":"center center","background-size":"auto","background-attachment":"scroll","background-type":"","background-media":"","overlay-type":"","overlay-color":"","overlay-opacity":"","overlay-gradient":""}}},"product_brand":[],"product_cat":[65,96,98],"product_tag":[],"class_list":{"0":"post-1743","1":"product","2":"type-product","3":"status-publish","4":"has-post-thumbnail","6":"product_cat-body-care","7":"product_cat-brands","8":"product_cat-kehale","9":"desktop-align-left","10":"tablet-align-left","11":"mobile-align-left","13":"first","14":"instock","15":"taxable","16":"shipping-taxable","17":"product-type-simple","18":"add-to-wishlist-before_image"},"uagb_featured_image_src":{"full":["https:\/\/kosmeetika24.com\/wp-content\/uploads\/2023\/11\/291Gel-Caribel.jpg",600,600,false],"thumbnail":["https:\/\/kosmeetika24.com\/wp-content\/uploads\/2023\/11\/291Gel-Caribel-150x150.jpg",150,150,true],"medium":["https:\/\/kosmeetika24.com\/wp-content\/uploads\/2023\/11\/291Gel-Caribel-300x300.jpg",300,300,true],"medium_large":["https:\/\/kosmeetika24.com\/wp-content\/uploads\/2023\/11\/291Gel-Caribel.jpg",600,600,false],"large":["https:\/\/kosmeetika24.com\/wp-content\/uploads\/2023\/11\/291Gel-Caribel.jpg",600,600,false],"1536x1536":["https:\/\/kosmeetika24.com\/wp-content\/uploads\/2023\/11\/291Gel-Caribel.jpg",600,600,false],"2048x2048":["https:\/\/kosmeetika24.com\/wp-content\/uploads\/2023\/11\/291Gel-Caribel.jpg",600,600,false],"trp-custom-language-flag":["https:\/\/kosmeetika24.com\/wp-content\/uploads\/2023\/11\/291Gel-Caribel-12x12.jpg",12,12,true],"woocommerce_thumbnail":["https:\/\/kosmeetika24.com\/wp-content\/uploads\/2023\/11\/291Gel-Caribel-300x300.jpg",300,300,true],"woocommerce_single":["https:\/\/kosmeetika24.com\/wp-content\/uploads\/2023\/11\/291Gel-Caribel-500x500.jpg",500,500,true],"woocommerce_gallery_thumbnail":["https:\/\/kosmeetika24.com\/wp-content\/uploads\/2023\/11\/291Gel-Caribel-100x100.jpg",100,100,true]},"uagb_author_info":{"display_name":"admin","author_link":"https:\/\/kosmeetika24.com\/en\/author\/"},"uagb_comment_info":0,"uagb_excerpt":"Looduslike aromaatse ekstraktide ja naaritsa\u00f5liga niisutav ning s\u00fcgavpuhastav du\u0161sigeel. 500 ml","_links":{"self":[{"href":"https:\/\/kosmeetika24.com\/en\/wp-json\/wp\/v2\/product\/1743","targetHints":{"allow":["GET"]}}],"collection":[{"href":"https:\/\/kosmeetika24.com\/en\/wp-json\/wp\/v2\/product"}],"about":[{"href":"https:\/\/kosmeetika24.com\/en\/wp-json\/wp\/v2\/types\/product"}],"replies":[{"embeddable":true,"href":"https:\/\/kosmeetika24.com\/en\/wp-json\/wp\/v2\/comments?post=1743"}],"version-history":[{"count":1,"href":"https:\/\/kosmeetika24.com\/en\/wp-json\/wp\/v2\/product\/1743\/revisions"}],"predecessor-version":[{"id":4176,"href":"https:\/\/kosmeetika24.com\/en\/wp-json\/wp\/v2\/product\/1743\/revisions\/4176"}],"wp:featuredmedia":[{"embeddable":true,"href":"https:\/\/kosmeetika24.com\/en\/wp-json\/wp\/v2\/media\/1744"}],"wp:attachment":[{"href":"https:\/\/kosmeetika24.com\/en\/wp-json\/wp\/v2\/media?parent=1743"}],"wp:term":[{"taxonomy":"product_brand","embeddable":true,"href":"https:\/\/kosmeetika24.com\/en\/wp-json\/wp\/v2\/product_brand?post=1743"},{"taxonomy":"product_cat","embeddable":true,"href":"https:\/\/kosmeetika24.com\/en\/wp-json\/wp\/v2\/product_cat?post=1743"},{"taxonomy":"product_tag","embeddable":true,"href":"https:\/\/kosmeetika24.com\/en\/wp-json\/wp\/v2\/product_tag?post=1743"}],"curies":[{"name":"wp","href":"https:\/\/api.w.org\/{rel}","templated":true}]}}