{"id":1723,"date":"2023-11-22T13:34:32","date_gmt":"2023-11-22T13:34:32","guid":{"rendered":"https:\/\/kosmeetika24.com\/?post_type=product&#038;p=1723"},"modified":"2025-07-03T11:28:52","modified_gmt":"2025-07-03T08:28:52","slug":"bruno-vassari-lab-biotics-taastav-kreem","status":"publish","type":"product","link":"https:\/\/kosmeetika24.com\/en\/product\/bruno-vassari-lab-biotics-taastav-kreem\/","title":{"rendered":"BRUNO VASSARI Lab Biotics Recovery Cream"},"content":{"rendered":"<p class=\"translation-block\">A recovery cream <em>Lactis Advanced Cream<\/em>  rich in prebiotic and probiotic active ingredients that helps maintain the balance of the skin's flora. It activates cellular renewal, strengthening the skin's natural barrier that protects us from external harmful factors while deeply hydrating and revitalizing.<\/p>\n<p>The skin appears healthier: it restores hydration, smoothness, elasticity, and renewal capacity, improving skin tone and signs of aging such as wrinkles and fine lines. It also maintains the skin's optimal pH to preserve the balance of the skin's ecosystem.<\/p>\n<p>Suitable for all skin types, especially for sensitive skin.<\/p>\n<p><strong>KEY INGREDIENTS<\/strong><\/p>\n<ul>\n<li class=\"translation-block\">ProRenew Complex CLR\u2122 is a probiotic ingredient derived from the lysate of <em>Lactococcus lactis<\/em>.<\/li>\n<li>ProRenew Complex CLR\u2122 is a probiotic ingredient derived from the lysate of <em>Lactococcus lactis<\/em>.<\/li>\n<li>Kombucha\u2122 PH<\/li>\n<li>Niacinamide<\/li>\n<li>Hyaluronic acid<\/li>\n<\/ul>\n<p><strong>Effect<\/strong><\/p>\n<ul>\n<li>ProRenew Complex CLR\u2122 accelerates skin renewal: it strengthens cellular renewal, improving both speed and quality. It helps maintain the balance of the epidermal barrier and preserves optimal moisture and protection levels. It enhances the skin's natural defense capabilities.<\/li>\n<li>Teflose\u00ae is a polysaccharide derived from the fermentation of plant-based bacteria, with a structure rich in rhamnose. It acts as a protective agent, preventing the adhesion of pathogenic bacteria to the skin surface and reducing susceptibility to pollutants. It soothes and protects the skin.<\/li>\n<li class=\"translation-block\">Kombuchka\u2122 PH is a product fermented from black tea through the symbiosis of two microorganisms (yeast <em>Saccharomyces<\/em> and bacteria <em>Xylinum<\/em>). It softens and refreshes the skin, improving its quality (softness and radiance).<\/li>\n<li>Niacinamide is a derivative of vitamin B3 that helps reduce wrinkles and fine lines, diminishes signs of photoaging, reduces pigmentation, and brightens the skin. It visibly minimizes pore size, stimulates collagen production, improves dull complexion, and strengthens the skin's protective barrier, promoting skin hydration.<\/li>\n<li>Hyaluronic acid has a high water-binding capacity, helping to restore the fibers that support the skin's texture. Due to its medium molecular weight, hyaluronic acid is capable of penetrating the stratum corneum, binding water, and hydrating and restoring the volume of the epidermis.<\/li>\n<\/ul>\n<p>Usage<\/p>\n<ul>\n<li class=\"translation-block\">Clean the skin beforehand using, for example, the <a href=\"https:\/\/kosmeetika24.eu\/toode\/bruno-vassari-lab-biotics-rikkalik-puhastusvaht\/\" target=\"_self\">BRUNO VASSARI Lab Biotics Rich Cleansing Foam<\/a>.<\/li>\n<li class=\"translation-block\">Tone the skin beforehand using, for example, the <a href=\"https:\/\/kosmeetika24.eu\/toode\/bruno-vassari-lab-biotics-igapaevane-toonik-2\/\" target=\"_self\">BRUNO VASSARI Lab Biotics Daily Toner<\/a>.<\/li>\n<li>Apply the cream to clean skin using gentle massaging motions. Suitable for use both in the morning and in the evening.<\/li>\n<li class=\"translation-block\">For eye area care, use, for example, the <a href=\"https:\/\/kosmeetika24.eu\/toode\/bruno-vassari-collagen-booster-peptide-eye-contour-gel-cream\/\" target=\"_self\">BRUNO VASSARI Collagen Booster Peptide Eye Contour Gel Cream<\/a>.<\/li>\n<\/ul>\n<p>Ingredients<\/p>\n<p><span style=\"font-size: 14px;\">AQUA (WATER), GLYCERIN, DICAPRYLYL CARBONATE, CAPRYLIC\/CAPRIC TRIGLYCERIDE, ISONONYL, ISONONANOATE, LACTOCOCCUS FERMENT LYSATE, NIACINAMIDE, GLYCOL PALMITATE, POLYACRYLATE 13, PROPANEDIOL, GLYCERYL STEARATE, PEG-100 STEARATE, DIMETHICONE, SACCHAROMYCES\/XYLINUM\/BLAC TEA FERMENT, C14-22 ALCOHOLS, RHAMNOSE, GLUCOSE, POLYISOBUTENE, C12-20 ALKYL GLUCOSIDE, SODIUM HYALURONATE, PHENOXYETHANOL, ECTOIN, POLYSORBATE 20, GLUCURONIC ACID, CHLORPHENESIN, DISODIUM EDTA, LACTIC ACID, METHYLPARABEN, PARFUM (FRAGRANCE), SODIUM HYDROXIDE, HYDROXYETHYLCELLULOSE, SODIUM CHLORIDE, SODIUM CITRATE, SODIUM BENZOATE, CITRIC ACID, POTASSIUM SORBATE.<\/span><\/p>","protected":false},"excerpt":{"rendered":"<p>A recovery cream rich in prebiotic and probiotic active ingredients that helps maintain the balance of the skin's flora. It reactivates cellular renewal, strengthening the skin's natural barrier that protects us from external harmful factors while deeply hydrating and revitalizing.<\/p>\n<p>50 ml<\/p>","protected":false},"featured_media":1724,"comment_status":"open","ping_status":"closed","template":"","meta":{"_uag_custom_page_level_css":"","site-sidebar-layout":"default","site-content-layout":"","ast-site-content-layout":"default","site-content-style":"default","site-sidebar-style":"default","ast-global-header-display":"","ast-banner-title-visibility":"","ast-main-header-display":"","ast-hfb-above-header-display":"","ast-hfb-below-header-display":"","ast-hfb-mobile-header-display":"","site-post-title":"","ast-breadcrumbs-content":"","ast-featured-img":"","footer-sml-layout":"","ast-disable-related-posts":"","theme-transparent-header-meta":"default","adv-header-id-meta":"","stick-header-meta":"","header-above-stick-meta":"","header-main-stick-meta":"","header-below-stick-meta":"","astra-migrate-meta-layouts":"set","ast-page-background-enabled":"default","ast-page-background-meta":{"desktop":{"background-color":"var(--ast-global-color-4)","background-image":"","background-repeat":"repeat","background-position":"center center","background-size":"auto","background-attachment":"scroll","background-type":"","background-media":"","overlay-type":"","overlay-color":"","overlay-opacity":"","overlay-gradient":""},"tablet":{"background-color":"","background-image":"","background-repeat":"repeat","background-position":"center center","background-size":"auto","background-attachment":"scroll","background-type":"","background-media":"","overlay-type":"","overlay-color":"","overlay-opacity":"","overlay-gradient":""},"mobile":{"background-color":"","background-image":"","background-repeat":"repeat","background-position":"center center","background-size":"auto","background-attachment":"scroll","background-type":"","background-media":"","overlay-type":"","overlay-color":"","overlay-opacity":"","overlay-gradient":""}},"ast-content-background-meta":{"desktop":{"background-color":"var(--ast-global-color-5)","background-image":"","background-repeat":"repeat","background-position":"center center","background-size":"auto","background-attachment":"scroll","background-type":"","background-media":"","overlay-type":"","overlay-color":"","overlay-opacity":"","overlay-gradient":""},"tablet":{"background-color":"var(--ast-global-color-5)","background-image":"","background-repeat":"repeat","background-position":"center center","background-size":"auto","background-attachment":"scroll","background-type":"","background-media":"","overlay-type":"","overlay-color":"","overlay-opacity":"","overlay-gradient":""},"mobile":{"background-color":"var(--ast-global-color-5)","background-image":"","background-repeat":"repeat","background-position":"center center","background-size":"auto","background-attachment":"scroll","background-type":"","background-media":"","overlay-type":"","overlay-color":"","overlay-opacity":"","overlay-gradient":""}}},"product_brand":[],"product_cat":[96,66,97],"product_tag":[],"class_list":{"0":"post-1723","1":"product","2":"type-product","3":"status-publish","4":"has-post-thumbnail","6":"product_cat-brands","7":"product_cat-lab-biotics","8":"product_cat-naole","9":"desktop-align-left","10":"tablet-align-left","11":"mobile-align-left","13":"first","14":"instock","15":"taxable","16":"shipping-taxable","17":"product-type-simple","18":"add-to-wishlist-before_image"},"uagb_featured_image_src":{"full":["https:\/\/kosmeetika24.com\/wp-content\/uploads\/2023\/11\/334-Lactis-Advanced-Cream-1.jpg",600,600,false],"thumbnail":["https:\/\/kosmeetika24.com\/wp-content\/uploads\/2023\/11\/334-Lactis-Advanced-Cream-1-150x150.jpg",150,150,true],"medium":["https:\/\/kosmeetika24.com\/wp-content\/uploads\/2023\/11\/334-Lactis-Advanced-Cream-1-300x300.jpg",300,300,true],"medium_large":["https:\/\/kosmeetika24.com\/wp-content\/uploads\/2023\/11\/334-Lactis-Advanced-Cream-1.jpg",600,600,false],"large":["https:\/\/kosmeetika24.com\/wp-content\/uploads\/2023\/11\/334-Lactis-Advanced-Cream-1.jpg",600,600,false],"1536x1536":["https:\/\/kosmeetika24.com\/wp-content\/uploads\/2023\/11\/334-Lactis-Advanced-Cream-1.jpg",600,600,false],"2048x2048":["https:\/\/kosmeetika24.com\/wp-content\/uploads\/2023\/11\/334-Lactis-Advanced-Cream-1.jpg",600,600,false],"trp-custom-language-flag":["https:\/\/kosmeetika24.com\/wp-content\/uploads\/2023\/11\/334-Lactis-Advanced-Cream-1-12x12.jpg",12,12,true],"woocommerce_thumbnail":["https:\/\/kosmeetika24.com\/wp-content\/uploads\/2023\/11\/334-Lactis-Advanced-Cream-1-300x300.jpg",300,300,true],"woocommerce_single":["https:\/\/kosmeetika24.com\/wp-content\/uploads\/2023\/11\/334-Lactis-Advanced-Cream-1-500x500.jpg",500,500,true],"woocommerce_gallery_thumbnail":["https:\/\/kosmeetika24.com\/wp-content\/uploads\/2023\/11\/334-Lactis-Advanced-Cream-1-100x100.jpg",100,100,true]},"uagb_author_info":{"display_name":"admin","author_link":"https:\/\/kosmeetika24.com\/en\/author\/"},"uagb_comment_info":0,"uagb_excerpt":"Prebiootiliste ja probiootiliste toimeainete rikas taastav kreem, mis aitab s\u00e4ilitada naha naha floora tasakaalu. Taasaktiveerib enda rakulist uuenemist, tugevdades naha loomulikku barj\u00e4\u00e4ri, mis kaitseb meid v\u00e4liste kahjulike tegurite eest, samal ajal s\u00fcgavniisutades ja taaselustades. 50 ml","_links":{"self":[{"href":"https:\/\/kosmeetika24.com\/en\/wp-json\/wp\/v2\/product\/1723","targetHints":{"allow":["GET"]}}],"collection":[{"href":"https:\/\/kosmeetika24.com\/en\/wp-json\/wp\/v2\/product"}],"about":[{"href":"https:\/\/kosmeetika24.com\/en\/wp-json\/wp\/v2\/types\/product"}],"replies":[{"embeddable":true,"href":"https:\/\/kosmeetika24.com\/en\/wp-json\/wp\/v2\/comments?post=1723"}],"version-history":[{"count":2,"href":"https:\/\/kosmeetika24.com\/en\/wp-json\/wp\/v2\/product\/1723\/revisions"}],"predecessor-version":[{"id":5362,"href":"https:\/\/kosmeetika24.com\/en\/wp-json\/wp\/v2\/product\/1723\/revisions\/5362"}],"wp:featuredmedia":[{"embeddable":true,"href":"https:\/\/kosmeetika24.com\/en\/wp-json\/wp\/v2\/media\/1724"}],"wp:attachment":[{"href":"https:\/\/kosmeetika24.com\/en\/wp-json\/wp\/v2\/media?parent=1723"}],"wp:term":[{"taxonomy":"product_brand","embeddable":true,"href":"https:\/\/kosmeetika24.com\/en\/wp-json\/wp\/v2\/product_brand?post=1723"},{"taxonomy":"product_cat","embeddable":true,"href":"https:\/\/kosmeetika24.com\/en\/wp-json\/wp\/v2\/product_cat?post=1723"},{"taxonomy":"product_tag","embeddable":true,"href":"https:\/\/kosmeetika24.com\/en\/wp-json\/wp\/v2\/product_tag?post=1723"}],"curies":[{"name":"wp","href":"https:\/\/api.w.org\/{rel}","templated":true}]}}