{"id":1721,"date":"2024-01-05T18:23:00","date_gmt":"2024-01-05T18:23:00","guid":{"rendered":"https:\/\/kosmeetika24.com\/?post_type=product&#038;p=1721"},"modified":"2025-07-03T11:28:21","modified_gmt":"2025-07-03T08:28:21","slug":"bruno-vassari-lab-biotics-igapaevane-toonik","status":"publish","type":"product","link":"https:\/\/kosmeetika24.com\/en\/product\/bruno-vassari-lab-biotics-igapaevane-toonik\/","title":{"rendered":"BRUNO VASSARI Lab Biotics Daily Toner"},"content":{"rendered":"<p class=\"translation-block\">The prebiotic face mist <em>Daily Mist Toner<\/em> refreshes, hydrates, and activates the skin's natural defense capabilities. It restores the balance of flora after daily cleansing and protects the skin's ecosystem from external factors, strengthening the skin's protective barrier and maintaining optimal hydration levels.<\/p>\n<p>Suitable for all skin types, especially for sensitive skin.<\/p>\n<p><strong>KEY INGREDIENTS<\/strong><\/p>\n<ul>\n<li>BioEcolia\u00ae: a prebiotic protector derived from natural sugar.<\/li>\n<li>Kombucha\u2122 PH<\/li>\n<li>Inositol<\/li>\n<\/ul>\n<p><strong>Effect<\/strong><\/p>\n<ul>\n<li>BioEcolia\u00ae activates and strengthens the skin's natural defense. Due to its complex structure, it protects and maintains the balance of the delicate skin\u2019s ecosystem, which is constantly exposed to numerous external factors. It strengthens the stratum corneum's protective barrier, improving its overall condition and comfort.<\/li>\n<li class=\"translation-block\">Kombuchka\u2122 PH is a product fermented from black tea through the symbiosis of two microorganisms (yeast <em>Saccharomyces<\/em> and bacteria <em>Xylinum<\/em>). It softens and refreshes the skin, improving its quality (softness and radiance).<\/li>\n<li>Inositol activates skin cells responsible for synthesizing essential proteins such as elastin and collagen, to maintain the skin's condition, integrity, and properties. It helps maintain moisture balance by preventing transdermal water loss, improves overall hydration, and thus helps prevent the formation of wrinkles and fine lines.<\/li>\n<\/ul>\n<p>Usage<\/p>\n<ul>\n<li class=\"translation-block\">Clean the skin beforehand using, for example, the <a href=\"https:\/\/kosmeetika24.eu\/toode\/bruno-vassari-lab-biotics-rikkalik-puhastusvaht\/\" target=\"_self\">BRUNO VASSARI Lab Biotics Rich Cleansing Foam<\/a>.<\/li>\n<li>Apply the toner to clean, dry skin using a cotton pad, gently rubbing it in. Suitable for use both in the morning and in the evening.<\/li>\n<li class=\"translation-block\">Continue with a suitable cream. In the morning, use for example the <a href=\"https:\/\/kosmeetika24.eu\/toode\/bruno-vassari-lab-biotics-taastav-kreem\/\" target=\"_self\">BRUNO VASSARI Lab Biotics Restorative Cream<\/a>. For particularly sensitive skin, you may use, for example, the <a href=\"https:\/\/kosmeetika24.eu\/toode\/bruno-vassari-lab-biotics-kreem-eriti-tundlikule-nahale\/\" target=\"_self\">BRUNO VASSARI Lab Biotics Cream for Very Sensitive Skin<\/a>.<\/li>\n<li class=\"translation-block\">In the evening, use for example the <a href=\"https:\/\/kosmeetika24.eu\/toode\/bruno-vassari-lab-biotics-skin-defence-boosters-capsules\/\" target=\"_self\">BRUNO VASSARI Lab Biotics Skin Defense Serum (in capsules)<\/a>.<\/li>\n<\/ul>\n<p>To prepare the skin and enhance the absorption of active ingredients, use a toner instead of a spray, applying it to the desired area. Spraying allows for the restoration of skin hydration and comfort throughout the day.<\/p>\n<p>Ingredients<\/p>\n<p><span style=\"font-size: 14px;\">AQUA (WATER), BUTYLENE GLYCOL, PROPANEDIOL, INOSITOL, ALPHA-GLUCAN OLIGOSACCHARIDE, SACCHAROMYCES\/XYLINUM\/BLAK TEA FERMENT, SODIUM PCA, PHENOXYETHANOL, DISODIUM EDTA, CHLORPHENESIN, PEG-40 HYDROGENATED GASTOR OIL, GLYCERIN, PARFUM (FRAGRANCE), HYDROXYETHYLCELLULOSE, SODIUM CITRATE, CITRIC ACID, POTASSIUM SORBATE.<\/span><\/p>","protected":false},"excerpt":{"rendered":"<p>A multifunctional toner that refreshes, hydrates, and activates the skin's natural defense capabilities. Due to its prebiotic-rich formulation, it restores the balance of beneficial flora and protects the skin from external aggressors, strengthening the protective barrier and maintaining optimal hydration levels.<\/p>\n<p>200 ml<\/p>","protected":false},"featured_media":1722,"comment_status":"open","ping_status":"closed","template":"","meta":{"_uag_custom_page_level_css":"","site-sidebar-layout":"default","site-content-layout":"","ast-site-content-layout":"default","site-content-style":"default","site-sidebar-style":"default","ast-global-header-display":"","ast-banner-title-visibility":"","ast-main-header-display":"","ast-hfb-above-header-display":"","ast-hfb-below-header-display":"","ast-hfb-mobile-header-display":"","site-post-title":"","ast-breadcrumbs-content":"","ast-featured-img":"","footer-sml-layout":"","ast-disable-related-posts":"","theme-transparent-header-meta":"default","adv-header-id-meta":"","stick-header-meta":"","header-above-stick-meta":"","header-main-stick-meta":"","header-below-stick-meta":"","astra-migrate-meta-layouts":"set","ast-page-background-enabled":"default","ast-page-background-meta":{"desktop":{"background-color":"var(--ast-global-color-4)","background-image":"","background-repeat":"repeat","background-position":"center center","background-size":"auto","background-attachment":"scroll","background-type":"","background-media":"","overlay-type":"","overlay-color":"","overlay-opacity":"","overlay-gradient":""},"tablet":{"background-color":"","background-image":"","background-repeat":"repeat","background-position":"center center","background-size":"auto","background-attachment":"scroll","background-type":"","background-media":"","overlay-type":"","overlay-color":"","overlay-opacity":"","overlay-gradient":""},"mobile":{"background-color":"","background-image":"","background-repeat":"repeat","background-position":"center center","background-size":"auto","background-attachment":"scroll","background-type":"","background-media":"","overlay-type":"","overlay-color":"","overlay-opacity":"","overlay-gradient":""}},"ast-content-background-meta":{"desktop":{"background-color":"var(--ast-global-color-5)","background-image":"","background-repeat":"repeat","background-position":"center center","background-size":"auto","background-attachment":"scroll","background-type":"","background-media":"","overlay-type":"","overlay-color":"","overlay-opacity":"","overlay-gradient":""},"tablet":{"background-color":"var(--ast-global-color-5)","background-image":"","background-repeat":"repeat","background-position":"center center","background-size":"auto","background-attachment":"scroll","background-type":"","background-media":"","overlay-type":"","overlay-color":"","overlay-opacity":"","overlay-gradient":""},"mobile":{"background-color":"var(--ast-global-color-5)","background-image":"","background-repeat":"repeat","background-position":"center center","background-size":"auto","background-attachment":"scroll","background-type":"","background-media":"","overlay-type":"","overlay-color":"","overlay-opacity":"","overlay-gradient":""}}},"product_brand":[],"product_cat":[96,66,97],"product_tag":[],"class_list":{"0":"post-1721","1":"product","2":"type-product","3":"status-publish","4":"has-post-thumbnail","6":"product_cat-brands","7":"product_cat-lab-biotics","8":"product_cat-naole","9":"desktop-align-left","10":"tablet-align-left","11":"mobile-align-left","13":"first","14":"outofstock","15":"taxable","16":"shipping-taxable","17":"product-type-simple","18":"add-to-wishlist-before_image"},"uagb_featured_image_src":{"full":["https:\/\/kosmeetika24.com\/wp-content\/uploads\/2023\/11\/333-Daily-Mist-Toner.jpg",600,600,false],"thumbnail":["https:\/\/kosmeetika24.com\/wp-content\/uploads\/2023\/11\/333-Daily-Mist-Toner-150x150.jpg",150,150,true],"medium":["https:\/\/kosmeetika24.com\/wp-content\/uploads\/2023\/11\/333-Daily-Mist-Toner-300x300.jpg",300,300,true],"medium_large":["https:\/\/kosmeetika24.com\/wp-content\/uploads\/2023\/11\/333-Daily-Mist-Toner.jpg",600,600,false],"large":["https:\/\/kosmeetika24.com\/wp-content\/uploads\/2023\/11\/333-Daily-Mist-Toner.jpg",600,600,false],"1536x1536":["https:\/\/kosmeetika24.com\/wp-content\/uploads\/2023\/11\/333-Daily-Mist-Toner.jpg",600,600,false],"2048x2048":["https:\/\/kosmeetika24.com\/wp-content\/uploads\/2023\/11\/333-Daily-Mist-Toner.jpg",600,600,false],"trp-custom-language-flag":["https:\/\/kosmeetika24.com\/wp-content\/uploads\/2023\/11\/333-Daily-Mist-Toner-12x12.jpg",12,12,true],"woocommerce_thumbnail":["https:\/\/kosmeetika24.com\/wp-content\/uploads\/2023\/11\/333-Daily-Mist-Toner-300x300.jpg",300,300,true],"woocommerce_single":["https:\/\/kosmeetika24.com\/wp-content\/uploads\/2023\/11\/333-Daily-Mist-Toner-500x500.jpg",500,500,true],"woocommerce_gallery_thumbnail":["https:\/\/kosmeetika24.com\/wp-content\/uploads\/2023\/11\/333-Daily-Mist-Toner-100x100.jpg",100,100,true]},"uagb_author_info":{"display_name":"admin","author_link":"https:\/\/kosmeetika24.com\/en\/author\/"},"uagb_comment_info":0,"uagb_excerpt":"Multifunktsionaalne toonik, mis v\u00e4rskendab, niisutab ja aktiveerib naha loomulikku kaitsev\u00f5imet. Prebiootikumirikka koostise t\u00f5ttu taastab see kasuliku floora tasakaalu ja kaitseb nahka v\u00e4liste agressioonide eest, tugevdades kaitsebarj\u00e4\u00e4ri ja s\u00e4ilitades optimaalse niisutustaseme. 200 ml","_links":{"self":[{"href":"https:\/\/kosmeetika24.com\/en\/wp-json\/wp\/v2\/product\/1721","targetHints":{"allow":["GET"]}}],"collection":[{"href":"https:\/\/kosmeetika24.com\/en\/wp-json\/wp\/v2\/product"}],"about":[{"href":"https:\/\/kosmeetika24.com\/en\/wp-json\/wp\/v2\/types\/product"}],"replies":[{"embeddable":true,"href":"https:\/\/kosmeetika24.com\/en\/wp-json\/wp\/v2\/comments?post=1721"}],"version-history":[{"count":1,"href":"https:\/\/kosmeetika24.com\/en\/wp-json\/wp\/v2\/product\/1721\/revisions"}],"predecessor-version":[{"id":4630,"href":"https:\/\/kosmeetika24.com\/en\/wp-json\/wp\/v2\/product\/1721\/revisions\/4630"}],"wp:featuredmedia":[{"embeddable":true,"href":"https:\/\/kosmeetika24.com\/en\/wp-json\/wp\/v2\/media\/1722"}],"wp:attachment":[{"href":"https:\/\/kosmeetika24.com\/en\/wp-json\/wp\/v2\/media?parent=1721"}],"wp:term":[{"taxonomy":"product_brand","embeddable":true,"href":"https:\/\/kosmeetika24.com\/en\/wp-json\/wp\/v2\/product_brand?post=1721"},{"taxonomy":"product_cat","embeddable":true,"href":"https:\/\/kosmeetika24.com\/en\/wp-json\/wp\/v2\/product_cat?post=1721"},{"taxonomy":"product_tag","embeddable":true,"href":"https:\/\/kosmeetika24.com\/en\/wp-json\/wp\/v2\/product_tag?post=1721"}],"curies":[{"name":"wp","href":"https:\/\/api.w.org\/{rel}","templated":true}]}}