{"id":1717,"date":"2024-01-05T18:20:33","date_gmt":"2024-01-05T18:20:33","guid":{"rendered":"https:\/\/kosmeetika24.com\/?post_type=product&#038;p=1717"},"modified":"2025-07-02T16:24:13","modified_gmt":"2025-07-02T13:24:13","slug":"bruno-vassari-lab-biotics-kreem-eriti-tundlikule-nahale","status":"publish","type":"product","link":"https:\/\/kosmeetika24.com\/en\/product\/bruno-vassari-lab-biotics-kreem-eriti-tundlikule-nahale\/","title":{"rendered":"BRUNO VASSARI Lab Biotics Cream for very sensitive skin"},"content":{"rendered":"<p class=\"translation-block\">Face and body cream <em>Dermal Relief Cream<\/em> is ideal for caring for sensitive and delicate skin. It restores the skin's natural protective barrier, relieves irritation and discomfort. It strengthens and maintains the skin's beneficial flora.<\/p>\n<p>Suitable for all skin types, especially the most sensitive skin.<\/p>\n<p><strong>KEY INGREDIENTS<\/strong><\/p>\n<ul>\n<li>Ectoine<\/li>\n<li>Algaktiv\u00ae BioSKN<\/li>\n<li>Niacinamide<\/li>\n<li>Ceramide Complex CLR<\/li>\n<\/ul>\n<p><strong>Effect<\/strong><\/p>\n<ul>\n<li>Ectoine is capable of storing surrounding water molecules and forming a compound known as Ectoin Hydro Complex. This compound surrounds cells, enzymes, proteins, and other biomolecules, creating a protective layer that nourishes and balances moisture levels. As a result, stress factors, pollutants, allergens, adverse weather conditions, dryness, chemical stress, etc., cannot act on the cells or damage them. As a result of this protection, the hydrolipidic barrier improves, and transepidermal water loss is reduced.<\/li>\n<li>Algaktiv\u00ae BioSKN is a highly nourishing prebiotic. It revitalizes and rejuvenates the skin by providing the necessary factors to maintain the microbiota in good condition and reduce irritation of the skin's surface.<\/li>\n<li>Niacinamide helps reduce wrinkles and fine lines, reduces signs of photoaging; reduces pigmentation, melasma, and brightens the skin; helps visibly reduce pore size, stimulates collagen production; improves dull complexion; strengthens the skin\u2019s barrier, promoting hydration.<\/li>\n<li>Ceramide Complex CLR is a concentrated blend of skin-like lipids that restore and strengthen the lipid barrier of dry and cracked stratum corneum. It restores the perfect appearance and texture while promoting and providing optimal hydration.<\/li>\n<\/ul>\n<p><strong>Usage<\/strong><\/p>\n<ul>\n<li class=\"translation-block\">Clean the skin beforehand using, for example, the <a href=\"https:\/\/kosmeetika24.eu\/toode\/bruno-vassari-lab-biotics-rikkalik-puhastusvaht\/\" target=\"_self\">BRUNO VASSARI Lab Biotics Rich Cleansing Foam<\/a>.<\/li>\n<li class=\"translation-block\">Tone the skin beforehand using, for example, the <a href=\"https:\/\/kosmeetika24.eu\/toode\/bruno-vassari-lab-biotics-igapaevane-toonik-2\/\" target=\"_self\">BRUNO VASSARI Lab Biotics Daily Toner<\/a>.<\/li>\n<li>Apply the cream as needed 1-2 times a day with gentle massaging movements to previously cleansed skin. Suitable for use both in the morning and evening.<\/li>\n<li class=\"translation-block\">For eye contour care, we recommend, for example, the product <a href=\"https:\/\/kosmeetika24.eu\/toode\/bruno-vassari-collagen-booster-peptide-eye-contour-gel-cream\/\" target=\"_self\">BRUNO VASSARI Collagen Booster Peptide Eye Contour Cream<\/a>.<\/li>\n<\/ul>\n<p><strong>Ingredients<\/strong><\/p>\n<p><span style=\"font-size: 14px;\">AQUA (WATER), PAFFINUM LIQUIDUM (MINERAL OIL), GLYCERIN, SQUALANE, CAPRYLIC\/CAPRIC TRIGLYCERIDE, DECYL OLEATE, HYDROGENATED POLYISOBUTENE, BUTYROSPERMUM PARKII (SHEA) BUTTER, NIACINAMIDE, GLYCERYL STEARATE, PEG-100 STEARATE, CETYL ALCOHOL, POTASSIUM CETYL PHOSPHATE, PHOSPHOLIPIDS, SPHINGOLIPIDS, DIMETHICONE, POLYACRYLAMIDE, CHLORELLA VULGARIS EXTRACT, PHENOXYETHANOL, ECTOIN, C13-14 ISOPARAFFIN, LACTIC ACID, ETHYLHEXYLGLYCERIN, CHLORPHENESIN, DISODIUM EDTA, XANTHAN GUM, LAURETH-7, PROPANEDIOL, POTASSIUM SORBATE, PARFUM (FRAGRANCE).<\/span><\/p>","protected":false},"excerpt":{"rendered":"<p>Face and body cream that is perfect for caring for very sensitive and delicate skin.<\/p>\n<p>Restores the skin's protective barrier, relieves irritation and discomfort, and<\/p>\n<p>strengthens and protects the skin flora.<\/p>\n<p>100 ml<\/p>","protected":false},"featured_media":1718,"comment_status":"open","ping_status":"closed","template":"","meta":{"_uag_custom_page_level_css":"","site-sidebar-layout":"default","site-content-layout":"","ast-site-content-layout":"default","site-content-style":"default","site-sidebar-style":"default","ast-global-header-display":"","ast-banner-title-visibility":"","ast-main-header-display":"","ast-hfb-above-header-display":"","ast-hfb-below-header-display":"","ast-hfb-mobile-header-display":"","site-post-title":"","ast-breadcrumbs-content":"","ast-featured-img":"","footer-sml-layout":"","ast-disable-related-posts":"","theme-transparent-header-meta":"default","adv-header-id-meta":"","stick-header-meta":"","header-above-stick-meta":"","header-main-stick-meta":"","header-below-stick-meta":"","astra-migrate-meta-layouts":"set","ast-page-background-enabled":"default","ast-page-background-meta":{"desktop":{"background-color":"var(--ast-global-color-4)","background-image":"","background-repeat":"repeat","background-position":"center center","background-size":"auto","background-attachment":"scroll","background-type":"","background-media":"","overlay-type":"","overlay-color":"","overlay-opacity":"","overlay-gradient":""},"tablet":{"background-color":"","background-image":"","background-repeat":"repeat","background-position":"center center","background-size":"auto","background-attachment":"scroll","background-type":"","background-media":"","overlay-type":"","overlay-color":"","overlay-opacity":"","overlay-gradient":""},"mobile":{"background-color":"","background-image":"","background-repeat":"repeat","background-position":"center center","background-size":"auto","background-attachment":"scroll","background-type":"","background-media":"","overlay-type":"","overlay-color":"","overlay-opacity":"","overlay-gradient":""}},"ast-content-background-meta":{"desktop":{"background-color":"var(--ast-global-color-5)","background-image":"","background-repeat":"repeat","background-position":"center center","background-size":"auto","background-attachment":"scroll","background-type":"","background-media":"","overlay-type":"","overlay-color":"","overlay-opacity":"","overlay-gradient":""},"tablet":{"background-color":"var(--ast-global-color-5)","background-image":"","background-repeat":"repeat","background-position":"center center","background-size":"auto","background-attachment":"scroll","background-type":"","background-media":"","overlay-type":"","overlay-color":"","overlay-opacity":"","overlay-gradient":""},"mobile":{"background-color":"var(--ast-global-color-5)","background-image":"","background-repeat":"repeat","background-position":"center center","background-size":"auto","background-attachment":"scroll","background-type":"","background-media":"","overlay-type":"","overlay-color":"","overlay-opacity":"","overlay-gradient":""}}},"product_brand":[],"product_cat":[96,66,97],"product_tag":[],"class_list":{"0":"post-1717","1":"product","2":"type-product","3":"status-publish","4":"has-post-thumbnail","6":"product_cat-brands","7":"product_cat-lab-biotics","8":"product_cat-naole","9":"desktop-align-left","10":"tablet-align-left","11":"mobile-align-left","13":"first","14":"instock","15":"taxable","16":"shipping-taxable","17":"product-type-simple","18":"add-to-wishlist-before_image"},"uagb_featured_image_src":{"full":["https:\/\/kosmeetika24.com\/wp-content\/uploads\/2023\/11\/330-Dermal-Relief-Cream.jpg",600,600,false],"thumbnail":["https:\/\/kosmeetika24.com\/wp-content\/uploads\/2023\/11\/330-Dermal-Relief-Cream-150x150.jpg",150,150,true],"medium":["https:\/\/kosmeetika24.com\/wp-content\/uploads\/2023\/11\/330-Dermal-Relief-Cream-300x300.jpg",300,300,true],"medium_large":["https:\/\/kosmeetika24.com\/wp-content\/uploads\/2023\/11\/330-Dermal-Relief-Cream.jpg",600,600,false],"large":["https:\/\/kosmeetika24.com\/wp-content\/uploads\/2023\/11\/330-Dermal-Relief-Cream.jpg",600,600,false],"1536x1536":["https:\/\/kosmeetika24.com\/wp-content\/uploads\/2023\/11\/330-Dermal-Relief-Cream.jpg",600,600,false],"2048x2048":["https:\/\/kosmeetika24.com\/wp-content\/uploads\/2023\/11\/330-Dermal-Relief-Cream.jpg",600,600,false],"trp-custom-language-flag":["https:\/\/kosmeetika24.com\/wp-content\/uploads\/2023\/11\/330-Dermal-Relief-Cream-12x12.jpg",12,12,true],"woocommerce_thumbnail":["https:\/\/kosmeetika24.com\/wp-content\/uploads\/2023\/11\/330-Dermal-Relief-Cream-300x300.jpg",300,300,true],"woocommerce_single":["https:\/\/kosmeetika24.com\/wp-content\/uploads\/2023\/11\/330-Dermal-Relief-Cream-500x500.jpg",500,500,true],"woocommerce_gallery_thumbnail":["https:\/\/kosmeetika24.com\/wp-content\/uploads\/2023\/11\/330-Dermal-Relief-Cream-100x100.jpg",100,100,true]},"uagb_author_info":{"display_name":"admin","author_link":"https:\/\/kosmeetika24.com\/en\/author\/"},"uagb_comment_info":0,"uagb_excerpt":"N\u00e4o- ja kehakreem, mis sobib ideaalselt v\u00e4ga tundliku ja \u00f5rna naha hooldamiseks. Taastab naha kaitsebarj\u00e4\u00e4ri, leevendab \u00e4rritusi ja ebamugavustunnet ning tugevdab ja kaitseb nahafloorat. 100 ml","_links":{"self":[{"href":"https:\/\/kosmeetika24.com\/en\/wp-json\/wp\/v2\/product\/1717","targetHints":{"allow":["GET"]}}],"collection":[{"href":"https:\/\/kosmeetika24.com\/en\/wp-json\/wp\/v2\/product"}],"about":[{"href":"https:\/\/kosmeetika24.com\/en\/wp-json\/wp\/v2\/types\/product"}],"replies":[{"embeddable":true,"href":"https:\/\/kosmeetika24.com\/en\/wp-json\/wp\/v2\/comments?post=1717"}],"version-history":[{"count":3,"href":"https:\/\/kosmeetika24.com\/en\/wp-json\/wp\/v2\/product\/1717\/revisions"}],"predecessor-version":[{"id":6809,"href":"https:\/\/kosmeetika24.com\/en\/wp-json\/wp\/v2\/product\/1717\/revisions\/6809"}],"wp:featuredmedia":[{"embeddable":true,"href":"https:\/\/kosmeetika24.com\/en\/wp-json\/wp\/v2\/media\/1718"}],"wp:attachment":[{"href":"https:\/\/kosmeetika24.com\/en\/wp-json\/wp\/v2\/media?parent=1717"}],"wp:term":[{"taxonomy":"product_brand","embeddable":true,"href":"https:\/\/kosmeetika24.com\/en\/wp-json\/wp\/v2\/product_brand?post=1717"},{"taxonomy":"product_cat","embeddable":true,"href":"https:\/\/kosmeetika24.com\/en\/wp-json\/wp\/v2\/product_cat?post=1717"},{"taxonomy":"product_tag","embeddable":true,"href":"https:\/\/kosmeetika24.com\/en\/wp-json\/wp\/v2\/product_tag?post=1717"}],"curies":[{"name":"wp","href":"https:\/\/api.w.org\/{rel}","templated":true}]}}