{"id":1707,"date":"2024-01-05T18:01:38","date_gmt":"2024-01-05T18:01:38","guid":{"rendered":"https:\/\/kosmeetika24.com\/?post_type=product&#038;p=1707"},"modified":"2025-07-02T15:42:12","modified_gmt":"2025-07-02T12:42:12","slug":"bruno-vassari-city-beach-igapaevane-tooni-uhtlustav-kaitsekreem","status":"publish","type":"product","link":"https:\/\/kosmeetika24.com\/en\/product\/bruno-vassari-city-beach-igapaevane-tooni-uhtlustav-kaitsekreem\/","title":{"rendered":"BRUNO VASSARI City &amp; Beach Daily Tone-Uniforming Protective Cream"},"content":{"rendered":"<p class=\"translation-block\"><p>Everyday skin tone evening protective cream <em>Every Day Protection<\/em> SPF 40+ is a gel-cream ideal for use 365 days a year to prevent the formation of spots on the skin and premature aging.<\/p>\n<p>The cream absorbs quickly into the skin and is easily spreadable. It forms a protective layer on the skin that acts like a second skin. The product also provides a softer and more natural skin tone, evening out the complexion.<\/p><\/p>\n<p>Suitable for all skin types.<\/p>\n<p><p>Contains the innovative mineral filter EnhanceU-T-Medium, which provides broad-spectrum protection against UVA and UVB solar radiation:<\/p><\/p>\n<ul>\n<li>It has nanoparticle properties, but it is not a nano filter, which adds value to the sunscreen and avoids the typical issues of nano filters.<\/li>\n<li>It provides high protection against UVA and UVB radiation.<\/li>\n<li>It offers good photostability, with its components reducing photocatalytic activity.<\/li>\n<li>It evens out the skin tone.<\/li>\n<li>The gel-cream is also very moisturizing.<\/li>\n<\/ul>\n<p><strong>Usage<\/strong><\/p>\n<p><p>Apply generously to the face, neck, and d\u00e9colletage.<\/p><\/p>\n<p><p>After being in the water, apply the product to the skin again.<\/p><\/p>\n<p><strong>Ingredients<\/strong><\/p>\n<p>AQUA (WATER), TITANIUM DIOXIDE, ETH\u00dcLHEXYL METHOXYCINNAMATE, ALCOHOL DENAT., ETHYLHEXYL SALICYLATE, CYCLOPENTASILOXANE, HOMOSALATE, GL\u00dcCERIN, SILICA BUTYL METHOXYDIBENZOYLMETHANE, CETEARYL ALCOHOL, GLYCERYL STEARATE, PEG-100 STEARATE, HYDROGENATED VEGETABLE OLI, BIS-PEG-18 METHYL ETHER DIMETHYL SILANE, OCTOCRYLENE, POLYSORBATE 60, PHENOXYETHANOL, TOCOPERYL ACETATE, POLYACRYLATE 13, DISODIUM EDTA, CARBOMER, CHLORPHENESIN, TRIETHANOLAMINE, METHYLPROPANEDIOL, POLYISOBUTENE, BHT, PARFUM (FRAGRANCE), CAPRYLYL GLYCOL, POLYSORBATE 20, LINALOOL, LIMONENE, PHENYLPROPANOL, CITRONELLOL, HEXYL CINNAMAL, BUTYLPHENYL METHYLPROPIONAL, C.I. 77491 (IRON OXIDE), C.I. 77499 (IRON OXIDE).<\/p>","protected":false},"excerpt":{"rendered":"<p>Daily tone-unifying protective gel-cream. Richly moisturizing, contains UVA and UVB filters that protect from harmful sun effects.<\/p>\n<p>50 ml<\/p>\n<p>&nbsp;<\/p>","protected":false},"featured_media":1708,"comment_status":"open","ping_status":"closed","template":"","meta":{"_uag_custom_page_level_css":"","site-sidebar-layout":"default","site-content-layout":"","ast-site-content-layout":"default","site-content-style":"default","site-sidebar-style":"default","ast-global-header-display":"","ast-banner-title-visibility":"","ast-main-header-display":"","ast-hfb-above-header-display":"","ast-hfb-below-header-display":"","ast-hfb-mobile-header-display":"","site-post-title":"","ast-breadcrumbs-content":"","ast-featured-img":"","footer-sml-layout":"","ast-disable-related-posts":"","theme-transparent-header-meta":"default","adv-header-id-meta":"","stick-header-meta":"","header-above-stick-meta":"","header-main-stick-meta":"","header-below-stick-meta":"","astra-migrate-meta-layouts":"set","ast-page-background-enabled":"default","ast-page-background-meta":{"desktop":{"background-color":"var(--ast-global-color-4)","background-image":"","background-repeat":"repeat","background-position":"center center","background-size":"auto","background-attachment":"scroll","background-type":"","background-media":"","overlay-type":"","overlay-color":"","overlay-opacity":"","overlay-gradient":""},"tablet":{"background-color":"","background-image":"","background-repeat":"repeat","background-position":"center center","background-size":"auto","background-attachment":"scroll","background-type":"","background-media":"","overlay-type":"","overlay-color":"","overlay-opacity":"","overlay-gradient":""},"mobile":{"background-color":"","background-image":"","background-repeat":"repeat","background-position":"center center","background-size":"auto","background-attachment":"scroll","background-type":"","background-media":"","overlay-type":"","overlay-color":"","overlay-opacity":"","overlay-gradient":""}},"ast-content-background-meta":{"desktop":{"background-color":"var(--ast-global-color-5)","background-image":"","background-repeat":"repeat","background-position":"center center","background-size":"auto","background-attachment":"scroll","background-type":"","background-media":"","overlay-type":"","overlay-color":"","overlay-opacity":"","overlay-gradient":""},"tablet":{"background-color":"var(--ast-global-color-5)","background-image":"","background-repeat":"repeat","background-position":"center center","background-size":"auto","background-attachment":"scroll","background-type":"","background-media":"","overlay-type":"","overlay-color":"","overlay-opacity":"","overlay-gradient":""},"mobile":{"background-color":"var(--ast-global-color-5)","background-image":"","background-repeat":"repeat","background-position":"center center","background-size":"auto","background-attachment":"scroll","background-type":"","background-media":"","overlay-type":"","overlay-color":"","overlay-opacity":"","overlay-gradient":""}}},"product_brand":[],"product_cat":[96,68,97],"product_tag":[],"class_list":{"0":"post-1707","1":"product","2":"type-product","3":"status-publish","4":"has-post-thumbnail","6":"product_cat-brands","7":"product_cat-city-and-beach","8":"product_cat-naole","9":"desktop-align-left","10":"tablet-align-left","11":"mobile-align-left","13":"first","14":"instock","15":"taxable","16":"shipping-taxable","17":"product-type-simple","18":"add-to-wishlist-before_image"},"uagb_featured_image_src":{"full":["https:\/\/kosmeetika24.com\/wp-content\/uploads\/2023\/11\/308.png",600,600,false],"thumbnail":["https:\/\/kosmeetika24.com\/wp-content\/uploads\/2023\/11\/308-150x150.png",150,150,true],"medium":["https:\/\/kosmeetika24.com\/wp-content\/uploads\/2023\/11\/308-300x300.png",300,300,true],"medium_large":["https:\/\/kosmeetika24.com\/wp-content\/uploads\/2023\/11\/308.png",600,600,false],"large":["https:\/\/kosmeetika24.com\/wp-content\/uploads\/2023\/11\/308.png",600,600,false],"1536x1536":["https:\/\/kosmeetika24.com\/wp-content\/uploads\/2023\/11\/308.png",600,600,false],"2048x2048":["https:\/\/kosmeetika24.com\/wp-content\/uploads\/2023\/11\/308.png",600,600,false],"trp-custom-language-flag":["https:\/\/kosmeetika24.com\/wp-content\/uploads\/2023\/11\/308-12x12.png",12,12,true],"woocommerce_thumbnail":["https:\/\/kosmeetika24.com\/wp-content\/uploads\/2023\/11\/308-300x300.png",300,300,true],"woocommerce_single":["https:\/\/kosmeetika24.com\/wp-content\/uploads\/2023\/11\/308-500x500.png",500,500,true],"woocommerce_gallery_thumbnail":["https:\/\/kosmeetika24.com\/wp-content\/uploads\/2023\/11\/308-100x100.png",100,100,true]},"uagb_author_info":{"display_name":"admin","author_link":"https:\/\/kosmeetika24.com\/en\/author\/"},"uagb_comment_info":0,"uagb_excerpt":"Igap\u00e4evane nahatooni \u00fchtlustav kaitsev geel-kreem. Rikkalikult niisutav, sisaldab UVA ja UVB filtreid, mis kaitsevad p\u00e4ikese kahjulike m\u00f5jude eest. 50 ml &nbsp;","_links":{"self":[{"href":"https:\/\/kosmeetika24.com\/en\/wp-json\/wp\/v2\/product\/1707","targetHints":{"allow":["GET"]}}],"collection":[{"href":"https:\/\/kosmeetika24.com\/en\/wp-json\/wp\/v2\/product"}],"about":[{"href":"https:\/\/kosmeetika24.com\/en\/wp-json\/wp\/v2\/types\/product"}],"replies":[{"embeddable":true,"href":"https:\/\/kosmeetika24.com\/en\/wp-json\/wp\/v2\/comments?post=1707"}],"version-history":[{"count":2,"href":"https:\/\/kosmeetika24.com\/en\/wp-json\/wp\/v2\/product\/1707\/revisions"}],"predecessor-version":[{"id":5456,"href":"https:\/\/kosmeetika24.com\/en\/wp-json\/wp\/v2\/product\/1707\/revisions\/5456"}],"wp:featuredmedia":[{"embeddable":true,"href":"https:\/\/kosmeetika24.com\/en\/wp-json\/wp\/v2\/media\/1708"}],"wp:attachment":[{"href":"https:\/\/kosmeetika24.com\/en\/wp-json\/wp\/v2\/media?parent=1707"}],"wp:term":[{"taxonomy":"product_brand","embeddable":true,"href":"https:\/\/kosmeetika24.com\/en\/wp-json\/wp\/v2\/product_brand?post=1707"},{"taxonomy":"product_cat","embeddable":true,"href":"https:\/\/kosmeetika24.com\/en\/wp-json\/wp\/v2\/product_cat?post=1707"},{"taxonomy":"product_tag","embeddable":true,"href":"https:\/\/kosmeetika24.com\/en\/wp-json\/wp\/v2\/product_tag?post=1707"}],"curies":[{"name":"wp","href":"https:\/\/api.w.org\/{rel}","templated":true}]}}