{"id":1701,"date":"2024-01-05T07:39:10","date_gmt":"2024-01-05T07:39:10","guid":{"rendered":"https:\/\/kosmeetika24.com\/?post_type=product&#038;p=1701"},"modified":"2025-07-02T15:38:00","modified_gmt":"2025-07-02T12:38:00","slug":"bruno-vassari-glyco-system-kaitsev-paevakreem-spf-25","status":"publish","type":"product","link":"https:\/\/kosmeetika24.com\/en\/product\/bruno-vassari-glyco-system-kaitsev-paevakreem-spf-25\/","title":{"rendered":"BRUNO VASSARI Glyco System Protective Day Cream SPF 25"},"content":{"rendered":"<p class=\"translation-block\">Light day cream <em>Protective Cream SPF 25<\/em> contains vitamin E and niacinamide. It helps moisturize the skin and normalizes pigmentation. The cream contains sun filters that protect the epidermis from premature aging caused by UVA and UVB radiation.<\/p>\n<p>Suitable for all skin types, except for oily skin.<\/p>\n<p><strong>KEY INGREDIENTS<\/strong><\/p>\n<ul>\n<li>Glycolic acid<\/li>\n<li>Niacinamide<\/li>\n<li>Vitamin E<\/li>\n<li>Sunscreen filters.<\/li>\n<\/ul>\n<p><strong>Effect<\/strong><\/p>\n<ul>\n<li>Glycolic acid works in the surface layers of the skin, leaving it smoother and softer. It stimulates skin renewal, improves hydration, and enhances collagen synthesis. The result is increased elasticity, better moisture levels, and a clearer complexion.<\/li>\n<li class=\"translation-block\"><strong>Niacinamide<\/strong> helps reduce wrinkles and fine lines, decreases signs of skin photoaging; reduces pigmentation, melasma, and brightens the skin; helps visibly reduce pore size, stimulates collagen production; improves dull complexion; strengthens the skin's protective barrier, promoting skin hydration.<\/li>\n<li>Vitamin E is combined with sun protection filters to protect the skin and enhance its defense against the harmful effects of sun radiation.<\/li>\n<\/ul>\n<p>Usage<\/p>\n<ul>\n<li class=\"translation-block\">Cleanse the skin beforehand with a product like the <a href=\"https:\/\/kosmeetika24.eu\/toode\/bruno-vassari-glyco-system-glycolic-washing-foam\/\" target=\"_self\">BRUNO VASSARI Glyco System Glycolic Washing Foam<\/a>.<\/li>\n<li class=\"translation-block\">Tone the skin beforehand with a product like the <a href=\"https:\/\/kosmeetika24.eu\/toode\/bruno-vassari-glyco-system-dual-phase-toner\/\" target=\"_self\">BRUNO VASSARI Glyco System Dual-Phase Toner<\/a>.<\/li>\n<li>Apply the day cream in the morning to clean skin with gentle massaging movements until fully absorbed. Suitable for daily use.<\/li>\n<li class=\"translation-block\">For eye area care, use, for example, the <a href=\"https:\/\/kosmeetika24.eu\/toode\/bruno-vassari-collagen-booster-peptide-eye-contour-gel-cream\/\" target=\"_self\">BRUNO VASSARI Collagen Booster Peptide Eye Contour Gel Cream<\/a>.<\/li>\n<\/ul>\n<p>Ingredients<\/p>\n<p><span style=\"font-size: 14px;\">AQUA (WATER), DICAPRYLYL CARBONATE, BLUTYLENE GLYCOL, DICAPRYLATE\/DICAPRATE, C12-15 ALKYL BENZOATE, BUTYLENE GLYCOL, POTASSIUM CETYL PHOSPHATE, NIACINAMIDE, BUTYL METHOXYDIBENZOYLMETHANE, OCTCRYLENE, PHENYLBENZIMIDAZOLE SULFONIC ACID, BEHENYL ALCOHOL, CETYL ALCOHOL, CETYLPALMITATE, MYRISTYL MYRISTATE, TROMETHAMINE, TAPIOCA STARCH, HYDROGENATED POLYISOBUTENE, TOCOPHERYL ACETATE, POLYSILICONE-15, CHLORPHENESIN, PHENOXYETHANOL, GLYCERIN, XANTHAN GUM, ACRYLATES \/C10-30 ALKYLACRYLATE\u00a0 CROSSPOLYMER, DISODIUM EDTA, PARFUM (FRAGRANCE), BUTYLPHENYL METHYLPROPIONAL, LINALOOL, LIMONENE, ALPHA-ISOMETHYL IONONE, COUMARIN.<\/span><\/p>","protected":false},"excerpt":{"rendered":"<p>&nbsp;<\/p>\n<p>A day cream with sun protection factor, glycolic acid, and vitamin E. Protects against photoaging.<\/p>\n<p>50 ml<\/p>","protected":false},"featured_media":1702,"comment_status":"open","ping_status":"closed","template":"","meta":{"_uag_custom_page_level_css":"","site-sidebar-layout":"default","site-content-layout":"","ast-site-content-layout":"default","site-content-style":"default","site-sidebar-style":"default","ast-global-header-display":"","ast-banner-title-visibility":"","ast-main-header-display":"","ast-hfb-above-header-display":"","ast-hfb-below-header-display":"","ast-hfb-mobile-header-display":"","site-post-title":"","ast-breadcrumbs-content":"","ast-featured-img":"","footer-sml-layout":"","ast-disable-related-posts":"","theme-transparent-header-meta":"default","adv-header-id-meta":"","stick-header-meta":"","header-above-stick-meta":"","header-main-stick-meta":"","header-below-stick-meta":"","astra-migrate-meta-layouts":"set","ast-page-background-enabled":"default","ast-page-background-meta":{"desktop":{"background-color":"var(--ast-global-color-4)","background-image":"","background-repeat":"repeat","background-position":"center center","background-size":"auto","background-attachment":"scroll","background-type":"","background-media":"","overlay-type":"","overlay-color":"","overlay-opacity":"","overlay-gradient":""},"tablet":{"background-color":"","background-image":"","background-repeat":"repeat","background-position":"center center","background-size":"auto","background-attachment":"scroll","background-type":"","background-media":"","overlay-type":"","overlay-color":"","overlay-opacity":"","overlay-gradient":""},"mobile":{"background-color":"","background-image":"","background-repeat":"repeat","background-position":"center center","background-size":"auto","background-attachment":"scroll","background-type":"","background-media":"","overlay-type":"","overlay-color":"","overlay-opacity":"","overlay-gradient":""}},"ast-content-background-meta":{"desktop":{"background-color":"var(--ast-global-color-5)","background-image":"","background-repeat":"repeat","background-position":"center center","background-size":"auto","background-attachment":"scroll","background-type":"","background-media":"","overlay-type":"","overlay-color":"","overlay-opacity":"","overlay-gradient":""},"tablet":{"background-color":"var(--ast-global-color-5)","background-image":"","background-repeat":"repeat","background-position":"center center","background-size":"auto","background-attachment":"scroll","background-type":"","background-media":"","overlay-type":"","overlay-color":"","overlay-opacity":"","overlay-gradient":""},"mobile":{"background-color":"var(--ast-global-color-5)","background-image":"","background-repeat":"repeat","background-position":"center center","background-size":"auto","background-attachment":"scroll","background-type":"","background-media":"","overlay-type":"","overlay-color":"","overlay-opacity":"","overlay-gradient":""}}},"product_brand":[],"product_cat":[96,69,97],"product_tag":[],"class_list":{"0":"post-1701","1":"product","2":"type-product","3":"status-publish","4":"has-post-thumbnail","6":"product_cat-brands","7":"product_cat-glyco-system","8":"product_cat-naole","9":"desktop-align-left","10":"tablet-align-left","11":"mobile-align-left","13":"first","14":"instock","15":"taxable","16":"shipping-taxable","17":"product-type-simple","18":"add-to-wishlist-before_image"},"uagb_featured_image_src":{"full":["https:\/\/kosmeetika24.com\/wp-content\/uploads\/2023\/11\/283-Protective-Cream-SPF-25.jpg",600,600,false],"thumbnail":["https:\/\/kosmeetika24.com\/wp-content\/uploads\/2023\/11\/283-Protective-Cream-SPF-25-150x150.jpg",150,150,true],"medium":["https:\/\/kosmeetika24.com\/wp-content\/uploads\/2023\/11\/283-Protective-Cream-SPF-25-300x300.jpg",300,300,true],"medium_large":["https:\/\/kosmeetika24.com\/wp-content\/uploads\/2023\/11\/283-Protective-Cream-SPF-25.jpg",600,600,false],"large":["https:\/\/kosmeetika24.com\/wp-content\/uploads\/2023\/11\/283-Protective-Cream-SPF-25.jpg",600,600,false],"1536x1536":["https:\/\/kosmeetika24.com\/wp-content\/uploads\/2023\/11\/283-Protective-Cream-SPF-25.jpg",600,600,false],"2048x2048":["https:\/\/kosmeetika24.com\/wp-content\/uploads\/2023\/11\/283-Protective-Cream-SPF-25.jpg",600,600,false],"trp-custom-language-flag":["https:\/\/kosmeetika24.com\/wp-content\/uploads\/2023\/11\/283-Protective-Cream-SPF-25-12x12.jpg",12,12,true],"woocommerce_thumbnail":["https:\/\/kosmeetika24.com\/wp-content\/uploads\/2023\/11\/283-Protective-Cream-SPF-25-300x300.jpg",300,300,true],"woocommerce_single":["https:\/\/kosmeetika24.com\/wp-content\/uploads\/2023\/11\/283-Protective-Cream-SPF-25-500x500.jpg",500,500,true],"woocommerce_gallery_thumbnail":["https:\/\/kosmeetika24.com\/wp-content\/uploads\/2023\/11\/283-Protective-Cream-SPF-25-100x100.jpg",100,100,true]},"uagb_author_info":{"display_name":"admin","author_link":"https:\/\/kosmeetika24.com\/en\/author\/"},"uagb_comment_info":0,"uagb_excerpt":"&nbsp; P\u00e4ikesekaitsefaktori, gl\u00fckoolhappe ja e-vitamiiniga p\u00e4evakreem. Kaitseb fotovananemise eest. 50 ml","_links":{"self":[{"href":"https:\/\/kosmeetika24.com\/en\/wp-json\/wp\/v2\/product\/1701","targetHints":{"allow":["GET"]}}],"collection":[{"href":"https:\/\/kosmeetika24.com\/en\/wp-json\/wp\/v2\/product"}],"about":[{"href":"https:\/\/kosmeetika24.com\/en\/wp-json\/wp\/v2\/types\/product"}],"replies":[{"embeddable":true,"href":"https:\/\/kosmeetika24.com\/en\/wp-json\/wp\/v2\/comments?post=1701"}],"version-history":[{"count":2,"href":"https:\/\/kosmeetika24.com\/en\/wp-json\/wp\/v2\/product\/1701\/revisions"}],"predecessor-version":[{"id":4654,"href":"https:\/\/kosmeetika24.com\/en\/wp-json\/wp\/v2\/product\/1701\/revisions\/4654"}],"wp:featuredmedia":[{"embeddable":true,"href":"https:\/\/kosmeetika24.com\/en\/wp-json\/wp\/v2\/media\/1702"}],"wp:attachment":[{"href":"https:\/\/kosmeetika24.com\/en\/wp-json\/wp\/v2\/media?parent=1701"}],"wp:term":[{"taxonomy":"product_brand","embeddable":true,"href":"https:\/\/kosmeetika24.com\/en\/wp-json\/wp\/v2\/product_brand?post=1701"},{"taxonomy":"product_cat","embeddable":true,"href":"https:\/\/kosmeetika24.com\/en\/wp-json\/wp\/v2\/product_cat?post=1701"},{"taxonomy":"product_tag","embeddable":true,"href":"https:\/\/kosmeetika24.com\/en\/wp-json\/wp\/v2\/product_tag?post=1701"}],"curies":[{"name":"wp","href":"https:\/\/api.w.org\/{rel}","templated":true}]}}