{"id":1683,"date":"2024-01-04T13:58:03","date_gmt":"2024-01-04T13:58:03","guid":{"rendered":"https:\/\/kosmeetika24.com\/?post_type=product&#038;p=1683"},"modified":"2025-07-03T11:45:07","modified_gmt":"2025-07-03T08:45:07","slug":"bruno-vassari-kianty-vananemisvastane-silmaseerum","status":"publish","type":"product","link":"https:\/\/kosmeetika24.com\/en\/product\/bruno-vassari-kianty-vananemisvastane-silmaseerum\/","title":{"rendered":"BRUNO VASSARI Kianty Anti-Aging Eye Serum"},"content":{"rendered":"<p class=\"translation-block\">The serum for the eye area, <em>Eye Lift-Ox<\/em>, has a \"botox-like\" effect: it relaxes the muscles, lifts, and firms the skin. Active ingredients help smooth and reduce wrinkles. The serum has a microcirculation-activating effect, reducing dark circles and puffiness under the eyes.<\/p>\n<p>Suitable for all skin types. It is specifically designed to reduce dark under-eye circles, wrinkles, and puffiness around the eyes.<\/p>\n<p><strong>KEY INGREDIENTS<\/strong><\/p>\n<ul>\n<li>Haloxyl<\/li>\n<li>Argireline<\/li>\n<li>Matrixyl<\/li>\n<li>Lasilium<\/li>\n<li>Grape juice polyphenols<\/li>\n<li>Vitamin E<\/li>\n<\/ul>\n<p><strong>Effect<\/strong><\/p>\n<ul>\n<li>Haloxyl reduces dark under-eye circles.<\/li>\n<li>Argireline has a botox-like effect: it relaxes the muscles, reducing the appearance of wrinkles.<\/li>\n<li>Matrixyl acts as a cell stimulator, thereby also filling wrinkles. It increases collagen synthesis.<\/li>\n<li>Lasilium is a silicon and lactic acid molecule with moisturizing and restorative effects.<\/li>\n<li>Grape juice is rich in polyphenols. It helps prevent aging by protecting the skin's essential elements. It also helps stimulate collagen synthesis.<\/li>\n<li>Vitamin E acts as an antioxidant and captures free radicals. It moisturizes and protects connective tissue, collagen, and elastin.<\/li>\n<\/ul>\n<p><strong>Usage<\/strong><\/p>\n<ul>\n<li class=\"translation-block\">Moisturize the skin beforehand with, for example, <a href=\"https:\/\/kosmeetika24.eu\/toode\/bruno-vassari-kianty-vita-vite\/\" target=\"_self\">BRUNO VASSARI Kianty Anti-Aging Cream<\/a>.<\/li>\n<li>Apply the eye serum to the eye area. Suitable for use both in the morning and in the evening.<\/li>\n<\/ul>\n<p>For best results, it is recommended to use products from the same line.<\/p>\n<p><strong>Ingredients<\/strong><\/p>\n<p><span style=\"font-size: 14px;\">AQUA (WATER), GLYCERIN, SODIUM LACTATE METYLSILANOL, PROPYLENE GLYCOL, PANTHENOL, HYDROGENATED POLYISOBUTENE, VITIS VINIFERA (GRAPE) SEED EXTRACT, PALMITOYL TRIPEPTIDE-1, CHRYSIN, PALMITOYL PENTAPEPTIDE-4, PALMITOYL\u00a0 TETRAPEPTIDE-7, ACETYL HEXAPEPTIDE-8, LECITHIN, HYDROGENATED LECITHIN, SALICYLIC ACID, TRIETHANOLAMINE, STEARYL HEPTANOATE, CARBOMER, PHENOXYETHANOL, PARAFFINUM LIQUIDUM (MINERAL OIL), BUTYLENE, GLYCOL, CHLORPHESIN, CLYCERYL ACRYLATE\/ACRYLICACID COPOLYMER, TOCOPHERYL ACETATE, ETHYLHEXYLGLYCERIN, STEARETH-20, METYLPARABEN, CAPRYLYL GLYCOL, PROPYLPARABEN, POTASSIUM SORBATE, PENTYLENE GLYCOL, POLYSORBATE 20, N-HYDROXYSUCCINIMIDE, EDTA, SODIUM METYLPARABEN, TOCOPHEROL, PALMITOYL HYDROXYPROPYLTRIMONIUM AMYLOPECTIN GLYCERIN CROSSPOLYMER, SODIUM METABISULFITE, 1,2-HEXANEDIOL.<\/span><\/p>","protected":false},"excerpt":{"rendered":"<p>Botox-like effect eye cream.<\/p>\n<p>Reduces dark under-eye circles by 60%.<\/p>\n<p>15 ml<\/p>","protected":false},"featured_media":1684,"comment_status":"open","ping_status":"closed","template":"","meta":{"_uag_custom_page_level_css":"","site-sidebar-layout":"default","site-content-layout":"","ast-site-content-layout":"default","site-content-style":"default","site-sidebar-style":"default","ast-global-header-display":"","ast-banner-title-visibility":"","ast-main-header-display":"","ast-hfb-above-header-display":"","ast-hfb-below-header-display":"","ast-hfb-mobile-header-display":"","site-post-title":"","ast-breadcrumbs-content":"","ast-featured-img":"","footer-sml-layout":"","ast-disable-related-posts":"","theme-transparent-header-meta":"default","adv-header-id-meta":"","stick-header-meta":"","header-above-stick-meta":"","header-main-stick-meta":"","header-below-stick-meta":"","astra-migrate-meta-layouts":"set","ast-page-background-enabled":"default","ast-page-background-meta":{"desktop":{"background-color":"var(--ast-global-color-4)","background-image":"","background-repeat":"repeat","background-position":"center center","background-size":"auto","background-attachment":"scroll","background-type":"","background-media":"","overlay-type":"","overlay-color":"","overlay-opacity":"","overlay-gradient":""},"tablet":{"background-color":"","background-image":"","background-repeat":"repeat","background-position":"center center","background-size":"auto","background-attachment":"scroll","background-type":"","background-media":"","overlay-type":"","overlay-color":"","overlay-opacity":"","overlay-gradient":""},"mobile":{"background-color":"","background-image":"","background-repeat":"repeat","background-position":"center center","background-size":"auto","background-attachment":"scroll","background-type":"","background-media":"","overlay-type":"","overlay-color":"","overlay-opacity":"","overlay-gradient":""}},"ast-content-background-meta":{"desktop":{"background-color":"var(--ast-global-color-5)","background-image":"","background-repeat":"repeat","background-position":"center center","background-size":"auto","background-attachment":"scroll","background-type":"","background-media":"","overlay-type":"","overlay-color":"","overlay-opacity":"","overlay-gradient":""},"tablet":{"background-color":"var(--ast-global-color-5)","background-image":"","background-repeat":"repeat","background-position":"center center","background-size":"auto","background-attachment":"scroll","background-type":"","background-media":"","overlay-type":"","overlay-color":"","overlay-opacity":"","overlay-gradient":""},"mobile":{"background-color":"var(--ast-global-color-5)","background-image":"","background-repeat":"repeat","background-position":"center center","background-size":"auto","background-attachment":"scroll","background-type":"","background-media":"","overlay-type":"","overlay-color":"","overlay-opacity":"","overlay-gradient":""}}},"product_brand":[],"product_cat":[96,58,97],"product_tag":[],"class_list":{"0":"post-1683","1":"product","2":"type-product","3":"status-publish","4":"has-post-thumbnail","6":"product_cat-brands","7":"product_cat-kianty","8":"product_cat-naole","9":"desktop-align-left","10":"tablet-align-left","11":"mobile-align-left","13":"first","14":"instock","15":"taxable","16":"shipping-taxable","17":"product-type-simple","18":"add-to-wishlist-before_image"},"uagb_featured_image_src":{"full":["https:\/\/kosmeetika24.com\/wp-content\/uploads\/2023\/11\/256-Eye-lift-ox.jpg",600,600,false],"thumbnail":["https:\/\/kosmeetika24.com\/wp-content\/uploads\/2023\/11\/256-Eye-lift-ox-150x150.jpg",150,150,true],"medium":["https:\/\/kosmeetika24.com\/wp-content\/uploads\/2023\/11\/256-Eye-lift-ox-300x300.jpg",300,300,true],"medium_large":["https:\/\/kosmeetika24.com\/wp-content\/uploads\/2023\/11\/256-Eye-lift-ox.jpg",600,600,false],"large":["https:\/\/kosmeetika24.com\/wp-content\/uploads\/2023\/11\/256-Eye-lift-ox.jpg",600,600,false],"1536x1536":["https:\/\/kosmeetika24.com\/wp-content\/uploads\/2023\/11\/256-Eye-lift-ox.jpg",600,600,false],"2048x2048":["https:\/\/kosmeetika24.com\/wp-content\/uploads\/2023\/11\/256-Eye-lift-ox.jpg",600,600,false],"trp-custom-language-flag":["https:\/\/kosmeetika24.com\/wp-content\/uploads\/2023\/11\/256-Eye-lift-ox-12x12.jpg",12,12,true],"woocommerce_thumbnail":["https:\/\/kosmeetika24.com\/wp-content\/uploads\/2023\/11\/256-Eye-lift-ox-300x300.jpg",300,300,true],"woocommerce_single":["https:\/\/kosmeetika24.com\/wp-content\/uploads\/2023\/11\/256-Eye-lift-ox-500x500.jpg",500,500,true],"woocommerce_gallery_thumbnail":["https:\/\/kosmeetika24.com\/wp-content\/uploads\/2023\/11\/256-Eye-lift-ox-100x100.jpg",100,100,true]},"uagb_author_info":{"display_name":"admin","author_link":"https:\/\/kosmeetika24.com\/en\/author\/"},"uagb_comment_info":0,"uagb_excerpt":"Botoxi efektiga silma\u00fcmbruskreem. V\u00e4hendab tumedaid silmaaluseid 60% v\u00f5rra. 15 ml","_links":{"self":[{"href":"https:\/\/kosmeetika24.com\/en\/wp-json\/wp\/v2\/product\/1683","targetHints":{"allow":["GET"]}}],"collection":[{"href":"https:\/\/kosmeetika24.com\/en\/wp-json\/wp\/v2\/product"}],"about":[{"href":"https:\/\/kosmeetika24.com\/en\/wp-json\/wp\/v2\/types\/product"}],"replies":[{"embeddable":true,"href":"https:\/\/kosmeetika24.com\/en\/wp-json\/wp\/v2\/comments?post=1683"}],"version-history":[{"count":1,"href":"https:\/\/kosmeetika24.com\/en\/wp-json\/wp\/v2\/product\/1683\/revisions"}],"predecessor-version":[{"id":4670,"href":"https:\/\/kosmeetika24.com\/en\/wp-json\/wp\/v2\/product\/1683\/revisions\/4670"}],"wp:featuredmedia":[{"embeddable":true,"href":"https:\/\/kosmeetika24.com\/en\/wp-json\/wp\/v2\/media\/1684"}],"wp:attachment":[{"href":"https:\/\/kosmeetika24.com\/en\/wp-json\/wp\/v2\/media?parent=1683"}],"wp:term":[{"taxonomy":"product_brand","embeddable":true,"href":"https:\/\/kosmeetika24.com\/en\/wp-json\/wp\/v2\/product_brand?post=1683"},{"taxonomy":"product_cat","embeddable":true,"href":"https:\/\/kosmeetika24.com\/en\/wp-json\/wp\/v2\/product_cat?post=1683"},{"taxonomy":"product_tag","embeddable":true,"href":"https:\/\/kosmeetika24.com\/en\/wp-json\/wp\/v2\/product_tag?post=1683"}],"curies":[{"name":"wp","href":"https:\/\/api.w.org\/{rel}","templated":true}]}}