{"id":1681,"date":"2024-01-04T13:57:26","date_gmt":"2024-01-04T13:57:26","guid":{"rendered":"https:\/\/kosmeetika24.com\/?post_type=product&#038;p=1681"},"modified":"2025-07-03T11:45:50","modified_gmt":"2025-07-03T08:45:50","slug":"bruno-vassari-kianty-vananemisvastane-kreem","status":"publish","type":"product","link":"https:\/\/kosmeetika24.com\/en\/product\/bruno-vassari-kianty-vananemisvastane-kreem\/","title":{"rendered":"BRUNO VASSARI Kianty Anti-Aging Cream"},"content":{"rendered":"<p class=\"translation-block\">The active ingredients of the anti-aging cream <em>Vita-Vite<\/em> help smooth and reduce any wrinkles, slow down the skin's aging process, and have a clearly lifting effect. The cream has a \"botox-like\" effect: it relaxes the muscles, lifts, and firms the skin. It has a rejuvenating effect.<\/p>\n<p>It ensures visible improvement in the skin's condition after 30 days of continuous use of the product.<\/p>\n<p>Recommended for those who have undergone Botox treatment to extend the achieved results and as an alternative between treatments.<\/p>\n<p>Suitable for all skin types, especially mature, tired, and wrinkled skin.<\/p>\n<p><strong>KEY INGREDIENTS<\/strong><\/p>\n<ul>\n<li>Argireline<\/li>\n<li>Grape extract<\/li>\n<li>Soja ekstrakt<\/li>\n<li>Vitamin E<\/li>\n<li>Vitamin C<\/li>\n<li>Ceramides<\/li>\n<li>Shea butter<\/li>\n<\/ul>\n<p><strong>Effect<\/strong><\/p>\n<ul>\n<li>Argireline has a botox-like effect. It relaxes the muscles, reducing the appearance of wrinkles.<\/li>\n<li>Grape extract contains a high concentration of polyphenols, acting in an anti-aging, antioxidant, firming, and toning manner.<\/li>\n<li>Soy extract is characterized by a high content of isoflavones, which acts as a revitalizer of the skin's metabolic processes.<\/li>\n<li>Vitamin E acts as an antioxidant and captures free radicals. It moisturizes and protects connective tissue, collagen, and elastin.<\/li>\n<li>Vitamin C acts as an antioxidant and captures free radicals. It stimulates collagen synthesis and regenerates vitamin E.<\/li>\n<li>Keramiidid kaitsevad kahjuliku v\u00e4liskeskkonna m\u00f5ju eest ja m\u00e4ngivad otsustavat rolli marrasknaha lipiidkihi vee kinnihoidmise v\u00f5imes.<\/li>\n<li>Shea butter is exceptionally rich in vitamins, which together improve the skin, protect it from drying out, and promote cell renewal. It has anti-inflammatory properties.<\/li>\n<\/ul>\n<p>Usage<\/p>\n<ul>\n<li>Cleanse the skin beforehand with a product such as <a href=\"https:\/\/kosmeetika24.eu\/toode\/bruno-vassari-kianty-rugiada-di-vigna\/\">BRUNO VASSARI Kianty Refreshing Cleansing Foam.<\/a>.<\/li>\n<li>Tone the skin beforehand with a product such as <a href=\"https:\/\/kosmeetika24.eu\/toode\/bruno-vassari-kianty-pioggia-di-vigna\/\">BRUNO VASSARI Kianty Anti-Aging Lotion 200ml.<\/a>.<\/li>\n<li class=\"translation-block\">For better results, apply a product such as <a href=\"https:\/\/kosmeetika24.eu\/toode\/bruno-vassari-kianty-serum-vite\/\" target=\"_self\">BRUNO VASSARI Kianty Anti-Aging Serum<\/a> to the skin before applying the cream.<\/li>\n<li>Apply the anti-aging cream to the skin with gentle massaging movements. Suitable for use both in the morning and in the evening.<\/li>\n<li class=\"translation-block\">For eye area care, use a product such as <a href=\"https:\/\/kosmeetika24.eu\/toode\/bruno-vassari-kianty-eye-lift-ox\/\" target=\"_self\">BRUNO VASSARI Kianty Anti-Aging Eye Serum<\/a>.<\/li>\n<\/ul>\n<p>Ingredients<\/p>\n<p><span style=\"font-size: 14px;\">AQUA (WATER), DECYL OLEATE, CETEARYL ETHYLHEXANOATE, C12-20, ACID PEG-8 ESTER, CAPRYLIC \/CAPRIC TRIGLYCERIDE, GLYCERIN, GLYCERYL STEARATE, BUTYROSPERMUM PARKII (SHEA) BUTTER, LAURETH-9, PEG-100 STEARATE, ACETYL HEXAPEPTIDE-8, PHOSPHOLIPIDS, SPHINGOLIPIDS, LECITHIN, VITHIS VINIFERA (GRAPE) SEED EXTRACT, GLYCINE SOJA (SOJABEAN) SEED EXTRACT, HYDROGENATED LECITHIN, PHENOXYETHANOL, DIMETHICONE, ALCOHOL DENAT., SODIUM ASCORBYL PHOSPHATE, TRIETHANOLAMINE, IMIDAZOLIDINYL UREA, CARBOMER, METHYLPARABEN, POTASSIUM CETYL PHOSPHATE, TOCOPHERYL\u00a0 ACETATE, POLYSORBATE 80, POLYACRYLAMIDE, C13-14 ISOPARAFFIN, DISODIUM EDTA, LAURETH-7, PALMITOYL HYDROXYPROPYLTRIMONIUM AMYLOPECTIN GLYCERIN CROSSPOLYMER, TOCOPHEROL, ASCORBYL PALMITATE, GLYCERYL OLEATE, CITRIC ACID, CHLORPHENESIN, 1,2-HEXANEDIOL, PENTYLENE GLYCOL, POTASSIUM SORBATE, PARFUM (FRAGRANCE), HEXYL CINNAMAL, CAPRYLYL GLYCOL, BENZYL SALICYLATE, LINALOOL, CITRONELLOL, HYDROXYCITRONELLAL, ALPHA-ISOMETYL IONONE.<\/span><\/p>","protected":false},"excerpt":{"rendered":"<p>Vananemisvastane kreem Vita-Vite toimeained aitavad tasandada ja v\u00e4hendada mistahes kortse, aeglustavad naha vananemisprotsessi ja omavad selgelt t\u00f5stvat efekti. Kreemil on \u201cbotoxilaadne\u201d toime: l\u00f5dvestab lihaseid, t\u00f5stab ja pinguldab nahka. On noorendava toimega. Tagab naha seisundi n\u00e4htava paranemise p\u00e4rast 30-p\u00e4evast pidevat toote kasutamist. Soovitatav neile, kes on l\u00e4binud Botoxi ravi, et pikendada saavutatud tulemust ja alternatiivina kahe [&hellip;]<\/p>\n","protected":false},"featured_media":1682,"comment_status":"open","ping_status":"closed","template":"","meta":{"_uag_custom_page_level_css":"","site-sidebar-layout":"default","site-content-layout":"","ast-site-content-layout":"default","site-content-style":"default","site-sidebar-style":"default","ast-global-header-display":"","ast-banner-title-visibility":"","ast-main-header-display":"","ast-hfb-above-header-display":"","ast-hfb-below-header-display":"","ast-hfb-mobile-header-display":"","site-post-title":"","ast-breadcrumbs-content":"","ast-featured-img":"","footer-sml-layout":"","ast-disable-related-posts":"","theme-transparent-header-meta":"default","adv-header-id-meta":"","stick-header-meta":"","header-above-stick-meta":"","header-main-stick-meta":"","header-below-stick-meta":"","astra-migrate-meta-layouts":"set","ast-page-background-enabled":"default","ast-page-background-meta":{"desktop":{"background-color":"var(--ast-global-color-4)","background-image":"","background-repeat":"repeat","background-position":"center center","background-size":"auto","background-attachment":"scroll","background-type":"","background-media":"","overlay-type":"","overlay-color":"","overlay-opacity":"","overlay-gradient":""},"tablet":{"background-color":"","background-image":"","background-repeat":"repeat","background-position":"center center","background-size":"auto","background-attachment":"scroll","background-type":"","background-media":"","overlay-type":"","overlay-color":"","overlay-opacity":"","overlay-gradient":""},"mobile":{"background-color":"","background-image":"","background-repeat":"repeat","background-position":"center center","background-size":"auto","background-attachment":"scroll","background-type":"","background-media":"","overlay-type":"","overlay-color":"","overlay-opacity":"","overlay-gradient":""}},"ast-content-background-meta":{"desktop":{"background-color":"var(--ast-global-color-5)","background-image":"","background-repeat":"repeat","background-position":"center center","background-size":"auto","background-attachment":"scroll","background-type":"","background-media":"","overlay-type":"","overlay-color":"","overlay-opacity":"","overlay-gradient":""},"tablet":{"background-color":"var(--ast-global-color-5)","background-image":"","background-repeat":"repeat","background-position":"center center","background-size":"auto","background-attachment":"scroll","background-type":"","background-media":"","overlay-type":"","overlay-color":"","overlay-opacity":"","overlay-gradient":""},"mobile":{"background-color":"var(--ast-global-color-5)","background-image":"","background-repeat":"repeat","background-position":"center center","background-size":"auto","background-attachment":"scroll","background-type":"","background-media":"","overlay-type":"","overlay-color":"","overlay-opacity":"","overlay-gradient":""}}},"product_brand":[],"product_cat":[96,58,97],"product_tag":[],"class_list":{"0":"post-1681","1":"product","2":"type-product","3":"status-publish","4":"has-post-thumbnail","6":"product_cat-brands","7":"product_cat-kianty","8":"product_cat-naole","9":"desktop-align-left","10":"tablet-align-left","11":"mobile-align-left","13":"first","14":"instock","15":"taxable","16":"shipping-taxable","17":"product-type-simple","18":"add-to-wishlist-before_image"},"uagb_featured_image_src":{"full":["https:\/\/kosmeetika24.com\/wp-content\/uploads\/2023\/11\/255-Vita-Vite-50ml.jpg",600,600,false],"thumbnail":["https:\/\/kosmeetika24.com\/wp-content\/uploads\/2023\/11\/255-Vita-Vite-50ml-150x150.jpg",150,150,true],"medium":["https:\/\/kosmeetika24.com\/wp-content\/uploads\/2023\/11\/255-Vita-Vite-50ml-300x300.jpg",300,300,true],"medium_large":["https:\/\/kosmeetika24.com\/wp-content\/uploads\/2023\/11\/255-Vita-Vite-50ml.jpg",600,600,false],"large":["https:\/\/kosmeetika24.com\/wp-content\/uploads\/2023\/11\/255-Vita-Vite-50ml.jpg",600,600,false],"1536x1536":["https:\/\/kosmeetika24.com\/wp-content\/uploads\/2023\/11\/255-Vita-Vite-50ml.jpg",600,600,false],"2048x2048":["https:\/\/kosmeetika24.com\/wp-content\/uploads\/2023\/11\/255-Vita-Vite-50ml.jpg",600,600,false],"trp-custom-language-flag":["https:\/\/kosmeetika24.com\/wp-content\/uploads\/2023\/11\/255-Vita-Vite-50ml-12x12.jpg",12,12,true],"woocommerce_thumbnail":["https:\/\/kosmeetika24.com\/wp-content\/uploads\/2023\/11\/255-Vita-Vite-50ml-300x300.jpg",300,300,true],"woocommerce_single":["https:\/\/kosmeetika24.com\/wp-content\/uploads\/2023\/11\/255-Vita-Vite-50ml-500x500.jpg",500,500,true],"woocommerce_gallery_thumbnail":["https:\/\/kosmeetika24.com\/wp-content\/uploads\/2023\/11\/255-Vita-Vite-50ml-100x100.jpg",100,100,true]},"uagb_author_info":{"display_name":"admin","author_link":"https:\/\/kosmeetika24.com\/en\/author\/"},"uagb_comment_info":0,"uagb_excerpt":"Vananemisvastane kreem Vita-Vite toimeained aitavad tasandada ja v\u00e4hendada mistahes kortse, aeglustavad naha vananemisprotsessi ja omavad selgelt t\u00f5stvat efekti. Kreemil on \u201cbotoxilaadne\u201d toime: l\u00f5dvestab lihaseid, t\u00f5stab ja pinguldab nahka. On noorendava toimega. Tagab naha seisundi n\u00e4htava paranemise p\u00e4rast 30-p\u00e4evast pidevat toote kasutamist. Soovitatav neile, kes on l\u00e4binud Botoxi ravi, et pikendada saavutatud tulemust ja alternatiivina kahe&hellip;","_links":{"self":[{"href":"https:\/\/kosmeetika24.com\/en\/wp-json\/wp\/v2\/product\/1681","targetHints":{"allow":["GET"]}}],"collection":[{"href":"https:\/\/kosmeetika24.com\/en\/wp-json\/wp\/v2\/product"}],"about":[{"href":"https:\/\/kosmeetika24.com\/en\/wp-json\/wp\/v2\/types\/product"}],"replies":[{"embeddable":true,"href":"https:\/\/kosmeetika24.com\/en\/wp-json\/wp\/v2\/comments?post=1681"}],"version-history":[{"count":1,"href":"https:\/\/kosmeetika24.com\/en\/wp-json\/wp\/v2\/product\/1681\/revisions"}],"predecessor-version":[{"id":4671,"href":"https:\/\/kosmeetika24.com\/en\/wp-json\/wp\/v2\/product\/1681\/revisions\/4671"}],"wp:featuredmedia":[{"embeddable":true,"href":"https:\/\/kosmeetika24.com\/en\/wp-json\/wp\/v2\/media\/1682"}],"wp:attachment":[{"href":"https:\/\/kosmeetika24.com\/en\/wp-json\/wp\/v2\/media?parent=1681"}],"wp:term":[{"taxonomy":"product_brand","embeddable":true,"href":"https:\/\/kosmeetika24.com\/en\/wp-json\/wp\/v2\/product_brand?post=1681"},{"taxonomy":"product_cat","embeddable":true,"href":"https:\/\/kosmeetika24.com\/en\/wp-json\/wp\/v2\/product_cat?post=1681"},{"taxonomy":"product_tag","embeddable":true,"href":"https:\/\/kosmeetika24.com\/en\/wp-json\/wp\/v2\/product_tag?post=1681"}],"curies":[{"name":"wp","href":"https:\/\/api.w.org\/{rel}","templated":true}]}}