{"id":1675,"date":"2024-01-04T12:49:18","date_gmt":"2024-01-04T12:49:18","guid":{"rendered":"https:\/\/kosmeetika24.com\/?post_type=product&#038;p=1675"},"modified":"2025-07-02T14:50:30","modified_gmt":"2025-07-02T11:50:30","slug":"bruno-vassari-aha-professionaalne-hooldus-alfahudroksuhapetega","status":"publish","type":"product","link":"https:\/\/kosmeetika24.com\/en\/product\/bruno-vassari-aha-professionaalne-hooldus-alfahudroksuhapetega\/","title":{"rendered":"BRUNO VASSARI AHA Professional Treatment with Alpha Hydroxy Acids"},"content":{"rendered":"<p class=\"translation-block\">The <em>AHA Glycolic Treatment<\/em> accelerates natural exfoliation and activates cell renewal. It leaves the skin smooth, soft, firm, and elastic. Reduces wrinkles and gives the skin a youthful and radiant appearance.<\/p>\n<p>Suitable for all skin types, except very sensitive skin.<\/p>\n<p><strong>KEY INGREDIENTS<\/strong><\/p>\n<ul>\n<li>30% Glycolic Acid<\/li>\n<li>pH 4.5<\/li>\n<\/ul>\n<p><strong>Effect<\/strong><\/p>\n<p>Glycolic acid helps in the natural removal of dead skin cells accumulated on the skin's surface, balancing the skin's pH. It boosts the synthesis of collagen and elastin, making the skin more elastic.<\/p>\n<p><strong>Usage<\/strong><\/p>\n<ol>\n<li class=\"translation-block\">Prepare the skin using the product <a href=\"https:\/\/kosmeetika24.eu\/toode\/bruno-vassari-aha-skin-cleanser\/\" target=\"_self\">BRUNO VASSARI AHA Glycolic Skin Cleanser<\/a>.<\/li>\n<li>Next, apply the treatment product to the skin using a fan brush.<\/li>\n<li>Allow the treatment to act for 10\u201312 minutes and then remove with plenty of water.<\/li>\n<\/ol>\n<p>A scratching sensation is normal, but it should only be slightly uncomfortable.<\/p>\n<p>Redness may occur in certain areas, which will disappear after a few minutes.<\/p>\n<p><strong>Ingredients<\/strong><\/p>\n<p>AQUA (WATER), GLYCOLIC ACID, ALCOHOL DENAT., AMMONIUM HYDROXIDE, HYDROXYETHYLCELLULOSE, SODIUM\u00a0 CHLORIDE.<\/p>","protected":false},"excerpt":{"rendered":"<p>Anti-wrinkle treatment that accelerates cell renewal with alpha hydroxy acids.<\/p>\n<p>&nbsp;<\/p>\n<p>The set of 10 x 2ml is intended for professional use in 10 procedures.<\/p>","protected":false},"featured_media":1676,"comment_status":"open","ping_status":"closed","template":"","meta":{"_uag_custom_page_level_css":"","site-sidebar-layout":"default","site-content-layout":"","ast-site-content-layout":"default","site-content-style":"default","site-sidebar-style":"default","ast-global-header-display":"","ast-banner-title-visibility":"","ast-main-header-display":"","ast-hfb-above-header-display":"","ast-hfb-below-header-display":"","ast-hfb-mobile-header-display":"","site-post-title":"","ast-breadcrumbs-content":"","ast-featured-img":"","footer-sml-layout":"","ast-disable-related-posts":"","theme-transparent-header-meta":"default","adv-header-id-meta":"","stick-header-meta":"","header-above-stick-meta":"","header-main-stick-meta":"","header-below-stick-meta":"","astra-migrate-meta-layouts":"set","ast-page-background-enabled":"default","ast-page-background-meta":{"desktop":{"background-color":"var(--ast-global-color-4)","background-image":"","background-repeat":"repeat","background-position":"center center","background-size":"auto","background-attachment":"scroll","background-type":"","background-media":"","overlay-type":"","overlay-color":"","overlay-opacity":"","overlay-gradient":""},"tablet":{"background-color":"","background-image":"","background-repeat":"repeat","background-position":"center center","background-size":"auto","background-attachment":"scroll","background-type":"","background-media":"","overlay-type":"","overlay-color":"","overlay-opacity":"","overlay-gradient":""},"mobile":{"background-color":"","background-image":"","background-repeat":"repeat","background-position":"center center","background-size":"auto","background-attachment":"scroll","background-type":"","background-media":"","overlay-type":"","overlay-color":"","overlay-opacity":"","overlay-gradient":""}},"ast-content-background-meta":{"desktop":{"background-color":"var(--ast-global-color-5)","background-image":"","background-repeat":"repeat","background-position":"center center","background-size":"auto","background-attachment":"scroll","background-type":"","background-media":"","overlay-type":"","overlay-color":"","overlay-opacity":"","overlay-gradient":""},"tablet":{"background-color":"var(--ast-global-color-5)","background-image":"","background-repeat":"repeat","background-position":"center center","background-size":"auto","background-attachment":"scroll","background-type":"","background-media":"","overlay-type":"","overlay-color":"","overlay-opacity":"","overlay-gradient":""},"mobile":{"background-color":"var(--ast-global-color-5)","background-image":"","background-repeat":"repeat","background-position":"center center","background-size":"auto","background-attachment":"scroll","background-type":"","background-media":"","overlay-type":"","overlay-color":"","overlay-opacity":"","overlay-gradient":""}}},"product_brand":[],"product_cat":[70,96,97],"product_tag":[],"class_list":{"0":"post-1675","1":"product","2":"type-product","3":"status-publish","4":"has-post-thumbnail","6":"product_cat-aha","7":"product_cat-brands","8":"product_cat-naole","9":"desktop-align-left","10":"tablet-align-left","11":"mobile-align-left","13":"first","14":"instock","15":"taxable","16":"shipping-taxable","17":"product-type-simple","18":"add-to-wishlist-before_image"},"uagb_featured_image_src":{"full":["https:\/\/kosmeetika24.com\/wp-content\/uploads\/2023\/11\/Kontsentraat-1043.jpg",600,600,false],"thumbnail":["https:\/\/kosmeetika24.com\/wp-content\/uploads\/2023\/11\/Kontsentraat-1043-150x150.jpg",150,150,true],"medium":["https:\/\/kosmeetika24.com\/wp-content\/uploads\/2023\/11\/Kontsentraat-1043-300x300.jpg",300,300,true],"medium_large":["https:\/\/kosmeetika24.com\/wp-content\/uploads\/2023\/11\/Kontsentraat-1043.jpg",600,600,false],"large":["https:\/\/kosmeetika24.com\/wp-content\/uploads\/2023\/11\/Kontsentraat-1043.jpg",600,600,false],"1536x1536":["https:\/\/kosmeetika24.com\/wp-content\/uploads\/2023\/11\/Kontsentraat-1043.jpg",600,600,false],"2048x2048":["https:\/\/kosmeetika24.com\/wp-content\/uploads\/2023\/11\/Kontsentraat-1043.jpg",600,600,false],"trp-custom-language-flag":["https:\/\/kosmeetika24.com\/wp-content\/uploads\/2023\/11\/Kontsentraat-1043-12x12.jpg",12,12,true],"woocommerce_thumbnail":["https:\/\/kosmeetika24.com\/wp-content\/uploads\/2023\/11\/Kontsentraat-1043-300x300.jpg",300,300,true],"woocommerce_single":["https:\/\/kosmeetika24.com\/wp-content\/uploads\/2023\/11\/Kontsentraat-1043-500x500.jpg",500,500,true],"woocommerce_gallery_thumbnail":["https:\/\/kosmeetika24.com\/wp-content\/uploads\/2023\/11\/Kontsentraat-1043-100x100.jpg",100,100,true]},"uagb_author_info":{"display_name":"admin","author_link":"https:\/\/kosmeetika24.com\/en\/author\/"},"uagb_comment_info":0,"uagb_excerpt":"Kortsudevastane ja rakkude uuenemist kiirendav hooldus alfah\u00fcdroks\u00fchapetega. &nbsp; Komplekt 10 x 2ml on m\u00f5eldud professionaalseks kasutamiseks 10 protseduuril.","_links":{"self":[{"href":"https:\/\/kosmeetika24.com\/en\/wp-json\/wp\/v2\/product\/1675","targetHints":{"allow":["GET"]}}],"collection":[{"href":"https:\/\/kosmeetika24.com\/en\/wp-json\/wp\/v2\/product"}],"about":[{"href":"https:\/\/kosmeetika24.com\/en\/wp-json\/wp\/v2\/types\/product"}],"replies":[{"embeddable":true,"href":"https:\/\/kosmeetika24.com\/en\/wp-json\/wp\/v2\/comments?post=1675"}],"version-history":[{"count":1,"href":"https:\/\/kosmeetika24.com\/en\/wp-json\/wp\/v2\/product\/1675\/revisions"}],"predecessor-version":[{"id":4676,"href":"https:\/\/kosmeetika24.com\/en\/wp-json\/wp\/v2\/product\/1675\/revisions\/4676"}],"wp:featuredmedia":[{"embeddable":true,"href":"https:\/\/kosmeetika24.com\/en\/wp-json\/wp\/v2\/media\/1676"}],"wp:attachment":[{"href":"https:\/\/kosmeetika24.com\/en\/wp-json\/wp\/v2\/media?parent=1675"}],"wp:term":[{"taxonomy":"product_brand","embeddable":true,"href":"https:\/\/kosmeetika24.com\/en\/wp-json\/wp\/v2\/product_brand?post=1675"},{"taxonomy":"product_cat","embeddable":true,"href":"https:\/\/kosmeetika24.com\/en\/wp-json\/wp\/v2\/product_cat?post=1675"},{"taxonomy":"product_tag","embeddable":true,"href":"https:\/\/kosmeetika24.com\/en\/wp-json\/wp\/v2\/product_tag?post=1675"}],"curies":[{"name":"wp","href":"https:\/\/api.w.org\/{rel}","templated":true}]}}