{"id":1610,"date":"2024-01-04T09:59:32","date_gmt":"2024-01-04T09:59:32","guid":{"rendered":"https:\/\/kosmeetika24.com\/?post_type=product&#038;p=1610"},"modified":"2025-07-02T13:28:03","modified_gmt":"2025-07-02T10:28:03","slug":"bruno-vassari-skin-comfort-rahustav-emulsioon","status":"publish","type":"product","link":"https:\/\/kosmeetika24.com\/en\/product\/bruno-vassari-skin-comfort-rahustav-emulsioon\/","title":{"rendered":"BRUNO VASSARI Skin Comfort soothing emulsion"},"content":{"rendered":"<p class=\"translation-block\">Richly moisturizing and soothing light emulsion <em>Calming Day Lotion.<\/em><\/p>\n<p><strong>KEY INGREDIENTS<\/strong><\/p>\n<ul>\n<li>Seaweed extract<\/li>\n<li>Green tea extract<\/li>\n<li>Vitamin E<\/li>\n<li>Hyaluronic acid<\/li>\n<li>Perhydrosqualene<\/li>\n<li>Shea butter<\/li>\n<\/ul>\n<p><strong>Effect<\/strong><\/p>\n<ul>\n<li>The seaweed extract has moisturizing and soothing properties. Reduces skin itching and tightness.<\/li>\n<li>Green tea extract is a very good natural antioxidant. It has anti-inflammatory properties and protects against UV radiation.<\/li>\n<li>Vitamin E has antioxidant properties, protecting against UV radiation-induced damage such as erythema, wrinkles, increased skin thickness, and general photoaging.<\/li>\n<li>Hyaluronic acid: Due to its high water retention capacity, it can hold up to 1000 times its weight in water. It is naturally found in the dermis and is responsible for skin tightening, plasticity, and swelling.<\/li>\n<li>Perhydrosqualene prevents the skin from drying out.<\/li>\n<li>Shea butter is a moisturizing and protective extract from the shea nut. It is a vitamin-rich plant extract that provides additional protection for the skin and improves cell functions.<\/li>\n<\/ul>\n<p><strong>Usage<\/strong>:<\/p>\n<ul>\n<li>Apply the emulsion to the cleansed face, neck, and d\u00e9colletage. Suitable for use in the morning.<\/li>\n<\/ul>\n<p><strong>Ingredients<\/strong>:<\/p>\n<p><span style=\"font-size: 14px;\">AQUA (WATER), CYCLOPENTASILOXANE, BUTYLENE GLYCOL, SQUALANE, GLYCERIN, BUTYROSPERMUM PARKII (SHEA) BUTTER, PHENYL TRIMETHICONE, POLYACRYLAMIDE, SODIUM HYALURONATE, CAMELLIA SINENSIS LEAF EXTRACT, LAVANDULA ANGUSTIFOLIA (LAVANDER) FLOWER EXTRACT, LACTIC ACID, ENTEROMORPHA COMPRESSA EXTRACT, CHLORPHENESIN, PHENOXYETHANOL, ALUMINIUM STARCH OCTENYLSUCCINATE, C13-14 ISOPARAFFIN, XANTHAN GUM, ACRYLATES \/C10-30 ALKYL ACRYLATE CROSSPOLYMER, LAURETH-7, DISOMEDIUM EDTA, TOCOPHERYL ACETATE, METHYLDIHYDROJASMONATE, CYCAMEN ALDEHYDE, TRIETHANOLAMINE, SODIUM BENZOATE, POTASSIUM SORBATE.<\/span><\/p>","protected":false},"excerpt":{"rendered":"<p>Richly moisturizing and soothing.<\/p>\n<p>Suitable for protecting sensitive skin and maintaining the hydrolipid balance.<\/p>\n<p>Restores the skin's physiological condition and helps prevent aging.<\/p>\n<p>Does not contain fragrances.<\/p>\n<p>Suitable for sensitive and dry skin.<\/p>\n<p>50 ml<\/p>","protected":false},"featured_media":1624,"comment_status":"open","ping_status":"closed","template":"","meta":{"_uag_custom_page_level_css":"","site-sidebar-layout":"default","site-content-layout":"","ast-site-content-layout":"default","site-content-style":"default","site-sidebar-style":"default","ast-global-header-display":"","ast-banner-title-visibility":"","ast-main-header-display":"","ast-hfb-above-header-display":"","ast-hfb-below-header-display":"","ast-hfb-mobile-header-display":"","site-post-title":"","ast-breadcrumbs-content":"","ast-featured-img":"","footer-sml-layout":"","ast-disable-related-posts":"","theme-transparent-header-meta":"default","adv-header-id-meta":"","stick-header-meta":"","header-above-stick-meta":"","header-main-stick-meta":"","header-below-stick-meta":"","astra-migrate-meta-layouts":"set","ast-page-background-enabled":"default","ast-page-background-meta":{"desktop":{"background-color":"var(--ast-global-color-4)","background-image":"","background-repeat":"repeat","background-position":"center center","background-size":"auto","background-attachment":"scroll","background-type":"","background-media":"","overlay-type":"","overlay-color":"","overlay-opacity":"","overlay-gradient":""},"tablet":{"background-color":"","background-image":"","background-repeat":"repeat","background-position":"center center","background-size":"auto","background-attachment":"scroll","background-type":"","background-media":"","overlay-type":"","overlay-color":"","overlay-opacity":"","overlay-gradient":""},"mobile":{"background-color":"","background-image":"","background-repeat":"repeat","background-position":"center center","background-size":"auto","background-attachment":"scroll","background-type":"","background-media":"","overlay-type":"","overlay-color":"","overlay-opacity":"","overlay-gradient":""}},"ast-content-background-meta":{"desktop":{"background-color":"var(--ast-global-color-5)","background-image":"","background-repeat":"repeat","background-position":"center center","background-size":"auto","background-attachment":"scroll","background-type":"","background-media":"","overlay-type":"","overlay-color":"","overlay-opacity":"","overlay-gradient":""},"tablet":{"background-color":"var(--ast-global-color-5)","background-image":"","background-repeat":"repeat","background-position":"center center","background-size":"auto","background-attachment":"scroll","background-type":"","background-media":"","overlay-type":"","overlay-color":"","overlay-opacity":"","overlay-gradient":""},"mobile":{"background-color":"var(--ast-global-color-5)","background-image":"","background-repeat":"repeat","background-position":"center center","background-size":"auto","background-attachment":"scroll","background-type":"","background-media":"","overlay-type":"","overlay-color":"","overlay-opacity":"","overlay-gradient":""}}},"product_brand":[],"product_cat":[96,97,77],"product_tag":[],"class_list":{"0":"post-1610","1":"product","2":"type-product","3":"status-publish","4":"has-post-thumbnail","6":"product_cat-brands","7":"product_cat-naole","8":"product_cat-skin-comfort","9":"desktop-align-left","10":"tablet-align-left","11":"mobile-align-left","13":"first","14":"instock","15":"taxable","16":"shipping-taxable","17":"product-type-simple","18":"add-to-wishlist-before_image"},"uagb_featured_image_src":{"full":["https:\/\/kosmeetika24.com\/wp-content\/uploads\/2023\/10\/220-Calming-Day-Lotion.jpg",600,600,false],"thumbnail":["https:\/\/kosmeetika24.com\/wp-content\/uploads\/2023\/10\/220-Calming-Day-Lotion-150x150.jpg",150,150,true],"medium":["https:\/\/kosmeetika24.com\/wp-content\/uploads\/2023\/10\/220-Calming-Day-Lotion-300x300.jpg",300,300,true],"medium_large":["https:\/\/kosmeetika24.com\/wp-content\/uploads\/2023\/10\/220-Calming-Day-Lotion.jpg",600,600,false],"large":["https:\/\/kosmeetika24.com\/wp-content\/uploads\/2023\/10\/220-Calming-Day-Lotion.jpg",600,600,false],"1536x1536":["https:\/\/kosmeetika24.com\/wp-content\/uploads\/2023\/10\/220-Calming-Day-Lotion.jpg",600,600,false],"2048x2048":["https:\/\/kosmeetika24.com\/wp-content\/uploads\/2023\/10\/220-Calming-Day-Lotion.jpg",600,600,false],"trp-custom-language-flag":["https:\/\/kosmeetika24.com\/wp-content\/uploads\/2023\/10\/220-Calming-Day-Lotion-12x12.jpg",12,12,true],"woocommerce_thumbnail":["https:\/\/kosmeetika24.com\/wp-content\/uploads\/2023\/10\/220-Calming-Day-Lotion-300x300.jpg",300,300,true],"woocommerce_single":["https:\/\/kosmeetika24.com\/wp-content\/uploads\/2023\/10\/220-Calming-Day-Lotion-500x500.jpg",500,500,true],"woocommerce_gallery_thumbnail":["https:\/\/kosmeetika24.com\/wp-content\/uploads\/2023\/10\/220-Calming-Day-Lotion-100x100.jpg",100,100,true]},"uagb_author_info":{"display_name":"admin","author_link":"https:\/\/kosmeetika24.com\/en\/author\/"},"uagb_comment_info":0,"uagb_excerpt":"Rikkalikult niisutav ja rahustav. Sobib tundliku naha kaitsmiseks ja h\u00fcdrolipiidse tasakaalu s\u00e4ilitamiseks. Taastab naha f\u00fcsioloogilise seisundi ja aitab ennetada vananemist. Ei sisalda l\u00f5hnaaineid. Sobib tundlikule ja kuivale nahale. 50 ml","_links":{"self":[{"href":"https:\/\/kosmeetika24.com\/en\/wp-json\/wp\/v2\/product\/1610","targetHints":{"allow":["GET"]}}],"collection":[{"href":"https:\/\/kosmeetika24.com\/en\/wp-json\/wp\/v2\/product"}],"about":[{"href":"https:\/\/kosmeetika24.com\/en\/wp-json\/wp\/v2\/types\/product"}],"replies":[{"embeddable":true,"href":"https:\/\/kosmeetika24.com\/en\/wp-json\/wp\/v2\/comments?post=1610"}],"version-history":[{"count":1,"href":"https:\/\/kosmeetika24.com\/en\/wp-json\/wp\/v2\/product\/1610\/revisions"}],"predecessor-version":[{"id":4710,"href":"https:\/\/kosmeetika24.com\/en\/wp-json\/wp\/v2\/product\/1610\/revisions\/4710"}],"wp:featuredmedia":[{"embeddable":true,"href":"https:\/\/kosmeetika24.com\/en\/wp-json\/wp\/v2\/media\/1624"}],"wp:attachment":[{"href":"https:\/\/kosmeetika24.com\/en\/wp-json\/wp\/v2\/media?parent=1610"}],"wp:term":[{"taxonomy":"product_brand","embeddable":true,"href":"https:\/\/kosmeetika24.com\/en\/wp-json\/wp\/v2\/product_brand?post=1610"},{"taxonomy":"product_cat","embeddable":true,"href":"https:\/\/kosmeetika24.com\/en\/wp-json\/wp\/v2\/product_cat?post=1610"},{"taxonomy":"product_tag","embeddable":true,"href":"https:\/\/kosmeetika24.com\/en\/wp-json\/wp\/v2\/product_tag?post=1610"}],"curies":[{"name":"wp","href":"https:\/\/api.w.org\/{rel}","templated":true}]}}