{"id":1609,"date":"2024-01-04T09:55:30","date_gmt":"2024-01-04T09:55:30","guid":{"rendered":"https:\/\/kosmeetika24.com\/?post_type=product&#038;p=1609"},"modified":"2025-07-02T13:28:42","modified_gmt":"2025-07-02T10:28:42","slug":"bruno-vassari-skin-comfort-alkoholivaba-varskendav-toonik","status":"publish","type":"product","link":"https:\/\/kosmeetika24.com\/en\/product\/bruno-vassari-skin-comfort-alkoholivaba-varskendav-toonik\/","title":{"rendered":"BRUNO VASSARI Skin Comfort Alcohol-Free Refreshing Toner"},"content":{"rendered":"<p><strong>KEY INGREDIENTS<\/strong><\/p>\n<ul>\n<li>A complex of plant extracts: lavender, lime blossom, calendula, and chamomile.<\/li>\n<li>Moisturizing complex: glycerin and glycols<\/li>\n<\/ul>\n<p><strong>Effect<\/strong><\/p>\n<ul>\n<li>The main purpose of the plant extract complex is to provide the facial water with soothing and anti-inflammatory properties.<\/li>\n<li>The moisturizing complex restores the water balance in the skin.<\/li>\n<\/ul>\n<p><strong>Usage<\/strong><\/p>\n<ul>\n<li>Apply the toner to a cotton pad and tone the skin. Suitable for use in the morning and evening.<\/li>\n<\/ul>\n<p><strong>Ingredients<\/strong><\/p>\n<p><span style=\"font-size: 14px;\">AQUA (WATER), BUTULENE GLYCOL, GLYCERIN, HYPERICUM PERFORATUM EXTRACT, CAMOMILLA RECUTITA (MATRICARIA) FLOWER EXTRACT, CALENDULA OFFICNALIS FLOWER EXTRACT, ANTHEMIS NOBILIS FLOWER EXTRACT, TILIA CORDATA FLOWER EXTRACT, CENTAUREA CYANUS FLOWER EXTRACT, PHENOXYETHANOL, CHLORPHENESIN, BENZOPHENONE-4, DISODIUM EDTA, PROPYLENE GLYCOL, SODIUM HYDROXIDE, METHYL PROPANEDIOL, C.I.42090 (FD&C BLUE No.1), C.I. 19140 (FD&C YELLOW No.5).<\/span><\/p>","protected":false},"excerpt":{"rendered":"<p class=\"translation-block\">Alcohol-free refreshing toner <em>Refreshing Toner<\/em> is a gentle, refreshing, and soothing facial water.<\/p>\n<p>Specially formulated without fragrances and alcohol to refresh, soothe, and balance the skin while protecting the hydrolipid layer.<\/p>\n<p>Suitable for all skin types, especially sensitive and dry skin.<\/p>\n<p>250 ml<\/p>","protected":false},"featured_media":1622,"comment_status":"open","ping_status":"closed","template":"","meta":{"_uag_custom_page_level_css":"","site-sidebar-layout":"default","site-content-layout":"","ast-site-content-layout":"default","site-content-style":"default","site-sidebar-style":"default","ast-global-header-display":"","ast-banner-title-visibility":"","ast-main-header-display":"","ast-hfb-above-header-display":"","ast-hfb-below-header-display":"","ast-hfb-mobile-header-display":"","site-post-title":"","ast-breadcrumbs-content":"","ast-featured-img":"","footer-sml-layout":"","ast-disable-related-posts":"","theme-transparent-header-meta":"default","adv-header-id-meta":"","stick-header-meta":"","header-above-stick-meta":"","header-main-stick-meta":"","header-below-stick-meta":"","astra-migrate-meta-layouts":"set","ast-page-background-enabled":"default","ast-page-background-meta":{"desktop":{"background-color":"var(--ast-global-color-4)","background-image":"","background-repeat":"repeat","background-position":"center center","background-size":"auto","background-attachment":"scroll","background-type":"","background-media":"","overlay-type":"","overlay-color":"","overlay-opacity":"","overlay-gradient":""},"tablet":{"background-color":"","background-image":"","background-repeat":"repeat","background-position":"center center","background-size":"auto","background-attachment":"scroll","background-type":"","background-media":"","overlay-type":"","overlay-color":"","overlay-opacity":"","overlay-gradient":""},"mobile":{"background-color":"","background-image":"","background-repeat":"repeat","background-position":"center center","background-size":"auto","background-attachment":"scroll","background-type":"","background-media":"","overlay-type":"","overlay-color":"","overlay-opacity":"","overlay-gradient":""}},"ast-content-background-meta":{"desktop":{"background-color":"var(--ast-global-color-5)","background-image":"","background-repeat":"repeat","background-position":"center center","background-size":"auto","background-attachment":"scroll","background-type":"","background-media":"","overlay-type":"","overlay-color":"","overlay-opacity":"","overlay-gradient":""},"tablet":{"background-color":"var(--ast-global-color-5)","background-image":"","background-repeat":"repeat","background-position":"center center","background-size":"auto","background-attachment":"scroll","background-type":"","background-media":"","overlay-type":"","overlay-color":"","overlay-opacity":"","overlay-gradient":""},"mobile":{"background-color":"var(--ast-global-color-5)","background-image":"","background-repeat":"repeat","background-position":"center center","background-size":"auto","background-attachment":"scroll","background-type":"","background-media":"","overlay-type":"","overlay-color":"","overlay-opacity":"","overlay-gradient":""}}},"product_brand":[],"product_cat":[96,97,77],"product_tag":[],"class_list":{"0":"post-1609","1":"product","2":"type-product","3":"status-publish","4":"has-post-thumbnail","6":"product_cat-brands","7":"product_cat-naole","8":"product_cat-skin-comfort","9":"desktop-align-left","10":"tablet-align-left","11":"mobile-align-left","13":"first","14":"instock","15":"taxable","16":"shipping-taxable","17":"product-type-simple","18":"add-to-wishlist-before_image"},"uagb_featured_image_src":{"full":["https:\/\/kosmeetika24.com\/wp-content\/uploads\/2023\/10\/201-Refreshing-Toner-1.jpg",600,600,false],"thumbnail":["https:\/\/kosmeetika24.com\/wp-content\/uploads\/2023\/10\/201-Refreshing-Toner-1-150x150.jpg",150,150,true],"medium":["https:\/\/kosmeetika24.com\/wp-content\/uploads\/2023\/10\/201-Refreshing-Toner-1-300x300.jpg",300,300,true],"medium_large":["https:\/\/kosmeetika24.com\/wp-content\/uploads\/2023\/10\/201-Refreshing-Toner-1.jpg",600,600,false],"large":["https:\/\/kosmeetika24.com\/wp-content\/uploads\/2023\/10\/201-Refreshing-Toner-1.jpg",600,600,false],"1536x1536":["https:\/\/kosmeetika24.com\/wp-content\/uploads\/2023\/10\/201-Refreshing-Toner-1.jpg",600,600,false],"2048x2048":["https:\/\/kosmeetika24.com\/wp-content\/uploads\/2023\/10\/201-Refreshing-Toner-1.jpg",600,600,false],"trp-custom-language-flag":["https:\/\/kosmeetika24.com\/wp-content\/uploads\/2023\/10\/201-Refreshing-Toner-1-12x12.jpg",12,12,true],"woocommerce_thumbnail":["https:\/\/kosmeetika24.com\/wp-content\/uploads\/2023\/10\/201-Refreshing-Toner-1-300x300.jpg",300,300,true],"woocommerce_single":["https:\/\/kosmeetika24.com\/wp-content\/uploads\/2023\/10\/201-Refreshing-Toner-1-500x500.jpg",500,500,true],"woocommerce_gallery_thumbnail":["https:\/\/kosmeetika24.com\/wp-content\/uploads\/2023\/10\/201-Refreshing-Toner-1-100x100.jpg",100,100,true]},"uagb_author_info":{"display_name":"admin","author_link":"https:\/\/kosmeetika24.com\/en\/author\/"},"uagb_comment_info":0,"uagb_excerpt":"Alkoholivaba v\u00e4rskendav toonik Refreshing Toner on \u00f5rnatoimeline, v\u00e4rskendav ja rahustav n\u00e4ovesi. Spetsiaalselt valmistatud ilma l\u00f5hnaainete ja alkoholita, et v\u00e4rskendada, rahustada ja tasakaalustada nahka, kaitstes samas h\u00fcdrolipiidkihti. Sobib k\u00f5igile nahat\u00fc\u00fcpidele, eriti aga\u00a0tundlikule ja kuivale nahale. 250 ml","_links":{"self":[{"href":"https:\/\/kosmeetika24.com\/en\/wp-json\/wp\/v2\/product\/1609","targetHints":{"allow":["GET"]}}],"collection":[{"href":"https:\/\/kosmeetika24.com\/en\/wp-json\/wp\/v2\/product"}],"about":[{"href":"https:\/\/kosmeetika24.com\/en\/wp-json\/wp\/v2\/types\/product"}],"replies":[{"embeddable":true,"href":"https:\/\/kosmeetika24.com\/en\/wp-json\/wp\/v2\/comments?post=1609"}],"version-history":[{"count":1,"href":"https:\/\/kosmeetika24.com\/en\/wp-json\/wp\/v2\/product\/1609\/revisions"}],"predecessor-version":[{"id":4711,"href":"https:\/\/kosmeetika24.com\/en\/wp-json\/wp\/v2\/product\/1609\/revisions\/4711"}],"wp:featuredmedia":[{"embeddable":true,"href":"https:\/\/kosmeetika24.com\/en\/wp-json\/wp\/v2\/media\/1622"}],"wp:attachment":[{"href":"https:\/\/kosmeetika24.com\/en\/wp-json\/wp\/v2\/media?parent=1609"}],"wp:term":[{"taxonomy":"product_brand","embeddable":true,"href":"https:\/\/kosmeetika24.com\/en\/wp-json\/wp\/v2\/product_brand?post=1609"},{"taxonomy":"product_cat","embeddable":true,"href":"https:\/\/kosmeetika24.com\/en\/wp-json\/wp\/v2\/product_cat?post=1609"},{"taxonomy":"product_tag","embeddable":true,"href":"https:\/\/kosmeetika24.com\/en\/wp-json\/wp\/v2\/product_tag?post=1609"}],"curies":[{"name":"wp","href":"https:\/\/api.w.org\/{rel}","templated":true}]}}