{"id":1573,"date":"2024-01-25T07:36:32","date_gmt":"2024-01-25T07:36:32","guid":{"rendered":"https:\/\/kosmeetika24.com\/?post_type=product&#038;p=1573"},"modified":"2025-07-02T11:27:50","modified_gmt":"2025-07-02T08:27:50","slug":"wishpro-btx-infusion-kortsude-vahendamine","status":"publish","type":"product","link":"https:\/\/kosmeetika24.com\/en\/product\/wishpro-btx-infusion-kortsude-vahendamine\/","title":{"rendered":"WISHPRO BTX Infusion \u2013 wrinkle-reducing"},"content":{"rendered":"<p style=\"text-align: center;\" class=\"translation-block\"><strong><span style=\"color: #993366\">BTX<\/span> capsule \u2013<\/strong> uses an extremely effective <strong>biomimetic peptide<\/strong> <strong>Argireline\u00ae<\/strong>.<\/p>\n<p style=\"text-align: center;\" class=\"translation-block\">The mechanism of action of the capsule is identical to that of injected <strong>botulinum toxin<\/strong>.<\/p>\n<p style=\"text-align: center;\" class=\"translation-block\">This involves <strong>partial paralysis of the muscles and wrinkle reduction.<\/strong><\/p>\n<p style=\"text-align: center;\" class=\"translation-block\">In addition, the implementation of several treatment methods effectively <strong>prevents the formation of new wrinkles.<\/strong><\/p>\n<p style=\"text-align: center;\" class=\"translation-block\"><strong>Intended use:<\/strong> All skin types, fine wrinkles, first signs of aging, lack of elasticity, clients seeking a banquet effect.<\/p>\n<p style=\"text-align: center;\" class=\"translation-block\"><span style=\"color: #993366\"><strong>BTX<\/strong><\/span> capsule is designed for use with the gold or red <strong>WishPro Plus+<\/strong> technology head.<\/p>\n<p style=\"text-align: center;\"><span style=\"color: #993366;\"><strong>Infusion line<\/strong><\/span><\/p>\n<p style=\"text-align: center;\" class=\"translation-block\">The line is dedicated to <strong>people with first signs of aging<\/strong> who wish to restore their youthful appearance and <strong>halt the aging process<\/strong>. The line is based on <strong>three proven effective active ingredients<\/strong>. The capsules are designed for all skin types and provide a <strong>light texture<\/strong> and an intense concentration of active ingredients!<\/p>\n<hr \/>\n<p style=\"text-align: center;\">The capsules are sterile and single-use, one capsule is intended for one treatment.<\/p>\n<p>Koostis: OLUS OIL, ISOAMYL LAURATE, AQUA, VITIS VINIFERA SEED OIL, GLYCERYL CAPRYLATE, BHT, HYDROGENATED POLYDECENE, HELIANTHUS ANNUUS SEED OIL, PARFUM, TOCOPHERYL ACETATE, RETINYL PALMITATE, CAPRYLYL GLYCOL, BENZYL SALICYLATE, ACETYL HEXAPEPTIDE-8, ALOE BARBADENSIS LEAF EXTRACT, DUNALIELLE SALINA EXTRACT.<\/p>","protected":false},"excerpt":{"rendered":"<p>BTX capsules contain Argireline\u00ae peptide solution C. A peptide specifically designed for topical use.<\/p>\n<p>It works similarly to Botox\u00ae, but without the negative side effects.<\/p>\n<p>With regular use of Synoia BTX capsules, wrinkles can be reduced by limiting facial muscle contractions.<\/p>\n<p><strong>The price applies to a package containing 10 capsules.<\/strong><\/p>\n<p>&nbsp;<\/p>\n<p>&nbsp;<\/p>","protected":false},"featured_media":1443,"comment_status":"open","ping_status":"closed","template":"","meta":{"_uag_custom_page_level_css":"","site-sidebar-layout":"default","site-content-layout":"","ast-site-content-layout":"default","site-content-style":"default","site-sidebar-style":"default","ast-global-header-display":"","ast-banner-title-visibility":"","ast-main-header-display":"","ast-hfb-above-header-display":"","ast-hfb-below-header-display":"","ast-hfb-mobile-header-display":"","site-post-title":"","ast-breadcrumbs-content":"","ast-featured-img":"","footer-sml-layout":"","ast-disable-related-posts":"","theme-transparent-header-meta":"default","adv-header-id-meta":"","stick-header-meta":"","header-above-stick-meta":"","header-main-stick-meta":"","header-below-stick-meta":"","astra-migrate-meta-layouts":"set","ast-page-background-enabled":"default","ast-page-background-meta":{"desktop":{"background-color":"var(--ast-global-color-4)","background-image":"","background-repeat":"repeat","background-position":"center center","background-size":"auto","background-attachment":"scroll","background-type":"","background-media":"","overlay-type":"","overlay-color":"","overlay-opacity":"","overlay-gradient":""},"tablet":{"background-color":"","background-image":"","background-repeat":"repeat","background-position":"center center","background-size":"auto","background-attachment":"scroll","background-type":"","background-media":"","overlay-type":"","overlay-color":"","overlay-opacity":"","overlay-gradient":""},"mobile":{"background-color":"","background-image":"","background-repeat":"repeat","background-position":"center center","background-size":"auto","background-attachment":"scroll","background-type":"","background-media":"","overlay-type":"","overlay-color":"","overlay-opacity":"","overlay-gradient":""}},"ast-content-background-meta":{"desktop":{"background-color":"var(--ast-global-color-5)","background-image":"","background-repeat":"repeat","background-position":"center center","background-size":"auto","background-attachment":"scroll","background-type":"","background-media":"","overlay-type":"","overlay-color":"","overlay-opacity":"","overlay-gradient":""},"tablet":{"background-color":"var(--ast-global-color-5)","background-image":"","background-repeat":"repeat","background-position":"center center","background-size":"auto","background-attachment":"scroll","background-type":"","background-media":"","overlay-type":"","overlay-color":"","overlay-opacity":"","overlay-gradient":""},"mobile":{"background-color":"var(--ast-global-color-5)","background-image":"","background-repeat":"repeat","background-position":"center center","background-size":"auto","background-attachment":"scroll","background-type":"","background-media":"","overlay-type":"","overlay-color":"","overlay-opacity":"","overlay-gradient":""}}},"product_brand":[],"product_cat":[96,97,80],"product_tag":[],"class_list":{"0":"post-1573","1":"product","2":"type-product","3":"status-publish","4":"has-post-thumbnail","6":"product_cat-brands","7":"product_cat-naole","8":"product_cat-wishpro","9":"desktop-align-left","10":"tablet-align-left","11":"mobile-align-left","13":"first","14":"instock","15":"taxable","16":"shipping-taxable","17":"product-type-simple","18":"add-to-wishlist-before_image"},"uagb_featured_image_src":{"full":["https:\/\/kosmeetika24.com\/wp-content\/uploads\/2023\/10\/btx.png",1080,1080,false],"thumbnail":["https:\/\/kosmeetika24.com\/wp-content\/uploads\/2023\/10\/btx-150x150.png",150,150,true],"medium":["https:\/\/kosmeetika24.com\/wp-content\/uploads\/2023\/10\/btx-300x300.png",300,300,true],"medium_large":["https:\/\/kosmeetika24.com\/wp-content\/uploads\/2023\/10\/btx-768x768.png",768,768,true],"large":["https:\/\/kosmeetika24.com\/wp-content\/uploads\/2023\/10\/btx-1024x1024.png",1024,1024,true],"1536x1536":["https:\/\/kosmeetika24.com\/wp-content\/uploads\/2023\/10\/btx.png",1080,1080,false],"2048x2048":["https:\/\/kosmeetika24.com\/wp-content\/uploads\/2023\/10\/btx.png",1080,1080,false],"trp-custom-language-flag":["https:\/\/kosmeetika24.com\/wp-content\/uploads\/2023\/10\/btx-12x12.png",12,12,true],"woocommerce_thumbnail":["https:\/\/kosmeetika24.com\/wp-content\/uploads\/2023\/10\/btx-300x300.png",300,300,true],"woocommerce_single":["https:\/\/kosmeetika24.com\/wp-content\/uploads\/2023\/10\/btx-500x500.png",500,500,true],"woocommerce_gallery_thumbnail":["https:\/\/kosmeetika24.com\/wp-content\/uploads\/2023\/10\/btx-100x100.png",100,100,true]},"uagb_author_info":{"display_name":"admin","author_link":"https:\/\/kosmeetika24.com\/en\/author\/"},"uagb_comment_info":0,"uagb_excerpt":"BTX kapslid sisaldavad Argireline\u00ae peptide solution C. Peptiidi, mis on spetsiaalselt loodud paikseks kasutamiseks. Toimib sarnaselt Botox\u00ae, kuid ei oma negatiivseid k\u00f5rvalm\u00f5jusid. Regulaarse Synoia BTX kapsli kasutamisega saab v\u00e4hendada kortse, piirates n\u00e4olihaste kokkut\u00f5mbeid. Hind kehtib 10 kapslit sisaldava pakendi kohta. &nbsp; &nbsp;","_links":{"self":[{"href":"https:\/\/kosmeetika24.com\/en\/wp-json\/wp\/v2\/product\/1573","targetHints":{"allow":["GET"]}}],"collection":[{"href":"https:\/\/kosmeetika24.com\/en\/wp-json\/wp\/v2\/product"}],"about":[{"href":"https:\/\/kosmeetika24.com\/en\/wp-json\/wp\/v2\/types\/product"}],"replies":[{"embeddable":true,"href":"https:\/\/kosmeetika24.com\/en\/wp-json\/wp\/v2\/comments?post=1573"}],"version-history":[{"count":2,"href":"https:\/\/kosmeetika24.com\/en\/wp-json\/wp\/v2\/product\/1573\/revisions"}],"predecessor-version":[{"id":4526,"href":"https:\/\/kosmeetika24.com\/en\/wp-json\/wp\/v2\/product\/1573\/revisions\/4526"}],"wp:featuredmedia":[{"embeddable":true,"href":"https:\/\/kosmeetika24.com\/en\/wp-json\/wp\/v2\/media\/1443"}],"wp:attachment":[{"href":"https:\/\/kosmeetika24.com\/en\/wp-json\/wp\/v2\/media?parent=1573"}],"wp:term":[{"taxonomy":"product_brand","embeddable":true,"href":"https:\/\/kosmeetika24.com\/en\/wp-json\/wp\/v2\/product_brand?post=1573"},{"taxonomy":"product_cat","embeddable":true,"href":"https:\/\/kosmeetika24.com\/en\/wp-json\/wp\/v2\/product_cat?post=1573"},{"taxonomy":"product_tag","embeddable":true,"href":"https:\/\/kosmeetika24.com\/en\/wp-json\/wp\/v2\/product_tag?post=1573"}],"curies":[{"name":"wp","href":"https:\/\/api.w.org\/{rel}","templated":true}]}}