{"id":1572,"date":"2024-01-24T15:36:30","date_gmt":"2024-01-24T15:36:30","guid":{"rendered":"https:\/\/kosmeetika24.com\/?post_type=product&#038;p=1572"},"modified":"2025-07-02T11:30:42","modified_gmt":"2025-07-02T08:30:42","slug":"wishpro-age-control-progeline-ja-tightenyliga","status":"publish","type":"product","link":"https:\/\/kosmeetika24.com\/en\/product\/wishpro-age-control-progeline-ja-tightenyliga\/","title":{"rendered":"WISHPRO Age Control \u2013 elasticity-restoring, wrinkle-reducing"},"content":{"rendered":"<p style=\"text-align: center;\" class=\"translation-block\"><strong><span style=\"color: #ff6600\">Age Control<\/span><\/strong> capsule is a concentrated blend of two biomimetic <strong>peptides<\/strong> that provides an immediate <strong>firming and smoothing effect<\/strong> on the skin.<\/p>\n<p style=\"text-align: center;\" class=\"translation-block\">Two unique ingredients: <strong>PROGELINE\u2122 and Tightenyl\u2122<\/strong> <strong>visibly reduce wrinkles<\/strong> and <strong>increase skin elasticity.<\/strong><\/p>\n<ul>\n<li>Water-based emulsion containing PROGELINE peptide.<\/li>\n<li>NB! Progerin is an aging marker discovered during progeria research. Aging is characterized by an increase in the toxic progerin protein, which negatively affects cellular function. The accumulation of progerin causes nuclear defects and DNA damage, \"contributing\" to the appearance of aging signs. Progerin accumulates over time and reaches high levels in older age.<\/li>\n<li>Tightenyl\u2122 skin matrix Bio-lifter, a retinol alternative used in facial rejuvenation treatments, firms the skin, visibly improves skin density, and promotes skin rejuvenation.<\/li>\n<li>These ingredients have a positive effect on improving the facial contour.<\/li>\n<\/ul>\n<p style=\"text-align: center;\" class=\"translation-block\">Age Control is the perfect solution for the <strong>complete transformation of the skin.<\/strong><\/p>\n<p style=\"text-align: center;\" class=\"translation-block\"><strong>Usage:<\/strong> all skin types, wrinkles and folds, dehydrated skin, skin laxity.<\/p>\n<p style=\"text-align: center;\" class=\"translation-block\"><span style=\"color: #ff6600\"><strong>Age Control<\/strong><\/span> capsule is intended for use with the golden or red <strong>WishPro Plus+<\/strong> technological head.<\/p>\n<p style=\"text-align: center;\"><span style=\"color: #ff6600;\"><strong>APC age process control line<\/strong><\/span><\/p>\n<p style=\"text-align: center;\" class=\"translation-block\">The new <strong>APC capsule series<\/strong> is designed to control and stop the skin aging process caused by mechanical factors, lifestyle, stress, and environmental pollutants. The series is targeted at individuals with <strong>damaged<\/strong>, <strong>dry, sensitive, and reddened<\/strong> skin. The ingredients in the line protect the skin from <strong>mechanical, chemical, and UV factors.<\/strong><\/p>\n<hr \/>\n<p style=\"text-align: center;\">The capsules are sterile and single-use, one capsule is intended for one treatment.<\/p>\n<p>Koostis: AQUA, DIMETHICONE, ISOPROPYL PALMITATE, PHENYL TRIMETHICONE, SIMMONDSIACHINESIS SEED OIL, GLYCERIN, SODIUM CHLORIDE, PHENOXYETHANOL, SILICA, PEG-10 DIMETHICONE, PARFUM, ETHYLHEXYLGLYCERIN, TRIFLUOROACETYL TRIPEPTIDE-2, DEXTRAN, SODIUM GLUCURONATE, DISODIUM ACETYL GLUCOSAMINE PHOSPHATE, DIMETHICONE\/VINYL DIMETHICONE CROSSPOLYMER, ISOCETETH-10, HEXYL CINNAMAL, MAGNESIUM SULFATE, LINALOOL, LIMONENE, METHYL 2-OCTYNOATE, BENZYL SALICYLATE, CITRONELLOL.<\/p>\n<p>\u00a0<\/p>","protected":false},"excerpt":{"rendered":"<p>Restorative effect, improves sagging skin and the depth of wrinkles.<\/p>\n<p>Reduces the synthesis of the biomarker PROGERIN, involved in the skin aging process. By directly affecting the skin aging process, it significantly improves the condition of the facial skin: reduces sagging, smooths wrinkles, firms the skin, and makes it more elastic.<\/p>\n<p><strong>The price applies to a package containing 10 capsules.<\/strong><\/p>\n<p>&nbsp;<\/p>\n<p>&nbsp;<\/p>\n<p>&nbsp;<\/p>\n<p>&nbsp;<\/p>","protected":false},"featured_media":1437,"comment_status":"open","ping_status":"closed","template":"","meta":{"_uag_custom_page_level_css":"","site-sidebar-layout":"default","site-content-layout":"","ast-site-content-layout":"default","site-content-style":"default","site-sidebar-style":"default","ast-global-header-display":"","ast-banner-title-visibility":"","ast-main-header-display":"","ast-hfb-above-header-display":"","ast-hfb-below-header-display":"","ast-hfb-mobile-header-display":"","site-post-title":"","ast-breadcrumbs-content":"","ast-featured-img":"","footer-sml-layout":"","ast-disable-related-posts":"","theme-transparent-header-meta":"default","adv-header-id-meta":"","stick-header-meta":"","header-above-stick-meta":"","header-main-stick-meta":"","header-below-stick-meta":"","astra-migrate-meta-layouts":"set","ast-page-background-enabled":"default","ast-page-background-meta":{"desktop":{"background-color":"var(--ast-global-color-4)","background-image":"","background-repeat":"repeat","background-position":"center center","background-size":"auto","background-attachment":"scroll","background-type":"","background-media":"","overlay-type":"","overlay-color":"","overlay-opacity":"","overlay-gradient":""},"tablet":{"background-color":"","background-image":"","background-repeat":"repeat","background-position":"center center","background-size":"auto","background-attachment":"scroll","background-type":"","background-media":"","overlay-type":"","overlay-color":"","overlay-opacity":"","overlay-gradient":""},"mobile":{"background-color":"","background-image":"","background-repeat":"repeat","background-position":"center center","background-size":"auto","background-attachment":"scroll","background-type":"","background-media":"","overlay-type":"","overlay-color":"","overlay-opacity":"","overlay-gradient":""}},"ast-content-background-meta":{"desktop":{"background-color":"var(--ast-global-color-5)","background-image":"","background-repeat":"repeat","background-position":"center center","background-size":"auto","background-attachment":"scroll","background-type":"","background-media":"","overlay-type":"","overlay-color":"","overlay-opacity":"","overlay-gradient":""},"tablet":{"background-color":"var(--ast-global-color-5)","background-image":"","background-repeat":"repeat","background-position":"center center","background-size":"auto","background-attachment":"scroll","background-type":"","background-media":"","overlay-type":"","overlay-color":"","overlay-opacity":"","overlay-gradient":""},"mobile":{"background-color":"var(--ast-global-color-5)","background-image":"","background-repeat":"repeat","background-position":"center center","background-size":"auto","background-attachment":"scroll","background-type":"","background-media":"","overlay-type":"","overlay-color":"","overlay-opacity":"","overlay-gradient":""}}},"product_brand":[],"product_cat":[96,97,80],"product_tag":[],"class_list":{"0":"post-1572","1":"product","2":"type-product","3":"status-publish","4":"has-post-thumbnail","6":"product_cat-brands","7":"product_cat-naole","8":"product_cat-wishpro","9":"desktop-align-left","10":"tablet-align-left","11":"mobile-align-left","13":"first","14":"instock","15":"taxable","16":"shipping-taxable","17":"product-type-simple","18":"add-to-wishlist-before_image"},"uagb_featured_image_src":{"full":["https:\/\/kosmeetika24.com\/wp-content\/uploads\/2023\/10\/age-control.png",600,600,false],"thumbnail":["https:\/\/kosmeetika24.com\/wp-content\/uploads\/2023\/10\/age-control-150x150.png",150,150,true],"medium":["https:\/\/kosmeetika24.com\/wp-content\/uploads\/2023\/10\/age-control-300x300.png",300,300,true],"medium_large":["https:\/\/kosmeetika24.com\/wp-content\/uploads\/2023\/10\/age-control.png",600,600,false],"large":["https:\/\/kosmeetika24.com\/wp-content\/uploads\/2023\/10\/age-control.png",600,600,false],"1536x1536":["https:\/\/kosmeetika24.com\/wp-content\/uploads\/2023\/10\/age-control.png",600,600,false],"2048x2048":["https:\/\/kosmeetika24.com\/wp-content\/uploads\/2023\/10\/age-control.png",600,600,false],"trp-custom-language-flag":["https:\/\/kosmeetika24.com\/wp-content\/uploads\/2023\/10\/age-control-12x12.png",12,12,true],"woocommerce_thumbnail":["https:\/\/kosmeetika24.com\/wp-content\/uploads\/2023\/10\/age-control-300x300.png",300,300,true],"woocommerce_single":["https:\/\/kosmeetika24.com\/wp-content\/uploads\/2023\/10\/age-control-500x500.png",500,500,true],"woocommerce_gallery_thumbnail":["https:\/\/kosmeetika24.com\/wp-content\/uploads\/2023\/10\/age-control-100x100.png",100,100,true]},"uagb_author_info":{"display_name":"admin","author_link":"https:\/\/kosmeetika24.com\/en\/author\/"},"uagb_comment_info":0,"uagb_excerpt":"Taastav toime, parandab l\u00f5tvunud nahka ja kortsude s\u00fcgavust. V\u00e4hendab naha vananemisprotsessis osaleva biomarkeri PROGERIIN s\u00fcnteesi. M\u00f5jutades otseselt naha vananemisprotsessi, parandab see oluliselt n\u00e4onaha\u00a0 seisundit: v\u00e4hendab l\u00f5tvumist, silub kortse, pinguldab nahka, muudab selle elastsemaks. Hind kehtib 10 kapslit sisaldava pakendi eest. &nbsp; &nbsp; &nbsp; &nbsp;","_links":{"self":[{"href":"https:\/\/kosmeetika24.com\/en\/wp-json\/wp\/v2\/product\/1572","targetHints":{"allow":["GET"]}}],"collection":[{"href":"https:\/\/kosmeetika24.com\/en\/wp-json\/wp\/v2\/product"}],"about":[{"href":"https:\/\/kosmeetika24.com\/en\/wp-json\/wp\/v2\/types\/product"}],"replies":[{"embeddable":true,"href":"https:\/\/kosmeetika24.com\/en\/wp-json\/wp\/v2\/comments?post=1572"}],"version-history":[{"count":2,"href":"https:\/\/kosmeetika24.com\/en\/wp-json\/wp\/v2\/product\/1572\/revisions"}],"predecessor-version":[{"id":4534,"href":"https:\/\/kosmeetika24.com\/en\/wp-json\/wp\/v2\/product\/1572\/revisions\/4534"}],"wp:featuredmedia":[{"embeddable":true,"href":"https:\/\/kosmeetika24.com\/en\/wp-json\/wp\/v2\/media\/1437"}],"wp:attachment":[{"href":"https:\/\/kosmeetika24.com\/en\/wp-json\/wp\/v2\/media?parent=1572"}],"wp:term":[{"taxonomy":"product_brand","embeddable":true,"href":"https:\/\/kosmeetika24.com\/en\/wp-json\/wp\/v2\/product_brand?post=1572"},{"taxonomy":"product_cat","embeddable":true,"href":"https:\/\/kosmeetika24.com\/en\/wp-json\/wp\/v2\/product_cat?post=1572"},{"taxonomy":"product_tag","embeddable":true,"href":"https:\/\/kosmeetika24.com\/en\/wp-json\/wp\/v2\/product_tag?post=1572"}],"curies":[{"name":"wp","href":"https:\/\/api.w.org\/{rel}","templated":true}]}}