{"id":1564,"date":"2024-01-25T08:06:43","date_gmt":"2024-01-25T08:06:43","guid":{"rendered":"https:\/\/kosmeetika24.com\/?post_type=product&#038;p=1564"},"modified":"2025-07-02T11:26:49","modified_gmt":"2025-07-02T08:26:49","slug":"wishpro-rejuvenation-noorendav-kaitsev-parandav","status":"publish","type":"product","link":"https:\/\/kosmeetika24.com\/en\/product\/wishpro-rejuvenation-noorendav-kaitsev-parandav\/","title":{"rendered":"WISHPRO Rejuvenatio \u2013 rejuvenating, protective, restorative"},"content":{"rendered":"<p style=\"text-align: center;\" class=\"translation-block\"><span style=\"color: #339966\"><strong>Rejuvenation<\/strong>\u00a0<\/span>kapsel \u2013<strong> sheav\u00f5i<\/strong> toimeained aitavad <strong>nahakahjustusi<\/strong> tagasi p\u00f6\u00f6rata, <strong>kaitsta ja parandada.<\/strong><\/p>\n<p style=\"text-align: center;\" class=\"translation-block\">The fatty acids in <strong>sheabutter<\/strong> <strong>restore<\/strong> and <strong>increase the skin's elasticity and tone.<\/strong><\/p>\n<p style=\"text-align: center;\" class=\"translation-block\">Sheabutter has been used for <strong>thousands of years<\/strong> as one of the best natural <strong>regenerative ingredients<\/strong>.<\/p>\n<p style=\"text-align: center;\" class=\"translation-block\"><strong>Usage:<\/strong> dry skin, signs of aging, wrinkles and folds, lack of elasticity, clients who value natural ingredients and oils.<\/p>\n<p style=\"text-align: center;\" class=\"translation-block\"><span style=\"color: #339966\"><strong>Rejuvenation<\/strong><\/span> capsule is intended for use with the golden or red <strong>WishPro Plus+<\/strong> technological head.<\/p>\n<p style=\"text-align: center;\"><span style=\"color: #339966;\"><strong>Natural line<\/strong><\/span><\/p>\n<p style=\"text-align: center;\" class=\"translation-block\">A core care line dedicated to <strong>young, sensitive, and irritated skin.<\/strong> The natural line is based on natural <strong>plant oils<\/strong> that strengthen the skin's natural protective barrier.<\/p>\n<p style=\"text-align: center;\">Healthy, youthful skin thanks to non-invasive solutions and completely natural ingredients!<\/p>\n<hr \/>\n<p style=\"text-align: center;\">The capsules are sterile and single-use, one capsule is intended for one treatment session.<\/p>\n<p>Koostis: BUTYROSPERMUM PARKII ( SHEA) BUTTER, TOCOPHERYL ACETATE.<\/p>","protected":false},"excerpt":{"rendered":"<p>&nbsp;<\/p>\n<p>Shea butter has been used for centuries due to its unmatched ability to protect and restore the skin.<\/p>\n<p>Shea butter penetrates deep into the skin, rejuvenating damaged cells, restoring elasticity and tone.<\/p>\n<p>Smooths fine lines and restores the skin's youthful appearance.<\/p>\n<p class=\"translation-block\">The rejuvenating capsule is the synonym of smooth and elastic skin.<\/p>\n<p><strong>The price applies to a package containing 10 capsules.<\/strong><\/p>\n<p>&nbsp;<\/p>","protected":false},"featured_media":1467,"comment_status":"open","ping_status":"closed","template":"","meta":{"_uag_custom_page_level_css":"","site-sidebar-layout":"default","site-content-layout":"","ast-site-content-layout":"default","site-content-style":"default","site-sidebar-style":"default","ast-global-header-display":"","ast-banner-title-visibility":"","ast-main-header-display":"","ast-hfb-above-header-display":"","ast-hfb-below-header-display":"","ast-hfb-mobile-header-display":"","site-post-title":"","ast-breadcrumbs-content":"","ast-featured-img":"","footer-sml-layout":"","ast-disable-related-posts":"","theme-transparent-header-meta":"default","adv-header-id-meta":"","stick-header-meta":"","header-above-stick-meta":"","header-main-stick-meta":"","header-below-stick-meta":"","astra-migrate-meta-layouts":"set","ast-page-background-enabled":"default","ast-page-background-meta":{"desktop":{"background-color":"var(--ast-global-color-4)","background-image":"","background-repeat":"repeat","background-position":"center center","background-size":"auto","background-attachment":"scroll","background-type":"","background-media":"","overlay-type":"","overlay-color":"","overlay-opacity":"","overlay-gradient":""},"tablet":{"background-color":"","background-image":"","background-repeat":"repeat","background-position":"center center","background-size":"auto","background-attachment":"scroll","background-type":"","background-media":"","overlay-type":"","overlay-color":"","overlay-opacity":"","overlay-gradient":""},"mobile":{"background-color":"","background-image":"","background-repeat":"repeat","background-position":"center center","background-size":"auto","background-attachment":"scroll","background-type":"","background-media":"","overlay-type":"","overlay-color":"","overlay-opacity":"","overlay-gradient":""}},"ast-content-background-meta":{"desktop":{"background-color":"var(--ast-global-color-5)","background-image":"","background-repeat":"repeat","background-position":"center center","background-size":"auto","background-attachment":"scroll","background-type":"","background-media":"","overlay-type":"","overlay-color":"","overlay-opacity":"","overlay-gradient":""},"tablet":{"background-color":"var(--ast-global-color-5)","background-image":"","background-repeat":"repeat","background-position":"center center","background-size":"auto","background-attachment":"scroll","background-type":"","background-media":"","overlay-type":"","overlay-color":"","overlay-opacity":"","overlay-gradient":""},"mobile":{"background-color":"var(--ast-global-color-5)","background-image":"","background-repeat":"repeat","background-position":"center center","background-size":"auto","background-attachment":"scroll","background-type":"","background-media":"","overlay-type":"","overlay-color":"","overlay-opacity":"","overlay-gradient":""}}},"product_brand":[],"product_cat":[96,97,80],"product_tag":[],"class_list":{"0":"post-1564","1":"product","2":"type-product","3":"status-publish","4":"has-post-thumbnail","6":"product_cat-brands","7":"product_cat-naole","8":"product_cat-wishpro","9":"desktop-align-left","10":"tablet-align-left","11":"mobile-align-left","13":"first","14":"instock","15":"taxable","16":"shipping-taxable","17":"product-type-simple","18":"add-to-wishlist-before_image"},"uagb_featured_image_src":{"full":["https:\/\/kosmeetika24.com\/wp-content\/uploads\/2023\/10\/rejuvenation.png",600,600,false],"thumbnail":["https:\/\/kosmeetika24.com\/wp-content\/uploads\/2023\/10\/rejuvenation-150x150.png",150,150,true],"medium":["https:\/\/kosmeetika24.com\/wp-content\/uploads\/2023\/10\/rejuvenation-300x300.png",300,300,true],"medium_large":["https:\/\/kosmeetika24.com\/wp-content\/uploads\/2023\/10\/rejuvenation.png",600,600,false],"large":["https:\/\/kosmeetika24.com\/wp-content\/uploads\/2023\/10\/rejuvenation.png",600,600,false],"1536x1536":["https:\/\/kosmeetika24.com\/wp-content\/uploads\/2023\/10\/rejuvenation.png",600,600,false],"2048x2048":["https:\/\/kosmeetika24.com\/wp-content\/uploads\/2023\/10\/rejuvenation.png",600,600,false],"trp-custom-language-flag":["https:\/\/kosmeetika24.com\/wp-content\/uploads\/2023\/10\/rejuvenation-12x12.png",12,12,true],"woocommerce_thumbnail":["https:\/\/kosmeetika24.com\/wp-content\/uploads\/2023\/10\/rejuvenation-300x300.png",300,300,true],"woocommerce_single":["https:\/\/kosmeetika24.com\/wp-content\/uploads\/2023\/10\/rejuvenation-500x500.png",500,500,true],"woocommerce_gallery_thumbnail":["https:\/\/kosmeetika24.com\/wp-content\/uploads\/2023\/10\/rejuvenation-100x100.png",100,100,true]},"uagb_author_info":{"display_name":"admin","author_link":"https:\/\/kosmeetika24.com\/en\/author\/"},"uagb_comment_info":0,"uagb_excerpt":"&nbsp; Sheav\u00f5id on kasutatud sajandeid selle \u00fcletamatu v\u00f5ime t\u00f5ttu nahka kaitsta ja parandada. Sheav\u00f5i tungib s\u00fcgavale nahka, noorendab kahjustatud rakke, taastades elastsuse ja toonuse. Silub penemad kortsud ja taastab naha nooruslikkuse. Noorendav kapsel on\u00a0sileda ja elastse naha s\u00fcnon\u00fc\u00fcm. Hind kehtib 10 kapslit sisaldava pakendi kohta. &nbsp;","_links":{"self":[{"href":"https:\/\/kosmeetika24.com\/en\/wp-json\/wp\/v2\/product\/1564","targetHints":{"allow":["GET"]}}],"collection":[{"href":"https:\/\/kosmeetika24.com\/en\/wp-json\/wp\/v2\/product"}],"about":[{"href":"https:\/\/kosmeetika24.com\/en\/wp-json\/wp\/v2\/types\/product"}],"replies":[{"embeddable":true,"href":"https:\/\/kosmeetika24.com\/en\/wp-json\/wp\/v2\/comments?post=1564"}],"version-history":[{"count":1,"href":"https:\/\/kosmeetika24.com\/en\/wp-json\/wp\/v2\/product\/1564\/revisions"}],"predecessor-version":[{"id":4523,"href":"https:\/\/kosmeetika24.com\/en\/wp-json\/wp\/v2\/product\/1564\/revisions\/4523"}],"wp:featuredmedia":[{"embeddable":true,"href":"https:\/\/kosmeetika24.com\/en\/wp-json\/wp\/v2\/media\/1467"}],"wp:attachment":[{"href":"https:\/\/kosmeetika24.com\/en\/wp-json\/wp\/v2\/media?parent=1564"}],"wp:term":[{"taxonomy":"product_brand","embeddable":true,"href":"https:\/\/kosmeetika24.com\/en\/wp-json\/wp\/v2\/product_brand?post=1564"},{"taxonomy":"product_cat","embeddable":true,"href":"https:\/\/kosmeetika24.com\/en\/wp-json\/wp\/v2\/product_cat?post=1564"},{"taxonomy":"product_tag","embeddable":true,"href":"https:\/\/kosmeetika24.com\/en\/wp-json\/wp\/v2\/product_tag?post=1564"}],"curies":[{"name":"wp","href":"https:\/\/api.w.org\/{rel}","templated":true}]}}