{"id":1561,"date":"2024-01-25T07:31:38","date_gmt":"2024-01-25T07:31:38","guid":{"rendered":"https:\/\/kosmeetika24.com\/?post_type=product&#038;p=1561"},"modified":"2025-07-02T11:28:00","modified_gmt":"2025-07-02T08:28:00","slug":"wishpro-collagen-infusion-niisutav-ja-toitev","status":"publish","type":"product","link":"https:\/\/kosmeetika24.com\/en\/product\/wishpro-collagen-infusion-niisutav-ja-toitev\/","title":{"rendered":"WISHPRO Collagen Infusion \u2013 moisturizing and nourishing"},"content":{"rendered":"<p style=\"text-align: center;\" class=\"translation-block\"><span style=\"color: #993366\"><strong>Collagen Infusion<\/strong><\/span> capsule \u2013 moisturizing and nourishing capsule based on highly purified MARI COLL collagen extracted from deep-sea fish.<\/p>\n<p style=\"text-align: center;\">This collagen contains a unique amino acid composition that effectively neutralizes irritation caused by environmental factors, preventing damage and dryness.<\/p>\n<p style=\"text-align: center;\">The active ingredients strengthen the immune system, thereby protecting against harmful UV rays.<\/p>\n<p style=\"text-align: center;\" class=\"translation-block\"><strong>Intended use:<\/strong> all skin types, fine lines, first signs of aging, lack of elasticity, skin in need of nourishment.<\/p>\n<p style=\"text-align: center;\" class=\"translation-block\"><span style=\"color: #993366\"><strong>Collagen Infusion <\/strong><\/span> capsule is intended for use with the gold or red <strong>WishPro Plus+<\/strong> technology head.<\/p>\n<p style=\"text-align: center;\"><span style=\"color: #993366;\"><strong>Infusion line<\/strong><\/span><\/p>\n<p style=\"text-align: center;\" class=\"translation-block\">The line is dedicated to <strong>people with first signs of aging<\/strong> who wish to restore their youthful appearance and <strong>halt the aging process<\/strong>. The line is based on <strong>three proven effective active ingredients<\/strong>. The capsules are designed for all skin types and provide a <strong>light texture<\/strong> and an intense concentration of active ingredients!<\/p>\n<hr \/>\n<p style=\"text-align: center;\">The capsules are sterile and single-use, one capsule is intended for one treatment.<\/p>\n<p>Koostis: OLUS OIL, ISOAMYL LAURATE, VITICVINIFERA SEED OIL, GLYCERYL CAPRYLATE, OLEA EUROPAEA HUSK OIL, BHT, HYDORGENATED POLYDECENE, HELIANTHUS ANNUS SEED OIL, PARFUM, AQUA, TOCOPHER\u00dcL ACETATE, RETINYL PALMITATE, HYDROLYZED COLLAGEN, BENZYL SALICYLATE, BENZYL ALCOHOL, ALOE BARBADENSIS LEAF EXTRACT, POTASSIUM SORBATE, SODIUM BENZOATE, DUNALIELLA SALINA EXTRACT.<\/p>","protected":false},"excerpt":{"rendered":"<p>Protects the skin from harmful radiation while strengthening the skin's immune system.<\/p>\n<p>Fights free radicals to slow down skin aging and cell damage.<\/p>\n<p>Mari Coll, pure collagen derived from deep-sea fish, neutralizes the effects of irritating and potent substances on the skin.<\/p>\n<p><strong>The price applies to a package containing 10 capsules.<\/strong><\/p>","protected":false},"featured_media":1446,"comment_status":"open","ping_status":"closed","template":"","meta":{"_uag_custom_page_level_css":"","site-sidebar-layout":"default","site-content-layout":"","ast-site-content-layout":"default","site-content-style":"default","site-sidebar-style":"default","ast-global-header-display":"","ast-banner-title-visibility":"","ast-main-header-display":"","ast-hfb-above-header-display":"","ast-hfb-below-header-display":"","ast-hfb-mobile-header-display":"","site-post-title":"","ast-breadcrumbs-content":"","ast-featured-img":"","footer-sml-layout":"","ast-disable-related-posts":"","theme-transparent-header-meta":"default","adv-header-id-meta":"","stick-header-meta":"","header-above-stick-meta":"","header-main-stick-meta":"","header-below-stick-meta":"","astra-migrate-meta-layouts":"set","ast-page-background-enabled":"default","ast-page-background-meta":{"desktop":{"background-color":"var(--ast-global-color-4)","background-image":"","background-repeat":"repeat","background-position":"center center","background-size":"auto","background-attachment":"scroll","background-type":"","background-media":"","overlay-type":"","overlay-color":"","overlay-opacity":"","overlay-gradient":""},"tablet":{"background-color":"","background-image":"","background-repeat":"repeat","background-position":"center center","background-size":"auto","background-attachment":"scroll","background-type":"","background-media":"","overlay-type":"","overlay-color":"","overlay-opacity":"","overlay-gradient":""},"mobile":{"background-color":"","background-image":"","background-repeat":"repeat","background-position":"center center","background-size":"auto","background-attachment":"scroll","background-type":"","background-media":"","overlay-type":"","overlay-color":"","overlay-opacity":"","overlay-gradient":""}},"ast-content-background-meta":{"desktop":{"background-color":"var(--ast-global-color-5)","background-image":"","background-repeat":"repeat","background-position":"center center","background-size":"auto","background-attachment":"scroll","background-type":"","background-media":"","overlay-type":"","overlay-color":"","overlay-opacity":"","overlay-gradient":""},"tablet":{"background-color":"var(--ast-global-color-5)","background-image":"","background-repeat":"repeat","background-position":"center center","background-size":"auto","background-attachment":"scroll","background-type":"","background-media":"","overlay-type":"","overlay-color":"","overlay-opacity":"","overlay-gradient":""},"mobile":{"background-color":"var(--ast-global-color-5)","background-image":"","background-repeat":"repeat","background-position":"center center","background-size":"auto","background-attachment":"scroll","background-type":"","background-media":"","overlay-type":"","overlay-color":"","overlay-opacity":"","overlay-gradient":""}}},"product_brand":[],"product_cat":[96,97,80],"product_tag":[],"class_list":{"0":"post-1561","1":"product","2":"type-product","3":"status-publish","4":"has-post-thumbnail","6":"product_cat-brands","7":"product_cat-naole","8":"product_cat-wishpro","9":"desktop-align-left","10":"tablet-align-left","11":"mobile-align-left","13":"first","14":"instock","15":"taxable","16":"shipping-taxable","17":"product-type-simple","18":"add-to-wishlist-before_image"},"uagb_featured_image_src":{"full":["https:\/\/kosmeetika24.com\/wp-content\/uploads\/2023\/10\/collagen.png",600,600,false],"thumbnail":["https:\/\/kosmeetika24.com\/wp-content\/uploads\/2023\/10\/collagen-150x150.png",150,150,true],"medium":["https:\/\/kosmeetika24.com\/wp-content\/uploads\/2023\/10\/collagen-300x300.png",300,300,true],"medium_large":["https:\/\/kosmeetika24.com\/wp-content\/uploads\/2023\/10\/collagen.png",600,600,false],"large":["https:\/\/kosmeetika24.com\/wp-content\/uploads\/2023\/10\/collagen.png",600,600,false],"1536x1536":["https:\/\/kosmeetika24.com\/wp-content\/uploads\/2023\/10\/collagen.png",600,600,false],"2048x2048":["https:\/\/kosmeetika24.com\/wp-content\/uploads\/2023\/10\/collagen.png",600,600,false],"trp-custom-language-flag":["https:\/\/kosmeetika24.com\/wp-content\/uploads\/2023\/10\/collagen-12x12.png",12,12,true],"woocommerce_thumbnail":["https:\/\/kosmeetika24.com\/wp-content\/uploads\/2023\/10\/collagen-300x300.png",300,300,true],"woocommerce_single":["https:\/\/kosmeetika24.com\/wp-content\/uploads\/2023\/10\/collagen-500x500.png",500,500,true],"woocommerce_gallery_thumbnail":["https:\/\/kosmeetika24.com\/wp-content\/uploads\/2023\/10\/collagen-100x100.png",100,100,true]},"uagb_author_info":{"display_name":"admin","author_link":"https:\/\/kosmeetika24.com\/en\/author\/"},"uagb_comment_info":0,"uagb_excerpt":"Kaitseb nahka kahjuliku kiirguse eest, tugevdades samal ajal ka naha immuuns\u00fcsteemi. V\u00f5itleb vabade radikaalidega, et pidurdada naha vananemist ja rakkude kahjustamist. Mari Coll, s\u00fcvaveekaladest saadud puhas kollageen, neutraliseerib \u00e4rritavate ja tugevatoimeliste ainete m\u00f5ju nahale. Hind kehtib 10 kapslit sisaldava pakendi kohta.","_links":{"self":[{"href":"https:\/\/kosmeetika24.com\/en\/wp-json\/wp\/v2\/product\/1561","targetHints":{"allow":["GET"]}}],"collection":[{"href":"https:\/\/kosmeetika24.com\/en\/wp-json\/wp\/v2\/product"}],"about":[{"href":"https:\/\/kosmeetika24.com\/en\/wp-json\/wp\/v2\/types\/product"}],"replies":[{"embeddable":true,"href":"https:\/\/kosmeetika24.com\/en\/wp-json\/wp\/v2\/comments?post=1561"}],"version-history":[{"count":2,"href":"https:\/\/kosmeetika24.com\/en\/wp-json\/wp\/v2\/product\/1561\/revisions"}],"predecessor-version":[{"id":4527,"href":"https:\/\/kosmeetika24.com\/en\/wp-json\/wp\/v2\/product\/1561\/revisions\/4527"}],"wp:featuredmedia":[{"embeddable":true,"href":"https:\/\/kosmeetika24.com\/en\/wp-json\/wp\/v2\/media\/1446"}],"wp:attachment":[{"href":"https:\/\/kosmeetika24.com\/en\/wp-json\/wp\/v2\/media?parent=1561"}],"wp:term":[{"taxonomy":"product_brand","embeddable":true,"href":"https:\/\/kosmeetika24.com\/en\/wp-json\/wp\/v2\/product_brand?post=1561"},{"taxonomy":"product_cat","embeddable":true,"href":"https:\/\/kosmeetika24.com\/en\/wp-json\/wp\/v2\/product_cat?post=1561"},{"taxonomy":"product_tag","embeddable":true,"href":"https:\/\/kosmeetika24.com\/en\/wp-json\/wp\/v2\/product_tag?post=1561"}],"curies":[{"name":"wp","href":"https:\/\/api.w.org\/{rel}","templated":true}]}}