{"id":1557,"date":"2024-01-25T07:23:43","date_gmt":"2024-01-25T07:23:43","guid":{"rendered":"https:\/\/kosmeetika24.com\/?post_type=product&#038;p=1557"},"modified":"2025-07-02T11:28:11","modified_gmt":"2025-07-02T08:28:11","slug":"wishpro-hyaluronic-infusion-niisuatv","status":"publish","type":"product","link":"https:\/\/kosmeetika24.com\/en\/product\/wishpro-hyaluronic-infusion-niisuatv\/","title":{"rendered":"<span style=\"color: #339966\"><strong>Hyaluronic Infusion<\/strong><\/span> \u2013 richly moisturizing."},"content":{"rendered":"<p style=\"text-align: center;\" class=\"translation-block\"><span style=\"color: #993366\"><strong>Hyaluronic<\/strong><\/span> capsule contains a highly concentrated <strong>crystal hyaluronic acid<\/strong>, <strong>which is one of the most moisturizing substances available on the market<\/strong>.<\/p>\n<p style=\"text-align: center;\" class=\"translation-block\"><strong>Crystalhyal, like a micro-sponge<\/strong>, absorbs water and <strong>retains it in the epidermis,<\/strong> contributing to the <strong>increase in skin elasticity.<\/strong><\/p>\n<p style=\"text-align: center;\" class=\"translation-block\">Additionally, the capsule stimulates the production of <strong>supportive fibers in the skin<\/strong>.<\/p>\n<p style=\"text-align: center;\" class=\"translation-block\">supports the <strong>immune system<\/strong> and has <strong>anti-inflammatory properties<\/strong>.<\/p>\n<p style=\"text-align: center;\" class=\"translation-block\"><strong>Kasutusotstarve:<\/strong> kuiv ja veetustatud nahk, peened kortsud, esimesed vananemise tunnused, elastsuse puudumine, niisutamist vajav nahk.<\/p>\n<p style=\"text-align: center;\" class=\"translation-block\"><span style=\"color: #993366\"><strong>Hyaluronic<\/strong><\/span> capsule is intended for use with the gold, red, or blue <strong>WishPro Plus+<\/strong> technological head.<\/p>\n<p style=\"text-align: center;\"><span style=\"color: #993366;\"><strong>Infusion line<\/strong><\/span><\/p>\n<p style=\"text-align: center;\" class=\"translation-block\">The line is dedicated to <strong>people with first signs of aging<\/strong> who wish to restore their youthful appearance and <strong>halt the aging process<\/strong>. The line is based on <strong>three proven effective active ingredients<\/strong>. The capsules are designed for all skin types and provide a <strong>light texture<\/strong> and an intense concentration of active ingredients!<\/p>\n<hr \/>\n<p style=\"text-align: center;\">The capsules are sterile and single-use, one capsule is intended for one treatment.<\/p>\n<p>Ingridients: OLUS OIL, ISOAMYL LAURATE, VITIS VINIFERA SEED OIL, GLYCERYL CAPRYLATE, HYDROLYZED HYALURONIC ACID, BHT, HYDROGENATED POLYDECENE, HELIANTHUS ANNUUS SEED OIL, PARFUM, TOCOPHERYL ACETATE, BENZYL SALICYLATE, ALOE BARBADENSIS LEAF EXTRACT, DUNALIELLA SALINA EXTRACT.<\/p>","protected":false},"excerpt":{"rendered":"<p>Acting like a \"molecular sponge,\" it enhances the skin's ability to retain water \u2013 keeping it moist and healthy.<\/p>\n<p>Hyaluronic infusion stimulates the synthesis of collagen and elastin, strengthening the overall immunity of the skin.<\/p>\n<p><strong>The price applies to a package containing 10 capsules.<\/strong><\/p>","protected":false},"featured_media":1461,"comment_status":"open","ping_status":"closed","template":"","meta":{"_uag_custom_page_level_css":"","site-sidebar-layout":"default","site-content-layout":"","ast-site-content-layout":"default","site-content-style":"default","site-sidebar-style":"default","ast-global-header-display":"","ast-banner-title-visibility":"","ast-main-header-display":"","ast-hfb-above-header-display":"","ast-hfb-below-header-display":"","ast-hfb-mobile-header-display":"","site-post-title":"","ast-breadcrumbs-content":"","ast-featured-img":"","footer-sml-layout":"","ast-disable-related-posts":"","theme-transparent-header-meta":"default","adv-header-id-meta":"","stick-header-meta":"","header-above-stick-meta":"","header-main-stick-meta":"","header-below-stick-meta":"","astra-migrate-meta-layouts":"set","ast-page-background-enabled":"default","ast-page-background-meta":{"desktop":{"background-color":"var(--ast-global-color-4)","background-image":"","background-repeat":"repeat","background-position":"center center","background-size":"auto","background-attachment":"scroll","background-type":"","background-media":"","overlay-type":"","overlay-color":"","overlay-opacity":"","overlay-gradient":""},"tablet":{"background-color":"","background-image":"","background-repeat":"repeat","background-position":"center center","background-size":"auto","background-attachment":"scroll","background-type":"","background-media":"","overlay-type":"","overlay-color":"","overlay-opacity":"","overlay-gradient":""},"mobile":{"background-color":"","background-image":"","background-repeat":"repeat","background-position":"center center","background-size":"auto","background-attachment":"scroll","background-type":"","background-media":"","overlay-type":"","overlay-color":"","overlay-opacity":"","overlay-gradient":""}},"ast-content-background-meta":{"desktop":{"background-color":"var(--ast-global-color-5)","background-image":"","background-repeat":"repeat","background-position":"center center","background-size":"auto","background-attachment":"scroll","background-type":"","background-media":"","overlay-type":"","overlay-color":"","overlay-opacity":"","overlay-gradient":""},"tablet":{"background-color":"var(--ast-global-color-5)","background-image":"","background-repeat":"repeat","background-position":"center center","background-size":"auto","background-attachment":"scroll","background-type":"","background-media":"","overlay-type":"","overlay-color":"","overlay-opacity":"","overlay-gradient":""},"mobile":{"background-color":"var(--ast-global-color-5)","background-image":"","background-repeat":"repeat","background-position":"center center","background-size":"auto","background-attachment":"scroll","background-type":"","background-media":"","overlay-type":"","overlay-color":"","overlay-opacity":"","overlay-gradient":""}}},"product_brand":[],"product_cat":[96,97,80],"product_tag":[],"class_list":{"0":"post-1557","1":"product","2":"type-product","3":"status-publish","4":"has-post-thumbnail","6":"product_cat-brands","7":"product_cat-naole","8":"product_cat-wishpro","9":"desktop-align-left","10":"tablet-align-left","11":"mobile-align-left","13":"first","14":"instock","15":"taxable","16":"shipping-taxable","17":"product-type-simple","18":"add-to-wishlist-before_image"},"uagb_featured_image_src":{"full":["https:\/\/kosmeetika24.com\/wp-content\/uploads\/2023\/10\/hyaluron.png",600,600,false],"thumbnail":["https:\/\/kosmeetika24.com\/wp-content\/uploads\/2023\/10\/hyaluron-150x150.png",150,150,true],"medium":["https:\/\/kosmeetika24.com\/wp-content\/uploads\/2023\/10\/hyaluron-300x300.png",300,300,true],"medium_large":["https:\/\/kosmeetika24.com\/wp-content\/uploads\/2023\/10\/hyaluron.png",600,600,false],"large":["https:\/\/kosmeetika24.com\/wp-content\/uploads\/2023\/10\/hyaluron.png",600,600,false],"1536x1536":["https:\/\/kosmeetika24.com\/wp-content\/uploads\/2023\/10\/hyaluron.png",600,600,false],"2048x2048":["https:\/\/kosmeetika24.com\/wp-content\/uploads\/2023\/10\/hyaluron.png",600,600,false],"trp-custom-language-flag":["https:\/\/kosmeetika24.com\/wp-content\/uploads\/2023\/10\/hyaluron-12x12.png",12,12,true],"woocommerce_thumbnail":["https:\/\/kosmeetika24.com\/wp-content\/uploads\/2023\/10\/hyaluron-300x300.png",300,300,true],"woocommerce_single":["https:\/\/kosmeetika24.com\/wp-content\/uploads\/2023\/10\/hyaluron-500x500.png",500,500,true],"woocommerce_gallery_thumbnail":["https:\/\/kosmeetika24.com\/wp-content\/uploads\/2023\/10\/hyaluron-100x100.png",100,100,true]},"uagb_author_info":{"display_name":"admin","author_link":"https:\/\/kosmeetika24.com\/en\/author\/"},"uagb_comment_info":0,"uagb_excerpt":"Toimides nagu \"molekulaarne k\u00e4sn\", suurendab see naha v\u00f5imet s\u00e4ilitada vett \u2013 hoiab selle niiske ja tervena. H\u00fcaluroonhappe infusioon stimuleerib kollageeni ja elastiini s\u00fcnteesi, tugevdab naha \u00fcldist immuunsust. Hind kehtib 10 kapslit sisaldava pakendi kohta.","_links":{"self":[{"href":"https:\/\/kosmeetika24.com\/en\/wp-json\/wp\/v2\/product\/1557","targetHints":{"allow":["GET"]}}],"collection":[{"href":"https:\/\/kosmeetika24.com\/en\/wp-json\/wp\/v2\/product"}],"about":[{"href":"https:\/\/kosmeetika24.com\/en\/wp-json\/wp\/v2\/types\/product"}],"replies":[{"embeddable":true,"href":"https:\/\/kosmeetika24.com\/en\/wp-json\/wp\/v2\/comments?post=1557"}],"version-history":[{"count":1,"href":"https:\/\/kosmeetika24.com\/en\/wp-json\/wp\/v2\/product\/1557\/revisions"}],"predecessor-version":[{"id":4528,"href":"https:\/\/kosmeetika24.com\/en\/wp-json\/wp\/v2\/product\/1557\/revisions\/4528"}],"wp:featuredmedia":[{"embeddable":true,"href":"https:\/\/kosmeetika24.com\/en\/wp-json\/wp\/v2\/media\/1461"}],"wp:attachment":[{"href":"https:\/\/kosmeetika24.com\/en\/wp-json\/wp\/v2\/media?parent=1557"}],"wp:term":[{"taxonomy":"product_brand","embeddable":true,"href":"https:\/\/kosmeetika24.com\/en\/wp-json\/wp\/v2\/product_brand?post=1557"},{"taxonomy":"product_cat","embeddable":true,"href":"https:\/\/kosmeetika24.com\/en\/wp-json\/wp\/v2\/product_cat?post=1557"},{"taxonomy":"product_tag","embeddable":true,"href":"https:\/\/kosmeetika24.com\/en\/wp-json\/wp\/v2\/product_tag?post=1557"}],"curies":[{"name":"wp","href":"https:\/\/api.w.org\/{rel}","templated":true}]}}