{"id":1554,"date":"2024-01-24T15:48:25","date_gmt":"2024-01-24T15:48:25","guid":{"rendered":"https:\/\/kosmeetika24.com\/?post_type=product&#038;p=1554"},"modified":"2025-07-02T11:30:18","modified_gmt":"2025-07-02T08:30:18","slug":"wishpro-repairing-apl","status":"publish","type":"product","link":"https:\/\/kosmeetika24.com\/en\/product\/wishpro-repairing-apl\/","title":{"rendered":"WISHPRO Repairing APL \u2013 repairing"},"content":{"rendered":"<p align=\"CENTER\" class=\"translation-block\"><strong><span style=\"color: #0000ff\">Repairing<\/span><\/strong> capsule formula is based on two types of hyaluronic acid, which thanks to their unique combination, can work <strong><span style=\"color: #000000\"><span style=\"font-family: tahoma, arial, helvetica, sans-serif\"><span style=\"font-size: medium\"><b>deeper and more intensively.<\/b><\/span><\/span><\/span><\/strong><\/p>\n<p align=\"CENTER\" class=\"translation-block\"><strong><span style=\"color: #000000\"><span style=\"font-family: tahoma, arial, helvetica, sans-serif\"><span style=\"font-size: medium\"><b>CrystalHyal and PrimaHyal 300<\/b><\/span><\/span><\/span><\/strong><span style=\"color: #000000\"><span style=\"font-family: tahoma, arial, helvetica, sans-serif\"><span style=\"font-size: medium\"> are hyaluronic acid particles of different sizes.<\/span><\/span><\/span><\/p>\n<p align=\"CENTER\" class=\"translation-block\"><span style=\"color: #000000\"><span style=\"font-family: tahoma, arial, helvetica, sans-serif\"><span style=\"font-size: medium\">They provide intense hydration, protect the skin <\/span><\/span><\/span><strong><span style=\"color: #000000\"><span style=\"font-family: tahoma, arial, helvetica, sans-serif\"><span style=\"font-size: medium\"><b>from harmful bacteria<\/b><\/span><\/span><\/span><\/strong><span style=\"color: #000000\"><span style=\"font-family: tahoma, arial, helvetica, sans-serif\"><span style=\"font-size: medium\">, <\/span><\/span><\/span><strong><span style=\"color: #000000\"><span style=\"font-family: tahoma, arial, helvetica, sans-serif\"><span style=\"font-size: medium\"><b>stimulate the immune system<\/b><\/span><\/span><\/span><\/strong><span style=\"color: #000000\"><span style=\"font-family: tahoma, arial, helvetica, sans-serif\"><span style=\"font-size: medium\"> and <\/span><\/span><\/span><span style=\"color: #000000\"><span style=\"font-family: tahoma, arial, helvetica, sans-serif\"><span style=\"font-size: medium\"><b>support cell renewal.<\/b><\/span><\/span><\/span><\/strong><\/p>\n<p align=\"CENTER\">PrimalHyal 300 hyaluronic acid promotes the wound healing process.<\/p>\n<p align=\"CENTER\"><span style=\"color: #333333;\"><span style=\"font-family: tahoma, arial, helvetica, sans-serif;\"><span style=\"font-size: medium;\"><strong>Purpose:<\/strong>: k\u00f5ik nahat\u00fc\u00fcbid, tundlik, k\u00fcps, \u00e4rritnud, kortsud, niisutamist vajav nahk, naha l\u00f5tvus.<\/span><\/span><\/span><\/p>\n<p align=\"CENTER\" class=\"translation-block\"><strong><span style=\"color: #0000ff\">Repairing<\/span><\/strong> capsule is designed for use with the golden, red, or blue <strong>WishPro Plus+ technological head.<\/strong><\/p>\n<p style=\"text-align: center;\"><span style=\"color: #0000ff;\"><strong>Active Pro-Long series<\/strong><\/span><\/p>\n<p style=\"text-align: center;\" class=\"translation-block\">The APL series is designed for skin that requires <strong>special ingredients<\/strong>. It <strong>revives and restores<\/strong> skin damaged and stressed by external factors. The APL series contains three types of capsules based on powerful active ingredients that provide <strong>instant results after just one treatment<\/strong>! The capsule formula primarily consists of <strong>light emulsions<\/strong> suitable for different skin types.<\/p>\n<hr \/>\n<p style=\"text-align: center;\">The capsules are sterile and single-use, one capsule is intended for one treatment.<\/p>\n<p>Ingridients: AQUA, DIMETHICONE, ISOPROPYL PALMITATE, PHENTYL TRIMETHICONE, ISOPROPYL MYRISTATE, GLYCERIN, HYDROLYSED HYALURONIC ACID, SODIUM CHLORIDE, PHENOXYETHANOL, SILICA, PEG-10 DIMETHICONE, ETHYLHEXYLGLYCERIN, PARFUM, DIMETHICONE\/VINYL DIMETHICONE CROSSPOLYMER, ISOCETETH-10, HEXYL CINNAMAL, LINALOOL, LIMONENE, METHYL 2-OCTYNOATE.<\/p>","protected":false},"excerpt":{"rendered":"<p>Repairing capsule helps protect and repair the skin.<\/p>\n<p><strong>The price applies to a package containing 10 capsules.<\/strong><\/p>","protected":false},"featured_media":1466,"comment_status":"open","ping_status":"closed","template":"","meta":{"_uag_custom_page_level_css":"","site-sidebar-layout":"default","site-content-layout":"","ast-site-content-layout":"default","site-content-style":"default","site-sidebar-style":"default","ast-global-header-display":"","ast-banner-title-visibility":"","ast-main-header-display":"","ast-hfb-above-header-display":"","ast-hfb-below-header-display":"","ast-hfb-mobile-header-display":"","site-post-title":"","ast-breadcrumbs-content":"","ast-featured-img":"","footer-sml-layout":"","ast-disable-related-posts":"","theme-transparent-header-meta":"default","adv-header-id-meta":"","stick-header-meta":"","header-above-stick-meta":"","header-main-stick-meta":"","header-below-stick-meta":"","astra-migrate-meta-layouts":"set","ast-page-background-enabled":"default","ast-page-background-meta":{"desktop":{"background-color":"var(--ast-global-color-4)","background-image":"","background-repeat":"repeat","background-position":"center center","background-size":"auto","background-attachment":"scroll","background-type":"","background-media":"","overlay-type":"","overlay-color":"","overlay-opacity":"","overlay-gradient":""},"tablet":{"background-color":"","background-image":"","background-repeat":"repeat","background-position":"center center","background-size":"auto","background-attachment":"scroll","background-type":"","background-media":"","overlay-type":"","overlay-color":"","overlay-opacity":"","overlay-gradient":""},"mobile":{"background-color":"","background-image":"","background-repeat":"repeat","background-position":"center center","background-size":"auto","background-attachment":"scroll","background-type":"","background-media":"","overlay-type":"","overlay-color":"","overlay-opacity":"","overlay-gradient":""}},"ast-content-background-meta":{"desktop":{"background-color":"var(--ast-global-color-5)","background-image":"","background-repeat":"repeat","background-position":"center center","background-size":"auto","background-attachment":"scroll","background-type":"","background-media":"","overlay-type":"","overlay-color":"","overlay-opacity":"","overlay-gradient":""},"tablet":{"background-color":"var(--ast-global-color-5)","background-image":"","background-repeat":"repeat","background-position":"center center","background-size":"auto","background-attachment":"scroll","background-type":"","background-media":"","overlay-type":"","overlay-color":"","overlay-opacity":"","overlay-gradient":""},"mobile":{"background-color":"var(--ast-global-color-5)","background-image":"","background-repeat":"repeat","background-position":"center center","background-size":"auto","background-attachment":"scroll","background-type":"","background-media":"","overlay-type":"","overlay-color":"","overlay-opacity":"","overlay-gradient":""}}},"product_brand":[],"product_cat":[96,97,80],"product_tag":[],"class_list":{"0":"post-1554","1":"product","2":"type-product","3":"status-publish","4":"has-post-thumbnail","6":"product_cat-brands","7":"product_cat-naole","8":"product_cat-wishpro","9":"desktop-align-left","10":"tablet-align-left","11":"mobile-align-left","13":"first","14":"instock","15":"taxable","16":"shipping-taxable","17":"product-type-simple","18":"add-to-wishlist-before_image"},"uagb_featured_image_src":{"full":["https:\/\/kosmeetika24.com\/wp-content\/uploads\/2023\/10\/repairing.png",600,600,false],"thumbnail":["https:\/\/kosmeetika24.com\/wp-content\/uploads\/2023\/10\/repairing-150x150.png",150,150,true],"medium":["https:\/\/kosmeetika24.com\/wp-content\/uploads\/2023\/10\/repairing-300x300.png",300,300,true],"medium_large":["https:\/\/kosmeetika24.com\/wp-content\/uploads\/2023\/10\/repairing.png",600,600,false],"large":["https:\/\/kosmeetika24.com\/wp-content\/uploads\/2023\/10\/repairing.png",600,600,false],"1536x1536":["https:\/\/kosmeetika24.com\/wp-content\/uploads\/2023\/10\/repairing.png",600,600,false],"2048x2048":["https:\/\/kosmeetika24.com\/wp-content\/uploads\/2023\/10\/repairing.png",600,600,false],"trp-custom-language-flag":["https:\/\/kosmeetika24.com\/wp-content\/uploads\/2023\/10\/repairing-12x12.png",12,12,true],"woocommerce_thumbnail":["https:\/\/kosmeetika24.com\/wp-content\/uploads\/2023\/10\/repairing-300x300.png",300,300,true],"woocommerce_single":["https:\/\/kosmeetika24.com\/wp-content\/uploads\/2023\/10\/repairing-500x500.png",500,500,true],"woocommerce_gallery_thumbnail":["https:\/\/kosmeetika24.com\/wp-content\/uploads\/2023\/10\/repairing-100x100.png",100,100,true]},"uagb_author_info":{"display_name":"admin","author_link":"https:\/\/kosmeetika24.com\/en\/author\/"},"uagb_comment_info":0,"uagb_excerpt":"Repairing kapsel aitab nahka kaitsta ja parandada. Hind kehtib 10 kapslit sisaldava pakendi kohta.","_links":{"self":[{"href":"https:\/\/kosmeetika24.com\/en\/wp-json\/wp\/v2\/product\/1554","targetHints":{"allow":["GET"]}}],"collection":[{"href":"https:\/\/kosmeetika24.com\/en\/wp-json\/wp\/v2\/product"}],"about":[{"href":"https:\/\/kosmeetika24.com\/en\/wp-json\/wp\/v2\/types\/product"}],"replies":[{"embeddable":true,"href":"https:\/\/kosmeetika24.com\/en\/wp-json\/wp\/v2\/comments?post=1554"}],"version-history":[{"count":2,"href":"https:\/\/kosmeetika24.com\/en\/wp-json\/wp\/v2\/product\/1554\/revisions"}],"predecessor-version":[{"id":4533,"href":"https:\/\/kosmeetika24.com\/en\/wp-json\/wp\/v2\/product\/1554\/revisions\/4533"}],"wp:featuredmedia":[{"embeddable":true,"href":"https:\/\/kosmeetika24.com\/en\/wp-json\/wp\/v2\/media\/1466"}],"wp:attachment":[{"href":"https:\/\/kosmeetika24.com\/en\/wp-json\/wp\/v2\/media?parent=1554"}],"wp:term":[{"taxonomy":"product_brand","embeddable":true,"href":"https:\/\/kosmeetika24.com\/en\/wp-json\/wp\/v2\/product_brand?post=1554"},{"taxonomy":"product_cat","embeddable":true,"href":"https:\/\/kosmeetika24.com\/en\/wp-json\/wp\/v2\/product_cat?post=1554"},{"taxonomy":"product_tag","embeddable":true,"href":"https:\/\/kosmeetika24.com\/en\/wp-json\/wp\/v2\/product_tag?post=1554"}],"curies":[{"name":"wp","href":"https:\/\/api.w.org\/{rel}","templated":true}]}}