{"id":1544,"date":"2024-01-22T13:04:00","date_gmt":"2024-01-22T13:04:00","guid":{"rendered":"https:\/\/kosmeetika24.com\/?post_type=product&#038;p=1544"},"modified":"2025-12-23T12:55:41","modified_gmt":"2025-12-23T09:55:41","slug":"oxygen-ceuticals-palsam-nahale-pp-kreem","status":"publish","type":"product","link":"https:\/\/kosmeetika24.com\/en\/product\/oxygen-ceuticals-palsam-nahale-pp-kreem\/","title":{"rendered":"OXYGEN CEUTICALS balm for the skin (PP cream)"},"content":{"rendered":"<p>Post-procedure cream <em>PP cream<\/em> Helps to enhance the skin's protective barrier, elasticity, and improves skin renewal<br \/>\nmakes the skin tone radiant. Soothes irritation, hydrates, reduces inflammation, and protects the skin. The cream is enriched with epidermal growth factors (EGF) and contains 53 amino acids. These ingredients activate skin regeneration.<\/p>\n<p>Use daily after salon treatments. Perfect for use after aesthetic procedures.<\/p>\n<p>Suitable for all skin types, especially for sensitive, damaged, and dry skin.<\/p>\n<p><strong>ACTIVE INGREDIENTS<\/strong><\/p>\n<ul>\n<li>Adenosine<\/li>\n<li>Apricot kernel oil<\/li>\n<li>Macadamia seed oil<\/li>\n<li>Arbutin<\/li>\n<li>Sodium hyaluronate<\/li>\n<li>SH-Oligopeptide-1<\/li>\n<li>Vitamin E acetate<\/li>\n<li>Oxygen<\/li>\n<\/ul>\n<p><strong>Effect<\/strong><\/p>\n<ul>\n<li>Adenosine revitalizes tired skin and enhances elasticity.<\/li>\n<li>Apricot kernel oil reduces itching, soothes, nourishes, and brightens the skin.<\/li>\n<li>Macadamia seed oil protects against dehydration by strengthening the skin's barrier function and refreshes the skin.<\/li>\n<li>Arbutin regulates melanin pigment and brightens the skin tone.<\/li>\n<li>Sodium hyaluronate is a water-binding ingredient that has the ability to fill the spaces between collagen and elastin fibers.<\/li>\n<li>SH-Oligopeptide-1 enhances skin elasticity and restores the skin's barrier function in damaged skin.<\/li>\n<li>Vitamin E acetate restores the skin's texture and brightens the skin.<\/li>\n<li>Oxygen combats visible signs of aging caused by poor oxygen flow from the subcutaneous capillaries to the surface layers of the skin. It directly stimulates collagen and elastin synthesis in the skin and has anti-inflammatory effects.<\/li>\n<\/ul>","protected":false},"excerpt":{"rendered":"<p>A perfect moisturizer for professional use, designed to improve post-treatment skin condition or nourish dry skin. Helps enhance the skin's protective barrier, elasticity, promotes skin renewal, and provides a radiant complexion.<\/p>\n<p>&nbsp;<\/p>\n<p>200 ml<\/p>","protected":false},"featured_media":1469,"comment_status":"open","ping_status":"closed","template":"","meta":{"_uag_custom_page_level_css":"","site-sidebar-layout":"default","site-content-layout":"","ast-site-content-layout":"default","site-content-style":"default","site-sidebar-style":"default","ast-global-header-display":"","ast-banner-title-visibility":"","ast-main-header-display":"","ast-hfb-above-header-display":"","ast-hfb-below-header-display":"","ast-hfb-mobile-header-display":"","site-post-title":"","ast-breadcrumbs-content":"","ast-featured-img":"","footer-sml-layout":"","ast-disable-related-posts":"","theme-transparent-header-meta":"default","adv-header-id-meta":"","stick-header-meta":"","header-above-stick-meta":"","header-main-stick-meta":"","header-below-stick-meta":"","astra-migrate-meta-layouts":"set","ast-page-background-enabled":"default","ast-page-background-meta":{"desktop":{"background-color":"var(--ast-global-color-4)","background-image":"","background-repeat":"repeat","background-position":"center center","background-size":"auto","background-attachment":"scroll","background-type":"","background-media":"","overlay-type":"","overlay-color":"","overlay-opacity":"","overlay-gradient":""},"tablet":{"background-color":"","background-image":"","background-repeat":"repeat","background-position":"center center","background-size":"auto","background-attachment":"scroll","background-type":"","background-media":"","overlay-type":"","overlay-color":"","overlay-opacity":"","overlay-gradient":""},"mobile":{"background-color":"","background-image":"","background-repeat":"repeat","background-position":"center center","background-size":"auto","background-attachment":"scroll","background-type":"","background-media":"","overlay-type":"","overlay-color":"","overlay-opacity":"","overlay-gradient":""}},"ast-content-background-meta":{"desktop":{"background-color":"var(--ast-global-color-5)","background-image":"","background-repeat":"repeat","background-position":"center center","background-size":"auto","background-attachment":"scroll","background-type":"","background-media":"","overlay-type":"","overlay-color":"","overlay-opacity":"","overlay-gradient":""},"tablet":{"background-color":"var(--ast-global-color-5)","background-image":"","background-repeat":"repeat","background-position":"center center","background-size":"auto","background-attachment":"scroll","background-type":"","background-media":"","overlay-type":"","overlay-color":"","overlay-opacity":"","overlay-gradient":""},"mobile":{"background-color":"var(--ast-global-color-5)","background-image":"","background-repeat":"repeat","background-position":"center center","background-size":"auto","background-attachment":"scroll","background-type":"","background-media":"","overlay-type":"","overlay-color":"","overlay-opacity":"","overlay-gradient":""}}},"product_brand":[],"product_cat":[96,97,74],"product_tag":[],"class_list":{"0":"post-1544","1":"product","2":"type-product","3":"status-publish","4":"has-post-thumbnail","6":"product_cat-brands","7":"product_cat-naole","8":"product_cat-oxygen-ceuticals","9":"desktop-align-left","10":"tablet-align-left","11":"mobile-align-left","13":"first","14":"instock","15":"taxable","16":"shipping-taxable","17":"product-type-simple","18":"add-to-wishlist-before_image"},"uagb_featured_image_src":{"full":["https:\/\/kosmeetika24.com\/wp-content\/uploads\/2023\/10\/pp-cream-pro.jpg",600,600,false],"thumbnail":["https:\/\/kosmeetika24.com\/wp-content\/uploads\/2023\/10\/pp-cream-pro-150x150.jpg",150,150,true],"medium":["https:\/\/kosmeetika24.com\/wp-content\/uploads\/2023\/10\/pp-cream-pro-300x300.jpg",300,300,true],"medium_large":["https:\/\/kosmeetika24.com\/wp-content\/uploads\/2023\/10\/pp-cream-pro.jpg",600,600,false],"large":["https:\/\/kosmeetika24.com\/wp-content\/uploads\/2023\/10\/pp-cream-pro.jpg",600,600,false],"1536x1536":["https:\/\/kosmeetika24.com\/wp-content\/uploads\/2023\/10\/pp-cream-pro.jpg",600,600,false],"2048x2048":["https:\/\/kosmeetika24.com\/wp-content\/uploads\/2023\/10\/pp-cream-pro.jpg",600,600,false],"trp-custom-language-flag":["https:\/\/kosmeetika24.com\/wp-content\/uploads\/2023\/10\/pp-cream-pro-12x12.jpg",12,12,true],"woocommerce_thumbnail":["https:\/\/kosmeetika24.com\/wp-content\/uploads\/2023\/10\/pp-cream-pro-300x300.jpg",300,300,true],"woocommerce_single":["https:\/\/kosmeetika24.com\/wp-content\/uploads\/2023\/10\/pp-cream-pro-500x500.jpg",500,500,true],"woocommerce_gallery_thumbnail":["https:\/\/kosmeetika24.com\/wp-content\/uploads\/2023\/10\/pp-cream-pro-100x100.jpg",100,100,true]},"uagb_author_info":{"display_name":"admin","author_link":"https:\/\/kosmeetika24.com\/en\/author\/"},"uagb_comment_info":0,"uagb_excerpt":"Professionaalseks kasutamiseks m\u00f5eldud t\u00e4iuslik niisutaja protseduurij\u00e4rgse seisundi parandamiseks v\u00f5i kuiva naha toitmiseks. Aitab suurendada naha kaitsebarj\u00e4\u00e4ri, elastsust, parandab naha uuendamist ja annab s\u00e4rava jume. &nbsp; 200 ml","_links":{"self":[{"href":"https:\/\/kosmeetika24.com\/en\/wp-json\/wp\/v2\/product\/1544","targetHints":{"allow":["GET"]}}],"collection":[{"href":"https:\/\/kosmeetika24.com\/en\/wp-json\/wp\/v2\/product"}],"about":[{"href":"https:\/\/kosmeetika24.com\/en\/wp-json\/wp\/v2\/types\/product"}],"replies":[{"embeddable":true,"href":"https:\/\/kosmeetika24.com\/en\/wp-json\/wp\/v2\/comments?post=1544"}],"version-history":[{"count":1,"href":"https:\/\/kosmeetika24.com\/en\/wp-json\/wp\/v2\/product\/1544\/revisions"}],"predecessor-version":[{"id":4568,"href":"https:\/\/kosmeetika24.com\/en\/wp-json\/wp\/v2\/product\/1544\/revisions\/4568"}],"wp:featuredmedia":[{"embeddable":true,"href":"https:\/\/kosmeetika24.com\/en\/wp-json\/wp\/v2\/media\/1469"}],"wp:attachment":[{"href":"https:\/\/kosmeetika24.com\/en\/wp-json\/wp\/v2\/media?parent=1544"}],"wp:term":[{"taxonomy":"product_brand","embeddable":true,"href":"https:\/\/kosmeetika24.com\/en\/wp-json\/wp\/v2\/product_brand?post=1544"},{"taxonomy":"product_cat","embeddable":true,"href":"https:\/\/kosmeetika24.com\/en\/wp-json\/wp\/v2\/product_cat?post=1544"},{"taxonomy":"product_tag","embeddable":true,"href":"https:\/\/kosmeetika24.com\/en\/wp-json\/wp\/v2\/product_tag?post=1544"}],"curies":[{"name":"wp","href":"https:\/\/api.w.org\/{rel}","templated":true}]}}