{"id":1540,"date":"2024-01-22T13:08:41","date_gmt":"2024-01-22T13:08:41","guid":{"rendered":"https:\/\/kosmeetika24.com\/?post_type=product&#038;p=1540"},"modified":"2025-07-02T09:44:35","modified_gmt":"2025-07-02T06:44:35","slug":"oxygen-ceuticals-intensiivselt-niisutav-kreem","status":"publish","type":"product","link":"https:\/\/kosmeetika24.com\/en\/product\/oxygen-ceuticals-intensiivselt-niisutav-kreem\/","title":{"rendered":"OXYGEN CEUTICALS Intensively Moisturizing Cream"},"content":{"rendered":"<p class=\"translation-block\">The <em>Hydrating Cream<\/em> makes the skin look more youthful and radiant, increases cell growth and collagen synthesis. It restores the skin's moisture balance, improves elasticity, and fights hyperpigmentation.<\/p>\n<p>Suitable for all skin types, especially dry and aging skin, skin with atopic and psoriasis symptoms, and dull, stressed skin.<\/p>\n<p><strong>ACTIVE INGREDIENTS<\/strong><\/p>\n<ul>\n<li>Green tea extract<\/li>\n<li>Allantoin<\/li>\n<li>Vitamin E<\/li>\n<li>Snail secretion<\/li>\n<li>Apricot kernel oil<\/li>\n<li>Sodium hyaluronate<\/li>\n<li>Niacinamide<\/li>\n<li>Vitamin B<\/li>\n<li>Edelweiss extract<\/li>\n<li>Betaine<\/li>\n<\/ul>\n<p><strong>Effect<\/strong><\/p>\n<ul>\n<li>Green tea extract, with its excellent soothing properties, helps protect the skin.<\/li>\n<li>Allantoin has anti-inflammatory properties, soothes skin irritations, moisturizes, smooths, and restores the skin.<\/li>\n<li>Vitamin E acetate restores the skin's texture and brightens the skin.<\/li>\n<li>Snail secretion protects, moisturizes, and improves skin elasticity, while also having pigmentation- and scar-reducing effects.<\/li>\n<li>Apricot kernel oil reduces itching, soothes, nourishes, and brightens the skin.<\/li>\n<li>Sodium hyaluronate is a natural moisturizer that hydrates the skin without clogging pores.<\/li>\n<li>Niacinamide restores skin tone and barrier.<\/li>\n<li>Vitamin B3 has a brightening function, restores skin tone, and inhibits the formation of excess pigment.<\/li>\n<li>Edelweiss extract moisturizes, soothes, and protects the skin, while promoting collagen production.<\/li>\n<li>Betaine: a natural moisturizing factor from amino acids.<\/li>\n<\/ul>\n<p><strong>Ingredients <\/strong><\/p>\n<p>Water, Dipropylene Glycol, Glycerin, Cetearyl Alcohol, Cetyl Ethylhexanoate, 1,2-Hexanediol, C12-15 Alkyl Benzoate, Macadamia Ternifolia Seed Oil, Limnanthes Alba (Meadowfoam) Seed Oil, Beeswax, Niacinamide, Glyceryl Stearate, Dimethicone, Betaine, Oxygen, Cetearyl Glucoside, Sodium Hyaluronate, Leontopodium Alpinum Callus Culture Extract, Acetyl Hexapeptide-8, Portulaca Oleracea Extract, Sclerotium Gum, Camellia Sinensis Leaf Extract, Allantoin, Tocopheryl Acetate, Butylene Glycol, Sodium Polyacrylate, Polyacrylate-13, Polyisobutene, Polysorbate 20, Sorbitan Isostearate, Ethylhexylglycerin, Parfum<\/p>","protected":false},"excerpt":{"rendered":"<p>A cream designed for professional use that fights hyperpigmentation, making the skin look more youthful and radiant.<\/p>\n<p>200 ml<\/p>","protected":false},"featured_media":1460,"comment_status":"open","ping_status":"closed","template":"","meta":{"_uag_custom_page_level_css":"","site-sidebar-layout":"default","site-content-layout":"","ast-site-content-layout":"default","site-content-style":"default","site-sidebar-style":"default","ast-global-header-display":"","ast-banner-title-visibility":"","ast-main-header-display":"","ast-hfb-above-header-display":"","ast-hfb-below-header-display":"","ast-hfb-mobile-header-display":"","site-post-title":"","ast-breadcrumbs-content":"","ast-featured-img":"","footer-sml-layout":"","ast-disable-related-posts":"","theme-transparent-header-meta":"default","adv-header-id-meta":"","stick-header-meta":"","header-above-stick-meta":"","header-main-stick-meta":"","header-below-stick-meta":"","astra-migrate-meta-layouts":"set","ast-page-background-enabled":"default","ast-page-background-meta":{"desktop":{"background-color":"var(--ast-global-color-4)","background-image":"","background-repeat":"repeat","background-position":"center center","background-size":"auto","background-attachment":"scroll","background-type":"","background-media":"","overlay-type":"","overlay-color":"","overlay-opacity":"","overlay-gradient":""},"tablet":{"background-color":"","background-image":"","background-repeat":"repeat","background-position":"center center","background-size":"auto","background-attachment":"scroll","background-type":"","background-media":"","overlay-type":"","overlay-color":"","overlay-opacity":"","overlay-gradient":""},"mobile":{"background-color":"","background-image":"","background-repeat":"repeat","background-position":"center center","background-size":"auto","background-attachment":"scroll","background-type":"","background-media":"","overlay-type":"","overlay-color":"","overlay-opacity":"","overlay-gradient":""}},"ast-content-background-meta":{"desktop":{"background-color":"var(--ast-global-color-5)","background-image":"","background-repeat":"repeat","background-position":"center center","background-size":"auto","background-attachment":"scroll","background-type":"","background-media":"","overlay-type":"","overlay-color":"","overlay-opacity":"","overlay-gradient":""},"tablet":{"background-color":"var(--ast-global-color-5)","background-image":"","background-repeat":"repeat","background-position":"center center","background-size":"auto","background-attachment":"scroll","background-type":"","background-media":"","overlay-type":"","overlay-color":"","overlay-opacity":"","overlay-gradient":""},"mobile":{"background-color":"var(--ast-global-color-5)","background-image":"","background-repeat":"repeat","background-position":"center center","background-size":"auto","background-attachment":"scroll","background-type":"","background-media":"","overlay-type":"","overlay-color":"","overlay-opacity":"","overlay-gradient":""}}},"product_brand":[],"product_cat":[96,97,74],"product_tag":[],"class_list":{"0":"post-1540","1":"product","2":"type-product","3":"status-publish","4":"has-post-thumbnail","6":"product_cat-brands","7":"product_cat-naole","8":"product_cat-oxygen-ceuticals","9":"desktop-align-left","10":"tablet-align-left","11":"mobile-align-left","13":"first","14":"instock","15":"taxable","16":"shipping-taxable","17":"product-type-simple","18":"add-to-wishlist-before_image"},"uagb_featured_image_src":{"full":["https:\/\/kosmeetika24.com\/wp-content\/uploads\/2023\/10\/hydrating-pro.jpg",600,600,false],"thumbnail":["https:\/\/kosmeetika24.com\/wp-content\/uploads\/2023\/10\/hydrating-pro-150x150.jpg",150,150,true],"medium":["https:\/\/kosmeetika24.com\/wp-content\/uploads\/2023\/10\/hydrating-pro-300x300.jpg",300,300,true],"medium_large":["https:\/\/kosmeetika24.com\/wp-content\/uploads\/2023\/10\/hydrating-pro.jpg",600,600,false],"large":["https:\/\/kosmeetika24.com\/wp-content\/uploads\/2023\/10\/hydrating-pro.jpg",600,600,false],"1536x1536":["https:\/\/kosmeetika24.com\/wp-content\/uploads\/2023\/10\/hydrating-pro.jpg",600,600,false],"2048x2048":["https:\/\/kosmeetika24.com\/wp-content\/uploads\/2023\/10\/hydrating-pro.jpg",600,600,false],"trp-custom-language-flag":["https:\/\/kosmeetika24.com\/wp-content\/uploads\/2023\/10\/hydrating-pro-12x12.jpg",12,12,true],"woocommerce_thumbnail":["https:\/\/kosmeetika24.com\/wp-content\/uploads\/2023\/10\/hydrating-pro-300x300.jpg",300,300,true],"woocommerce_single":["https:\/\/kosmeetika24.com\/wp-content\/uploads\/2023\/10\/hydrating-pro-500x500.jpg",500,500,true],"woocommerce_gallery_thumbnail":["https:\/\/kosmeetika24.com\/wp-content\/uploads\/2023\/10\/hydrating-pro-100x100.jpg",100,100,true]},"uagb_author_info":{"display_name":"admin","author_link":"https:\/\/kosmeetika24.com\/en\/author\/"},"uagb_comment_info":0,"uagb_excerpt":"Professionaalseks kasutamiseks m\u00f5eldud kreem v\u00f5itleb pigmendilaikudega, muudab naha nooruslikumaks ja s\u00e4ravamaks. 200 ml","_links":{"self":[{"href":"https:\/\/kosmeetika24.com\/en\/wp-json\/wp\/v2\/product\/1540","targetHints":{"allow":["GET"]}}],"collection":[{"href":"https:\/\/kosmeetika24.com\/en\/wp-json\/wp\/v2\/product"}],"about":[{"href":"https:\/\/kosmeetika24.com\/en\/wp-json\/wp\/v2\/types\/product"}],"replies":[{"embeddable":true,"href":"https:\/\/kosmeetika24.com\/en\/wp-json\/wp\/v2\/comments?post=1540"}],"version-history":[{"count":3,"href":"https:\/\/kosmeetika24.com\/en\/wp-json\/wp\/v2\/product\/1540\/revisions"}],"predecessor-version":[{"id":5351,"href":"https:\/\/kosmeetika24.com\/en\/wp-json\/wp\/v2\/product\/1540\/revisions\/5351"}],"wp:featuredmedia":[{"embeddable":true,"href":"https:\/\/kosmeetika24.com\/en\/wp-json\/wp\/v2\/media\/1460"}],"wp:attachment":[{"href":"https:\/\/kosmeetika24.com\/en\/wp-json\/wp\/v2\/media?parent=1540"}],"wp:term":[{"taxonomy":"product_brand","embeddable":true,"href":"https:\/\/kosmeetika24.com\/en\/wp-json\/wp\/v2\/product_brand?post=1540"},{"taxonomy":"product_cat","embeddable":true,"href":"https:\/\/kosmeetika24.com\/en\/wp-json\/wp\/v2\/product_cat?post=1540"},{"taxonomy":"product_tag","embeddable":true,"href":"https:\/\/kosmeetika24.com\/en\/wp-json\/wp\/v2\/product_tag?post=1540"}],"curies":[{"name":"wp","href":"https:\/\/api.w.org\/{rel}","templated":true}]}}