{"id":1539,"date":"2024-01-22T13:06:08","date_gmt":"2024-01-22T13:06:08","guid":{"rendered":"https:\/\/kosmeetika24.com\/?post_type=product&#038;p=1539"},"modified":"2025-07-02T09:44:45","modified_gmt":"2025-07-02T06:44:45","slug":"oxygen-ceuticals-antioksudantne-vananemisvastane-kreem","status":"publish","type":"product","link":"https:\/\/kosmeetika24.com\/en\/product\/oxygen-ceuticals-antioksudantne-vananemisvastane-kreem\/","title":{"rendered":"OXYGEN CEUTICALS Antioxidant Anti-Aging Cream"},"content":{"rendered":"<p>The anti-aging lightweight <em>Anti-Oxidant Cream<\/em> moisturizes, protects the skin from free radicals, evens out skin tone, and gives vitality to the cells. It leaves the skin feeling velvety, fresh, and hydrated.<\/p>\n<p>Ideal for aging, dull, and lifeless skin.<\/p>\n<p><strong>ACTIVE INGREDIENTS<\/strong><\/p>\n<ul>\n<li>Peptides<\/li>\n<li>Adenosine<\/li>\n<li>Tomato extract<\/li>\n<li>Squalene<\/li>\n<li>Lycopene<\/li>\n<li>Sh-Oligopeptide-1<\/li>\n<li>Oxygen<\/li>\n<\/ul>\n<p><strong>Effect<\/strong><\/p>\n<ul>\n<li>Peptides slow down the aging process and help smooth out existing wrinkles.<\/li>\n<li>Adenosine revitalizes tired skin and enhances elasticity.<\/li>\n<li>Tomato extract moisturizes and improves skin tone.<\/li>\n<li>Squalane supports the skin's protective function. It leaves the skin soft and silky.<\/li>\n<li>Lycopene is a natural antioxidant that is responsible for a good mood and prevents the formation of pigment spots. It helps restore damaged and sensitive skin, providing vitality and elasticity to tired skin.<\/li>\n<li>Sh-Oligopeptide-1 increases the speed of skin healing and renewal, and slows down the thinning of aging skin, thereby minimizing wrinkles.<\/li>\n<li>Oxygen combats visible signs of aging caused by poor oxygen flow from the subcutaneous capillaries to the surface layers of the skin. It directly stimulates collagen and elastin synthesis in the skin and has anti-inflammatory effects.<\/li>\n<\/ul>\n<p><strong>Ingredients<\/strong><\/p>\n<p>Water, Glycerin, Dipropylene Glycol, Cetearyl Alcohol, Cetyl Ethylhexanoate, Cyclopentasiloxane, Squalane, Limnanthes Alba (Meadowfoam) Seed Oil, Dimethicone, Cyclohexasiloxane, 1,2-Hexanediol, Beeswax, Butylene Glycol, Cetearyl Glucoside, Xanthan Gum, Dipotassium Glycyrrhizate, Carbomer, Betaine, Arginine, Glycosyl Trehalose, Leontopodium Alpinum Callus Culture Extract, Hydrogenated Starch Hydrolysate, PEG-100 Stearate, Glyceryl Stearate, Dimethicone\/Vinyl Dimethicone Crosspolymer, Disodium EDTA, Oxygen, Adenosine, Sodium Hyaluronate, Terminalia Chebula Fruit Extract, Paeonia Suffruticosa Root Extract, Dryopteris Filix-Mas Root Extract, Alpinia Officinarum Root Extract, Ethylhexylglycerin, Acetyl Hexapeptide-8.<\/p>","protected":false},"excerpt":{"rendered":"<p>A professional-use anti-aging day cream with antioxidant properties that moisturizes, protects the skin from free radicals, evens out skin tone, and revitalizes cells.<\/p>\n<p>250 ml<\/p>","protected":false},"featured_media":1441,"comment_status":"open","ping_status":"closed","template":"","meta":{"_uag_custom_page_level_css":"","site-sidebar-layout":"default","site-content-layout":"","ast-site-content-layout":"default","site-content-style":"default","site-sidebar-style":"default","ast-global-header-display":"","ast-banner-title-visibility":"","ast-main-header-display":"","ast-hfb-above-header-display":"","ast-hfb-below-header-display":"","ast-hfb-mobile-header-display":"","site-post-title":"","ast-breadcrumbs-content":"","ast-featured-img":"","footer-sml-layout":"","ast-disable-related-posts":"","theme-transparent-header-meta":"default","adv-header-id-meta":"","stick-header-meta":"","header-above-stick-meta":"","header-main-stick-meta":"","header-below-stick-meta":"","astra-migrate-meta-layouts":"set","ast-page-background-enabled":"default","ast-page-background-meta":{"desktop":{"background-color":"var(--ast-global-color-4)","background-image":"","background-repeat":"repeat","background-position":"center center","background-size":"auto","background-attachment":"scroll","background-type":"","background-media":"","overlay-type":"","overlay-color":"","overlay-opacity":"","overlay-gradient":""},"tablet":{"background-color":"","background-image":"","background-repeat":"repeat","background-position":"center center","background-size":"auto","background-attachment":"scroll","background-type":"","background-media":"","overlay-type":"","overlay-color":"","overlay-opacity":"","overlay-gradient":""},"mobile":{"background-color":"","background-image":"","background-repeat":"repeat","background-position":"center center","background-size":"auto","background-attachment":"scroll","background-type":"","background-media":"","overlay-type":"","overlay-color":"","overlay-opacity":"","overlay-gradient":""}},"ast-content-background-meta":{"desktop":{"background-color":"var(--ast-global-color-5)","background-image":"","background-repeat":"repeat","background-position":"center center","background-size":"auto","background-attachment":"scroll","background-type":"","background-media":"","overlay-type":"","overlay-color":"","overlay-opacity":"","overlay-gradient":""},"tablet":{"background-color":"var(--ast-global-color-5)","background-image":"","background-repeat":"repeat","background-position":"center center","background-size":"auto","background-attachment":"scroll","background-type":"","background-media":"","overlay-type":"","overlay-color":"","overlay-opacity":"","overlay-gradient":""},"mobile":{"background-color":"var(--ast-global-color-5)","background-image":"","background-repeat":"repeat","background-position":"center center","background-size":"auto","background-attachment":"scroll","background-type":"","background-media":"","overlay-type":"","overlay-color":"","overlay-opacity":"","overlay-gradient":""}}},"product_brand":[],"product_cat":[96,97,74],"product_tag":[],"class_list":{"0":"post-1539","1":"product","2":"type-product","3":"status-publish","4":"has-post-thumbnail","6":"product_cat-brands","7":"product_cat-naole","8":"product_cat-oxygen-ceuticals","9":"desktop-align-left","10":"tablet-align-left","11":"mobile-align-left","13":"first","14":"instock","15":"taxable","16":"shipping-taxable","17":"product-type-simple","18":"add-to-wishlist-before_image"},"uagb_featured_image_src":{"full":["https:\/\/kosmeetika24.com\/wp-content\/uploads\/2023\/10\/antioxy.jpg",600,600,false],"thumbnail":["https:\/\/kosmeetika24.com\/wp-content\/uploads\/2023\/10\/antioxy-150x150.jpg",150,150,true],"medium":["https:\/\/kosmeetika24.com\/wp-content\/uploads\/2023\/10\/antioxy-300x300.jpg",300,300,true],"medium_large":["https:\/\/kosmeetika24.com\/wp-content\/uploads\/2023\/10\/antioxy.jpg",600,600,false],"large":["https:\/\/kosmeetika24.com\/wp-content\/uploads\/2023\/10\/antioxy.jpg",600,600,false],"1536x1536":["https:\/\/kosmeetika24.com\/wp-content\/uploads\/2023\/10\/antioxy.jpg",600,600,false],"2048x2048":["https:\/\/kosmeetika24.com\/wp-content\/uploads\/2023\/10\/antioxy.jpg",600,600,false],"trp-custom-language-flag":["https:\/\/kosmeetika24.com\/wp-content\/uploads\/2023\/10\/antioxy-12x12.jpg",12,12,true],"woocommerce_thumbnail":["https:\/\/kosmeetika24.com\/wp-content\/uploads\/2023\/10\/antioxy-300x300.jpg",300,300,true],"woocommerce_single":["https:\/\/kosmeetika24.com\/wp-content\/uploads\/2023\/10\/antioxy-500x500.jpg",500,500,true],"woocommerce_gallery_thumbnail":["https:\/\/kosmeetika24.com\/wp-content\/uploads\/2023\/10\/antioxy-100x100.jpg",100,100,true]},"uagb_author_info":{"display_name":"admin","author_link":"https:\/\/kosmeetika24.com\/en\/author\/"},"uagb_comment_info":0,"uagb_excerpt":"Professionaalseks kasutamiseks m\u00f5eldud antiks\u00fcdantse toimega vananemisvastane p\u00e4evakreem niisutab, kaitseb nahka vabade radikaalide eest, muudab nahatooni \u00fchtlasemaks ja annab rakkudele eluj\u00f5udu. 250 ml","_links":{"self":[{"href":"https:\/\/kosmeetika24.com\/en\/wp-json\/wp\/v2\/product\/1539","targetHints":{"allow":["GET"]}}],"collection":[{"href":"https:\/\/kosmeetika24.com\/en\/wp-json\/wp\/v2\/product"}],"about":[{"href":"https:\/\/kosmeetika24.com\/en\/wp-json\/wp\/v2\/types\/product"}],"replies":[{"embeddable":true,"href":"https:\/\/kosmeetika24.com\/en\/wp-json\/wp\/v2\/comments?post=1539"}],"version-history":[{"count":2,"href":"https:\/\/kosmeetika24.com\/en\/wp-json\/wp\/v2\/product\/1539\/revisions"}],"predecessor-version":[{"id":5352,"href":"https:\/\/kosmeetika24.com\/en\/wp-json\/wp\/v2\/product\/1539\/revisions\/5352"}],"wp:featuredmedia":[{"embeddable":true,"href":"https:\/\/kosmeetika24.com\/en\/wp-json\/wp\/v2\/media\/1441"}],"wp:attachment":[{"href":"https:\/\/kosmeetika24.com\/en\/wp-json\/wp\/v2\/media?parent=1539"}],"wp:term":[{"taxonomy":"product_brand","embeddable":true,"href":"https:\/\/kosmeetika24.com\/en\/wp-json\/wp\/v2\/product_brand?post=1539"},{"taxonomy":"product_cat","embeddable":true,"href":"https:\/\/kosmeetika24.com\/en\/wp-json\/wp\/v2\/product_cat?post=1539"},{"taxonomy":"product_tag","embeddable":true,"href":"https:\/\/kosmeetika24.com\/en\/wp-json\/wp\/v2\/product_tag?post=1539"}],"curies":[{"name":"wp","href":"https:\/\/api.w.org\/{rel}","templated":true}]}}