{"id":1526,"date":"2024-01-25T06:56:27","date_gmt":"2024-01-25T06:56:27","guid":{"rendered":"https:\/\/kosmeetika24.com\/?post_type=product&#038;p=1526"},"modified":"2025-07-02T11:29:17","modified_gmt":"2025-07-02T08:29:17","slug":"wishpro-wish-contour-neurophroline-ja-tightenyliga","status":"publish","type":"product","link":"https:\/\/kosmeetika24.com\/en\/product\/wishpro-wish-contour-neurophroline-ja-tightenyliga\/","title":{"rendered":"WISHPRO Wish Contour Neurophroline ja Tightenyli`ga"},"content":{"rendered":"<p style=\"text-align: center;\" class=\"translation-block\"><span style=\"color: #ff6600\"><strong>Wish Contour<\/strong><\/span> capsule is designed for people with <strong>sensitive<\/strong> skin who also dream of a <strong>youthful appearance.<\/strong><\/p>\n<p style=\"text-align: center;\" class=\"translation-block\">The active ingredients in the capsule <strong>even out the skin's texture<\/strong>, <strong>combat scars and irregularities<\/strong>, visibly balance the complexion, and <strong>eliminate dark circles under the eyes.<\/strong><\/p>\n<p style=\"text-align: center;\">Kapsli valem p\u00f5hineb kahel toimeainel:\u00a0<strong>Neurophroline\u2122 ja Tightenyl\u2122<\/strong>, mis saadakse\u00a0<strong>Indigo<\/strong>\u00a0seemnetest.<\/p>\n<p style=\"text-align: center;\" class=\"translation-block\">Studies have shown that the sugars in the extract <strong>neutralize the harmful effects of cortisol<\/strong>, stopping the <strong>damaging effects of stress!<\/strong><\/p>\n<p style=\"text-align: center;\" class=\"translation-block\"><strong>Usage:<\/strong> all skin types, sensitive skin, wrinkles and lines, scars, skin laxity, hyperreactivity.<\/p>\n<p style=\"text-align: center;\" class=\"translation-block\"><span style=\"color: #ff6600\"><strong>Wish Contour<\/strong><\/span> capsule is intended for use with the golden or red <strong>WishPro Plus+<\/strong> technology head.<\/p>\n<p style=\"text-align: center;\"><span style=\"color: #ff6600;\"><strong>APC age process control line<\/strong><\/span><\/p>\n<p style=\"text-align: center;\" class=\"translation-block\">The new <strong>APC capsule series<\/strong> is designed to control and stop the skin aging process caused by mechanical factors, lifestyle, stress, and environmental pollutants. The series is targeted at individuals with <strong>damaged<\/strong>, <strong>dry, sensitive, and reddened<\/strong> skin. The ingredients in the line protect the skin from <strong>mechanical, chemical, and UV factors.<\/strong><\/p>\n<hr \/>\n<p style=\"text-align: center;\">The capsules are sterile and single-use, one capsule is intended for one treatment.<\/p>\n<p>Ingredients: AQUA, DIMETHICONE, ISOPROPYL PALMITATE, PHENYL TRIMETHICONE, GLYCERIN, BUTYROSPERMUM PARKII BUTTER, SODIUM CHLORIDE, PHENOXYETHANOL, SILICA, PEG-10 DIMETHICONE, PROPANENEDIOL, PARFUM, ETHYLHEXYLGLYCERIN, SODIUM GLUCURONATE, TEPHROSIA PURPUREA SEED EXTRACT, DISODIUM ACETYL GLUCOSAMINE PHOSPHATE, DIMETHICONE\/VINYL DIMETHICONE CROSSPOLYMER, ISOCETETH-10, HEXYL CINNAMAL, MAGNESIUM SULFATE, LINALOOL, LIMONENE, METHYL 2-OCTYNOATE, BENZYL SALICYLATE, CITRONELLOL.<\/p>","protected":false},"excerpt":{"rendered":"<p>The goal is to restore a youthful appearance; anti-aging for sensitive skin; helps treat localized facial issues such as wrinkles, skin laxity, hyperpigmentation, and scars.<\/p>\n<p>Visibly improves skin tone.<\/p>\n<p><strong>The price applies to a package containing 10 capsules.<\/strong><\/p>","protected":false},"featured_media":1471,"comment_status":"open","ping_status":"closed","template":"","meta":{"_uag_custom_page_level_css":"","site-sidebar-layout":"default","site-content-layout":"","ast-site-content-layout":"default","site-content-style":"default","site-sidebar-style":"default","ast-global-header-display":"","ast-banner-title-visibility":"","ast-main-header-display":"","ast-hfb-above-header-display":"","ast-hfb-below-header-display":"","ast-hfb-mobile-header-display":"","site-post-title":"","ast-breadcrumbs-content":"","ast-featured-img":"","footer-sml-layout":"","ast-disable-related-posts":"","theme-transparent-header-meta":"default","adv-header-id-meta":"","stick-header-meta":"","header-above-stick-meta":"","header-main-stick-meta":"","header-below-stick-meta":"","astra-migrate-meta-layouts":"set","ast-page-background-enabled":"default","ast-page-background-meta":{"desktop":{"background-color":"var(--ast-global-color-4)","background-image":"","background-repeat":"repeat","background-position":"center center","background-size":"auto","background-attachment":"scroll","background-type":"","background-media":"","overlay-type":"","overlay-color":"","overlay-opacity":"","overlay-gradient":""},"tablet":{"background-color":"","background-image":"","background-repeat":"repeat","background-position":"center center","background-size":"auto","background-attachment":"scroll","background-type":"","background-media":"","overlay-type":"","overlay-color":"","overlay-opacity":"","overlay-gradient":""},"mobile":{"background-color":"","background-image":"","background-repeat":"repeat","background-position":"center center","background-size":"auto","background-attachment":"scroll","background-type":"","background-media":"","overlay-type":"","overlay-color":"","overlay-opacity":"","overlay-gradient":""}},"ast-content-background-meta":{"desktop":{"background-color":"var(--ast-global-color-5)","background-image":"","background-repeat":"repeat","background-position":"center center","background-size":"auto","background-attachment":"scroll","background-type":"","background-media":"","overlay-type":"","overlay-color":"","overlay-opacity":"","overlay-gradient":""},"tablet":{"background-color":"var(--ast-global-color-5)","background-image":"","background-repeat":"repeat","background-position":"center center","background-size":"auto","background-attachment":"scroll","background-type":"","background-media":"","overlay-type":"","overlay-color":"","overlay-opacity":"","overlay-gradient":""},"mobile":{"background-color":"var(--ast-global-color-5)","background-image":"","background-repeat":"repeat","background-position":"center center","background-size":"auto","background-attachment":"scroll","background-type":"","background-media":"","overlay-type":"","overlay-color":"","overlay-opacity":"","overlay-gradient":""}}},"product_brand":[],"product_cat":[96,97,80],"product_tag":[],"class_list":{"0":"post-1526","1":"product","2":"type-product","3":"status-publish","4":"has-post-thumbnail","6":"product_cat-brands","7":"product_cat-naole","8":"product_cat-wishpro","9":"desktop-align-left","10":"tablet-align-left","11":"mobile-align-left","13":"first","14":"instock","15":"taxable","16":"shipping-taxable","17":"product-type-simple","18":"add-to-wishlist-before_image"},"uagb_featured_image_src":{"full":["https:\/\/kosmeetika24.com\/wp-content\/uploads\/2023\/10\/wish-contour.png",600,600,false],"thumbnail":["https:\/\/kosmeetika24.com\/wp-content\/uploads\/2023\/10\/wish-contour-150x150.png",150,150,true],"medium":["https:\/\/kosmeetika24.com\/wp-content\/uploads\/2023\/10\/wish-contour-300x300.png",300,300,true],"medium_large":["https:\/\/kosmeetika24.com\/wp-content\/uploads\/2023\/10\/wish-contour.png",600,600,false],"large":["https:\/\/kosmeetika24.com\/wp-content\/uploads\/2023\/10\/wish-contour.png",600,600,false],"1536x1536":["https:\/\/kosmeetika24.com\/wp-content\/uploads\/2023\/10\/wish-contour.png",600,600,false],"2048x2048":["https:\/\/kosmeetika24.com\/wp-content\/uploads\/2023\/10\/wish-contour.png",600,600,false],"trp-custom-language-flag":["https:\/\/kosmeetika24.com\/wp-content\/uploads\/2023\/10\/wish-contour-12x12.png",12,12,true],"woocommerce_thumbnail":["https:\/\/kosmeetika24.com\/wp-content\/uploads\/2023\/10\/wish-contour-300x300.png",300,300,true],"woocommerce_single":["https:\/\/kosmeetika24.com\/wp-content\/uploads\/2023\/10\/wish-contour-500x500.png",500,500,true],"woocommerce_gallery_thumbnail":["https:\/\/kosmeetika24.com\/wp-content\/uploads\/2023\/10\/wish-contour-100x100.png",100,100,true]},"uagb_author_info":{"display_name":"admin","author_link":"https:\/\/kosmeetika24.com\/en\/author\/"},"uagb_comment_info":0,"uagb_excerpt":"Eesm\u00e4rk on taastada nooruslik v\u00e4limus; vananemisvastane tundlikule nahale; aitab ravida lokaalseid n\u00e4oprobleeme, nagu kortsud, naha l\u00f5tvus, h\u00fcperpigmentatsioon ja armid. Parandab n\u00e4htavalt nahatooni. Hind kehtib 10 kapslit sisaldava pakendi kohta.","_links":{"self":[{"href":"https:\/\/kosmeetika24.com\/en\/wp-json\/wp\/v2\/product\/1526","targetHints":{"allow":["GET"]}}],"collection":[{"href":"https:\/\/kosmeetika24.com\/en\/wp-json\/wp\/v2\/product"}],"about":[{"href":"https:\/\/kosmeetika24.com\/en\/wp-json\/wp\/v2\/types\/product"}],"replies":[{"embeddable":true,"href":"https:\/\/kosmeetika24.com\/en\/wp-json\/wp\/v2\/comments?post=1526"}],"version-history":[{"count":2,"href":"https:\/\/kosmeetika24.com\/en\/wp-json\/wp\/v2\/product\/1526\/revisions"}],"predecessor-version":[{"id":4530,"href":"https:\/\/kosmeetika24.com\/en\/wp-json\/wp\/v2\/product\/1526\/revisions\/4530"}],"wp:featuredmedia":[{"embeddable":true,"href":"https:\/\/kosmeetika24.com\/en\/wp-json\/wp\/v2\/media\/1471"}],"wp:attachment":[{"href":"https:\/\/kosmeetika24.com\/en\/wp-json\/wp\/v2\/media?parent=1526"}],"wp:term":[{"taxonomy":"product_brand","embeddable":true,"href":"https:\/\/kosmeetika24.com\/en\/wp-json\/wp\/v2\/product_brand?post=1526"},{"taxonomy":"product_cat","embeddable":true,"href":"https:\/\/kosmeetika24.com\/en\/wp-json\/wp\/v2\/product_cat?post=1526"},{"taxonomy":"product_tag","embeddable":true,"href":"https:\/\/kosmeetika24.com\/en\/wp-json\/wp\/v2\/product_tag?post=1526"}],"curies":[{"name":"wp","href":"https:\/\/api.w.org\/{rel}","templated":true}]}}