{"id":1504,"date":"2024-01-05T08:28:25","date_gmt":"2024-01-05T08:28:25","guid":{"rendered":"https:\/\/kosmeetika24.com\/?post_type=product&#038;p=1504"},"modified":"2025-07-02T16:06:59","modified_gmt":"2025-07-02T13:06:59","slug":"bruno-vassari-boosters-rahustav-kontsentraat","status":"publish","type":"product","link":"https:\/\/kosmeetika24.com\/en\/product\/bruno-vassari-boosters-rahustav-kontsentraat\/","title":{"rendered":"BRUNO VASSARI Boosters Soothing Concentrate"},"content":{"rendered":"<p class=\"translation-block\">The soothing concentrate <em>Skin Relief<\/em> reduces the manifestations of irritated skin syndrome and restores the normal physiological function of skin cells<\/p>\n<p>It contains comprehensive care, which helps minimize skin changes and reduce inflammation. It also contributes to the physiological restoration of the epidermis, giving the skin softness.<\/p>\n<p>Suitable for sensitive and dry skin. Recommended for atopic skin and atopic dermatitis.<\/p>\n<p><b>ACTIVE INGREDIENTS<\/b><\/p>\n<ul>\n<li>Ectoine<\/li>\n<li>Ramnosoft\u00ae<\/li>\n<li>Symcalmin\u00ae<\/li>\n<li>MG60<\/li>\n<\/ul>\n<p><strong>Effect<\/strong><\/p>\n<ul>\n<li>Ectoine is a 100% natural amino acid responsible for protecting and ensuring the survival of plants in extreme conditions. It can retain small amounts of water around itself, forming a complex known as HYDRO ECTOIN COMPLEX, which can surround cells, proteins, and enzymes, creating a protective layer rich in nutrients. It protects against external factors. It has a rejuvenating and soothing effect.<\/li>\n<li>Rhamnosoft\u00ae is a polysaccharide derived from plant bacterial fermentation. It reduces inflammation through the release of endorphins.<\/li>\n<li>Symcalmin\u00ae is a compound derived from oats with anti-irritant, soothing, and antioxidant properties.<\/li>\n<\/ul>\n<p><strong>Ingredients<\/strong><\/p>\n<p>AQUA (WATER), PROPANEDIOL, GLYCERIN, ECTOIN, BUTULENE GLYCOL, PENTULENE GLYCOL, MALTOOLIGOSYL GLUCOLSIDE, PHENOXYETHANOL, HYDROGENATED STARCH HYDROLISATE, HYDROXYETHYLCELLULOSE, CHLORPHENESIN, POLYSORBATE 20, HYDROXYPHENYL PROPAMIDOBENZOIC ACID, BIOSACCHARIDE CUM-2, ASCORBYL PALMITATE, CI 16035 (FD&C RED NO. 40.), SODIUM HYDROXIDE.<\/p>","protected":false},"excerpt":{"rendered":"<p>The concentrate for professional use has a soothing effect on sensitive and irritated skin, and moisturizes very dry skin.<\/p>\n<p>&nbsp;<\/p>\n<p>30 ml bottle with a dropper<\/p>","protected":false},"featured_media":1423,"comment_status":"open","ping_status":"closed","template":"","meta":{"_uag_custom_page_level_css":"","site-sidebar-layout":"default","site-content-layout":"","ast-site-content-layout":"default","site-content-style":"default","site-sidebar-style":"default","ast-global-header-display":"","ast-banner-title-visibility":"","ast-main-header-display":"","ast-hfb-above-header-display":"","ast-hfb-below-header-display":"","ast-hfb-mobile-header-display":"","site-post-title":"","ast-breadcrumbs-content":"","ast-featured-img":"","footer-sml-layout":"","ast-disable-related-posts":"","theme-transparent-header-meta":"default","adv-header-id-meta":"","stick-header-meta":"","header-above-stick-meta":"","header-main-stick-meta":"","header-below-stick-meta":"","astra-migrate-meta-layouts":"set","ast-page-background-enabled":"default","ast-page-background-meta":{"desktop":{"background-color":"var(--ast-global-color-4)","background-image":"","background-repeat":"repeat","background-position":"center center","background-size":"auto","background-attachment":"scroll","background-type":"","background-media":"","overlay-type":"","overlay-color":"","overlay-opacity":"","overlay-gradient":""},"tablet":{"background-color":"","background-image":"","background-repeat":"repeat","background-position":"center center","background-size":"auto","background-attachment":"scroll","background-type":"","background-media":"","overlay-type":"","overlay-color":"","overlay-opacity":"","overlay-gradient":""},"mobile":{"background-color":"","background-image":"","background-repeat":"repeat","background-position":"center center","background-size":"auto","background-attachment":"scroll","background-type":"","background-media":"","overlay-type":"","overlay-color":"","overlay-opacity":"","overlay-gradient":""}},"ast-content-background-meta":{"desktop":{"background-color":"var(--ast-global-color-5)","background-image":"","background-repeat":"repeat","background-position":"center center","background-size":"auto","background-attachment":"scroll","background-type":"","background-media":"","overlay-type":"","overlay-color":"","overlay-opacity":"","overlay-gradient":""},"tablet":{"background-color":"var(--ast-global-color-5)","background-image":"","background-repeat":"repeat","background-position":"center center","background-size":"auto","background-attachment":"scroll","background-type":"","background-media":"","overlay-type":"","overlay-color":"","overlay-opacity":"","overlay-gradient":""},"mobile":{"background-color":"var(--ast-global-color-5)","background-image":"","background-repeat":"repeat","background-position":"center center","background-size":"auto","background-attachment":"scroll","background-type":"","background-media":"","overlay-type":"","overlay-color":"","overlay-opacity":"","overlay-gradient":""}}},"product_brand":[],"product_cat":[61,96,97],"product_tag":[],"class_list":{"0":"post-1504","1":"product","2":"type-product","3":"status-publish","4":"has-post-thumbnail","6":"product_cat-boosters","7":"product_cat-brands","8":"product_cat-naole","9":"desktop-align-left","10":"tablet-align-left","11":"mobile-align-left","13":"first","14":"instock","15":"taxable","16":"shipping-taxable","17":"product-type-simple","18":"add-to-wishlist-before_image"},"uagb_featured_image_src":{"full":["https:\/\/kosmeetika24.com\/wp-content\/uploads\/2023\/10\/2333-Skin-Relief.jpg",600,600,false],"thumbnail":["https:\/\/kosmeetika24.com\/wp-content\/uploads\/2023\/10\/2333-Skin-Relief-150x150.jpg",150,150,true],"medium":["https:\/\/kosmeetika24.com\/wp-content\/uploads\/2023\/10\/2333-Skin-Relief-300x300.jpg",300,300,true],"medium_large":["https:\/\/kosmeetika24.com\/wp-content\/uploads\/2023\/10\/2333-Skin-Relief.jpg",600,600,false],"large":["https:\/\/kosmeetika24.com\/wp-content\/uploads\/2023\/10\/2333-Skin-Relief.jpg",600,600,false],"1536x1536":["https:\/\/kosmeetika24.com\/wp-content\/uploads\/2023\/10\/2333-Skin-Relief.jpg",600,600,false],"2048x2048":["https:\/\/kosmeetika24.com\/wp-content\/uploads\/2023\/10\/2333-Skin-Relief.jpg",600,600,false],"trp-custom-language-flag":["https:\/\/kosmeetika24.com\/wp-content\/uploads\/2023\/10\/2333-Skin-Relief-12x12.jpg",12,12,true],"woocommerce_thumbnail":["https:\/\/kosmeetika24.com\/wp-content\/uploads\/2023\/10\/2333-Skin-Relief-300x300.jpg",300,300,true],"woocommerce_single":["https:\/\/kosmeetika24.com\/wp-content\/uploads\/2023\/10\/2333-Skin-Relief-500x500.jpg",500,500,true],"woocommerce_gallery_thumbnail":["https:\/\/kosmeetika24.com\/wp-content\/uploads\/2023\/10\/2333-Skin-Relief-100x100.jpg",100,100,true]},"uagb_author_info":{"display_name":"admin","author_link":"https:\/\/kosmeetika24.com\/en\/author\/"},"uagb_comment_info":0,"uagb_excerpt":"Professionaalseks kasutamiseks m\u00f5eldud kontsentraat toimib rahustavalt tundlikul ja \u00e4rritunud nahal ning niisutab v\u00e4ga kuiva nahka. &nbsp; 30 ml pipetiga pudel","_links":{"self":[{"href":"https:\/\/kosmeetika24.com\/en\/wp-json\/wp\/v2\/product\/1504","targetHints":{"allow":["GET"]}}],"collection":[{"href":"https:\/\/kosmeetika24.com\/en\/wp-json\/wp\/v2\/product"}],"about":[{"href":"https:\/\/kosmeetika24.com\/en\/wp-json\/wp\/v2\/types\/product"}],"replies":[{"embeddable":true,"href":"https:\/\/kosmeetika24.com\/en\/wp-json\/wp\/v2\/comments?post=1504"}],"version-history":[{"count":3,"href":"https:\/\/kosmeetika24.com\/en\/wp-json\/wp\/v2\/product\/1504\/revisions"}],"predecessor-version":[{"id":6586,"href":"https:\/\/kosmeetika24.com\/en\/wp-json\/wp\/v2\/product\/1504\/revisions\/6586"}],"wp:featuredmedia":[{"embeddable":true,"href":"https:\/\/kosmeetika24.com\/en\/wp-json\/wp\/v2\/media\/1423"}],"wp:attachment":[{"href":"https:\/\/kosmeetika24.com\/en\/wp-json\/wp\/v2\/media?parent=1504"}],"wp:term":[{"taxonomy":"product_brand","embeddable":true,"href":"https:\/\/kosmeetika24.com\/en\/wp-json\/wp\/v2\/product_brand?post=1504"},{"taxonomy":"product_cat","embeddable":true,"href":"https:\/\/kosmeetika24.com\/en\/wp-json\/wp\/v2\/product_cat?post=1504"},{"taxonomy":"product_tag","embeddable":true,"href":"https:\/\/kosmeetika24.com\/en\/wp-json\/wp\/v2\/product_tag?post=1504"}],"curies":[{"name":"wp","href":"https:\/\/api.w.org\/{rel}","templated":true}]}}