{"id":1497,"date":"2024-01-05T07:44:25","date_gmt":"2024-01-05T07:44:25","guid":{"rendered":"https:\/\/kosmeetika24.com\/?post_type=product&#038;p=1497"},"modified":"2025-07-02T15:40:36","modified_gmt":"2025-07-02T12:40:36","slug":"bruno-vassari-glyco-system-aktiivsoemask-2","status":"publish","type":"product","link":"https:\/\/kosmeetika24.com\/en\/product\/bruno-vassari-glyco-system-aktiivsoemask-2\/","title":{"rendered":"BRUNO VASSARI Glyco System Activated Charcoal Mask"},"content":{"rendered":"<p class=\"translation-block\"><em> Charcoal Mask<\/em> contains a wealth of active ingredients that provide deep cleansing, toxin removal, and restorative effects. It reduces the appearance of facial wrinkles and enlarged pores. The skin becomes smooth, and the complexion improves.<\/p>\n<p>Suitable for all skin types, except for very sensitive and easily irritated skin. <br><\/p>\n<p><strong>ACTIVE INGREDIENTS<\/strong><\/p>\n<ul>\n<li>Activated charcoal<\/li>\n<li>Glycolic acid<\/li>\n<li>Kaolin<\/li>\n<\/ul>\n<p><strong>Effect<\/strong><\/p>\n<ul>\n<li>Activated charcoal absorbs toxins and impurities, cleanses and protects the skin from harmful factors. Activated charcoal has bactericidal and also rejuvenating effects, reducing the impact of harmful environmental factors.<\/li>\n<li>The exfoliating effect of glycolic acid removes dead skin cells, while the stimulating effect of activated charcoal helps achieve a healthier, brighter, and more even skin tone.<\/li>\n<li>Kaolin combined with activated charcoal helps remove excess sebum and has a stimulating and cleansing effect.<\/li>\n<\/ul>\n<p><strong>Ingredients<\/strong><\/p>\n<p>AQUA (WATER), SODIUM POTASSIUM ALUMINIUM SILICATE, PROPANEDIOL, MAGNESIUM ALUMINIUM SILICATE, ALCOHOL DENAT, CLYCOLIC ACID, GLYCERIN, SODIUMHYDROXIDE POLYSORBATE 20, CHARCOAL POWDER, PHENOXYETHANOL, ETHYLHEXYLGLYCEIN, XANTHAN GUM, PARFUM (FRAGRANCE), POLYGLYCERYL-10 STEARATE, POLYGLYCERYL-10 MYRISTATE, POLYGLYCERIN-10, METHYLCHLOROISOTHIAZOLINONE, METHYLISOTHIAZOLINONE, SODIUM DEHYDROACETATE, CITRIC ACID, BUTYLPHENYL METHYLPROPIONAL. LINALOOL<\/p>","protected":false},"excerpt":{"rendered":"<p>The mask for professional use deeply cleanses pores, reduces comedones, absorbs excess sebum from the skin surface, and improves skin texture. <br><\/p>\n<p>&nbsp;<\/p>\n<p>200 g<\/p>","protected":false},"featured_media":1429,"comment_status":"open","ping_status":"closed","template":"","meta":{"_uag_custom_page_level_css":"","site-sidebar-layout":"default","site-content-layout":"","ast-site-content-layout":"default","site-content-style":"default","site-sidebar-style":"default","ast-global-header-display":"","ast-banner-title-visibility":"","ast-main-header-display":"","ast-hfb-above-header-display":"","ast-hfb-below-header-display":"","ast-hfb-mobile-header-display":"","site-post-title":"","ast-breadcrumbs-content":"","ast-featured-img":"","footer-sml-layout":"","ast-disable-related-posts":"","theme-transparent-header-meta":"default","adv-header-id-meta":"","stick-header-meta":"","header-above-stick-meta":"","header-main-stick-meta":"","header-below-stick-meta":"","astra-migrate-meta-layouts":"set","ast-page-background-enabled":"default","ast-page-background-meta":{"desktop":{"background-color":"var(--ast-global-color-4)","background-image":"","background-repeat":"repeat","background-position":"center center","background-size":"auto","background-attachment":"scroll","background-type":"","background-media":"","overlay-type":"","overlay-color":"","overlay-opacity":"","overlay-gradient":""},"tablet":{"background-color":"","background-image":"","background-repeat":"repeat","background-position":"center center","background-size":"auto","background-attachment":"scroll","background-type":"","background-media":"","overlay-type":"","overlay-color":"","overlay-opacity":"","overlay-gradient":""},"mobile":{"background-color":"","background-image":"","background-repeat":"repeat","background-position":"center center","background-size":"auto","background-attachment":"scroll","background-type":"","background-media":"","overlay-type":"","overlay-color":"","overlay-opacity":"","overlay-gradient":""}},"ast-content-background-meta":{"desktop":{"background-color":"var(--ast-global-color-5)","background-image":"","background-repeat":"repeat","background-position":"center center","background-size":"auto","background-attachment":"scroll","background-type":"","background-media":"","overlay-type":"","overlay-color":"","overlay-opacity":"","overlay-gradient":""},"tablet":{"background-color":"var(--ast-global-color-5)","background-image":"","background-repeat":"repeat","background-position":"center center","background-size":"auto","background-attachment":"scroll","background-type":"","background-media":"","overlay-type":"","overlay-color":"","overlay-opacity":"","overlay-gradient":""},"mobile":{"background-color":"var(--ast-global-color-5)","background-image":"","background-repeat":"repeat","background-position":"center center","background-size":"auto","background-attachment":"scroll","background-type":"","background-media":"","overlay-type":"","overlay-color":"","overlay-opacity":"","overlay-gradient":""}}},"product_brand":[],"product_cat":[96,69,97],"product_tag":[],"class_list":{"0":"post-1497","1":"product","2":"type-product","3":"status-publish","4":"has-post-thumbnail","6":"product_cat-brands","7":"product_cat-glyco-system","8":"product_cat-naole","9":"desktop-align-left","10":"tablet-align-left","11":"mobile-align-left","13":"first","14":"instock","15":"taxable","16":"shipping-taxable","17":"product-type-simple","18":"add-to-wishlist-before_image"},"uagb_featured_image_src":{"full":["https:\/\/kosmeetika24.com\/wp-content\/uploads\/2023\/10\/2394-Charcoal-Mask-200ml.jpg",600,600,false],"thumbnail":["https:\/\/kosmeetika24.com\/wp-content\/uploads\/2023\/10\/2394-Charcoal-Mask-200ml-150x150.jpg",150,150,true],"medium":["https:\/\/kosmeetika24.com\/wp-content\/uploads\/2023\/10\/2394-Charcoal-Mask-200ml-300x300.jpg",300,300,true],"medium_large":["https:\/\/kosmeetika24.com\/wp-content\/uploads\/2023\/10\/2394-Charcoal-Mask-200ml.jpg",600,600,false],"large":["https:\/\/kosmeetika24.com\/wp-content\/uploads\/2023\/10\/2394-Charcoal-Mask-200ml.jpg",600,600,false],"1536x1536":["https:\/\/kosmeetika24.com\/wp-content\/uploads\/2023\/10\/2394-Charcoal-Mask-200ml.jpg",600,600,false],"2048x2048":["https:\/\/kosmeetika24.com\/wp-content\/uploads\/2023\/10\/2394-Charcoal-Mask-200ml.jpg",600,600,false],"trp-custom-language-flag":["https:\/\/kosmeetika24.com\/wp-content\/uploads\/2023\/10\/2394-Charcoal-Mask-200ml-12x12.jpg",12,12,true],"woocommerce_thumbnail":["https:\/\/kosmeetika24.com\/wp-content\/uploads\/2023\/10\/2394-Charcoal-Mask-200ml-300x300.jpg",300,300,true],"woocommerce_single":["https:\/\/kosmeetika24.com\/wp-content\/uploads\/2023\/10\/2394-Charcoal-Mask-200ml-500x500.jpg",500,500,true],"woocommerce_gallery_thumbnail":["https:\/\/kosmeetika24.com\/wp-content\/uploads\/2023\/10\/2394-Charcoal-Mask-200ml-100x100.jpg",100,100,true]},"uagb_author_info":{"display_name":"admin","author_link":"https:\/\/kosmeetika24.com\/en\/author\/"},"uagb_comment_info":0,"uagb_excerpt":"Professionaalseks kasutamiseks m\u00f5eldud mask puhastab s\u00fcgavalt poore, v\u00e4hendab komedoone, imab naha pinnalt rasu ja parandab naha tekstuuri. &nbsp; 200 g","_links":{"self":[{"href":"https:\/\/kosmeetika24.com\/en\/wp-json\/wp\/v2\/product\/1497","targetHints":{"allow":["GET"]}}],"collection":[{"href":"https:\/\/kosmeetika24.com\/en\/wp-json\/wp\/v2\/product"}],"about":[{"href":"https:\/\/kosmeetika24.com\/en\/wp-json\/wp\/v2\/types\/product"}],"replies":[{"embeddable":true,"href":"https:\/\/kosmeetika24.com\/en\/wp-json\/wp\/v2\/comments?post=1497"}],"version-history":[{"count":3,"href":"https:\/\/kosmeetika24.com\/en\/wp-json\/wp\/v2\/product\/1497\/revisions"}],"predecessor-version":[{"id":6789,"href":"https:\/\/kosmeetika24.com\/en\/wp-json\/wp\/v2\/product\/1497\/revisions\/6789"}],"wp:featuredmedia":[{"embeddable":true,"href":"https:\/\/kosmeetika24.com\/en\/wp-json\/wp\/v2\/media\/1429"}],"wp:attachment":[{"href":"https:\/\/kosmeetika24.com\/en\/wp-json\/wp\/v2\/media?parent=1497"}],"wp:term":[{"taxonomy":"product_brand","embeddable":true,"href":"https:\/\/kosmeetika24.com\/en\/wp-json\/wp\/v2\/product_brand?post=1497"},{"taxonomy":"product_cat","embeddable":true,"href":"https:\/\/kosmeetika24.com\/en\/wp-json\/wp\/v2\/product_cat?post=1497"},{"taxonomy":"product_tag","embeddable":true,"href":"https:\/\/kosmeetika24.com\/en\/wp-json\/wp\/v2\/product_tag?post=1497"}],"curies":[{"name":"wp","href":"https:\/\/api.w.org\/{rel}","templated":true}]}}