{"id":1345,"date":"2024-01-04T14:09:05","date_gmt":"2024-01-04T14:09:05","guid":{"rendered":"https:\/\/kosmeetika24.com\/?post_type=product&#038;p=1345"},"modified":"2025-07-03T11:41:19","modified_gmt":"2025-07-03T08:41:19","slug":"bruno-vassari-kianty-viniferin-silmade-ja-huulte-intensiivne-hooldus","status":"publish","type":"product","link":"https:\/\/kosmeetika24.com\/en\/product\/bruno-vassari-kianty-viniferin-silmade-ja-huulte-intensiivne-hooldus\/","title":{"rendered":"BRUNO VASSARI Kianty Viniferin Intensive Eye and Lip Care"},"content":{"rendered":"<p class=\"translation-block\">For professional use, <em>Kianty Viniferin Visible Results<\/em> is a specific anti-aging treatment for the eye and lip contour. It activates circulation around the eyes, helping to reduce puffiness and dark circles. Active ingredients help smooth and reduce wrinkles, slow down the skin's aging process, and reduce signs of aging. Results are visible from the first use.<\/p>\n<p>Suitable for all skin types, especially designed to reduce wrinkles, dark circles, and puffiness around the eyes.<\/p>\n<p><strong>ACTIVE INGREDIENTS<\/strong><\/p>\n<ul>\n<li class=\"translation-block\">Serum \"Eyes &amp; Lips Serum\": Leucidine liquid, biosaccharide gum-1, glucosylhesperidin, Viniderm<sup>\u00ae<\/sup>;<\/li>\n<li>mask \u201cEyes & Lips Mask\u201d: h\u00fcdrol\u00fc\u00fcsitud kollageen, riisit\u00e4rklis, Damaskuse rooslille \u00f5li, harilik viinamari;<\/li>\n<li class=\"translation-block\">Cream \"Eyes &amp; Lips Cream\": Orgasol<sup>\u00ae<\/sup> Restore, squalane, shea butter, hydroxyprolisilane, Viniderm<sup>\u00ae<\/sup>, Vitamin E.<\/li>\n<\/ul>\n<p><strong>Effect<\/strong><\/p>\n<ul>\n<li>The serum gives radiance to the eye area and moisturizes it. Reduces wrinkles, dark circles, and puffiness under the eyes.<\/li>\n<li>The mask contains alginates, which improve the penetration of active ingredients into the skin and lighten pigmentation and dark circles under the eyes. It also has a decongestant and anti-aging effect.<\/li>\n<li>The cream is nourishing and moisturizing, suitable for the delicate skin around the eyes and lips, and helps lighten dark circles with hyperpigmentation and reduce signs of aging.<\/li>\n<\/ul>","protected":false},"excerpt":{"rendered":"<p>Anti-aging intensive care for the eye and lip contour. Helps minimize wrinkles, dark circles, and puffiness around the eyes.<\/p>\n<p>&nbsp;<\/p>\n<p><span style=\"font-size: 14px;\">The set is designed for professional use in 6 treatments.<\/span><\/p>\n<ul>\n<li><span style=\"font-size: 14px;\">Eyes &amp; Lips Serum 6 x 3ml<\/span><\/li>\n<li><span style=\"font-size: 14px;\">Eyes &amp; Lips Mask 6 x 10g<\/span><\/li>\n<li><span style=\"font-size: 14px;\">Eyes &amp; Lips Cream 6 x 3ml<\/span><\/li>\n<\/ul>\n<p>&nbsp;<\/p>","protected":false},"featured_media":1407,"comment_status":"open","ping_status":"closed","template":"","meta":{"_uag_custom_page_level_css":"","site-sidebar-layout":"default","site-content-layout":"","ast-site-content-layout":"default","site-content-style":"default","site-sidebar-style":"default","ast-global-header-display":"","ast-banner-title-visibility":"","ast-main-header-display":"","ast-hfb-above-header-display":"","ast-hfb-below-header-display":"","ast-hfb-mobile-header-display":"","site-post-title":"","ast-breadcrumbs-content":"","ast-featured-img":"","footer-sml-layout":"","ast-disable-related-posts":"","theme-transparent-header-meta":"default","adv-header-id-meta":"","stick-header-meta":"","header-above-stick-meta":"","header-main-stick-meta":"","header-below-stick-meta":"","astra-migrate-meta-layouts":"set","ast-page-background-enabled":"default","ast-page-background-meta":{"desktop":{"background-color":"var(--ast-global-color-4)","background-image":"","background-repeat":"repeat","background-position":"center center","background-size":"auto","background-attachment":"scroll","background-type":"","background-media":"","overlay-type":"","overlay-color":"","overlay-opacity":"","overlay-gradient":""},"tablet":{"background-color":"","background-image":"","background-repeat":"repeat","background-position":"center center","background-size":"auto","background-attachment":"scroll","background-type":"","background-media":"","overlay-type":"","overlay-color":"","overlay-opacity":"","overlay-gradient":""},"mobile":{"background-color":"","background-image":"","background-repeat":"repeat","background-position":"center center","background-size":"auto","background-attachment":"scroll","background-type":"","background-media":"","overlay-type":"","overlay-color":"","overlay-opacity":"","overlay-gradient":""}},"ast-content-background-meta":{"desktop":{"background-color":"var(--ast-global-color-5)","background-image":"","background-repeat":"repeat","background-position":"center center","background-size":"auto","background-attachment":"scroll","background-type":"","background-media":"","overlay-type":"","overlay-color":"","overlay-opacity":"","overlay-gradient":""},"tablet":{"background-color":"var(--ast-global-color-5)","background-image":"","background-repeat":"repeat","background-position":"center center","background-size":"auto","background-attachment":"scroll","background-type":"","background-media":"","overlay-type":"","overlay-color":"","overlay-opacity":"","overlay-gradient":""},"mobile":{"background-color":"var(--ast-global-color-5)","background-image":"","background-repeat":"repeat","background-position":"center center","background-size":"auto","background-attachment":"scroll","background-type":"","background-media":"","overlay-type":"","overlay-color":"","overlay-opacity":"","overlay-gradient":""}}},"product_brand":[],"product_cat":[96,76,97],"product_tag":[],"class_list":{"0":"post-1345","1":"product","2":"type-product","3":"status-publish","4":"has-post-thumbnail","6":"product_cat-brands","7":"product_cat-kianty-viniferin","8":"product_cat-naole","9":"desktop-align-left","10":"tablet-align-left","11":"mobile-align-left","13":"first","14":"instock","15":"taxable","16":"shipping-taxable","17":"product-type-simple","18":"add-to-wishlist-before_image"},"uagb_featured_image_src":{"full":["https:\/\/kosmeetika24.com\/wp-content\/uploads\/2023\/10\/2288.jpg",600,600,false],"thumbnail":["https:\/\/kosmeetika24.com\/wp-content\/uploads\/2023\/10\/2288-150x150.jpg",150,150,true],"medium":["https:\/\/kosmeetika24.com\/wp-content\/uploads\/2023\/10\/2288-300x300.jpg",300,300,true],"medium_large":["https:\/\/kosmeetika24.com\/wp-content\/uploads\/2023\/10\/2288.jpg",600,600,false],"large":["https:\/\/kosmeetika24.com\/wp-content\/uploads\/2023\/10\/2288.jpg",600,600,false],"1536x1536":["https:\/\/kosmeetika24.com\/wp-content\/uploads\/2023\/10\/2288.jpg",600,600,false],"2048x2048":["https:\/\/kosmeetika24.com\/wp-content\/uploads\/2023\/10\/2288.jpg",600,600,false],"trp-custom-language-flag":["https:\/\/kosmeetika24.com\/wp-content\/uploads\/2023\/10\/2288-12x12.jpg",12,12,true],"woocommerce_thumbnail":["https:\/\/kosmeetika24.com\/wp-content\/uploads\/2023\/10\/2288-300x300.jpg",300,300,true],"woocommerce_single":["https:\/\/kosmeetika24.com\/wp-content\/uploads\/2023\/10\/2288-500x500.jpg",500,500,true],"woocommerce_gallery_thumbnail":["https:\/\/kosmeetika24.com\/wp-content\/uploads\/2023\/10\/2288-100x100.jpg",100,100,true]},"uagb_author_info":{"display_name":"admin","author_link":"https:\/\/kosmeetika24.com\/en\/author\/"},"uagb_comment_info":0,"uagb_excerpt":"Vananemisvastane silmade- ja huule\u00fcmbruse intensiivne hooldus.\u00a0Aitab minimeerida kortse, tumedaid silmaaluseid ja silmade paistetust. &nbsp; Komplekt on m\u00f5eldud professionaalseks kasutamiseks 6 protseduuril. seerum Eyes &amp; Lips Serum 6 x 3ml mask Eyes &amp; Lips Mask 6 x 10g kreem Eyes &amp; Lips Cream 6 x\u00a0 3ml &nbsp;","_links":{"self":[{"href":"https:\/\/kosmeetika24.com\/en\/wp-json\/wp\/v2\/product\/1345","targetHints":{"allow":["GET"]}}],"collection":[{"href":"https:\/\/kosmeetika24.com\/en\/wp-json\/wp\/v2\/product"}],"about":[{"href":"https:\/\/kosmeetika24.com\/en\/wp-json\/wp\/v2\/types\/product"}],"replies":[{"embeddable":true,"href":"https:\/\/kosmeetika24.com\/en\/wp-json\/wp\/v2\/comments?post=1345"}],"version-history":[{"count":1,"href":"https:\/\/kosmeetika24.com\/en\/wp-json\/wp\/v2\/product\/1345\/revisions"}],"predecessor-version":[{"id":4662,"href":"https:\/\/kosmeetika24.com\/en\/wp-json\/wp\/v2\/product\/1345\/revisions\/4662"}],"wp:featuredmedia":[{"embeddable":true,"href":"https:\/\/kosmeetika24.com\/en\/wp-json\/wp\/v2\/media\/1407"}],"wp:attachment":[{"href":"https:\/\/kosmeetika24.com\/en\/wp-json\/wp\/v2\/media?parent=1345"}],"wp:term":[{"taxonomy":"product_brand","embeddable":true,"href":"https:\/\/kosmeetika24.com\/en\/wp-json\/wp\/v2\/product_brand?post=1345"},{"taxonomy":"product_cat","embeddable":true,"href":"https:\/\/kosmeetika24.com\/en\/wp-json\/wp\/v2\/product_cat?post=1345"},{"taxonomy":"product_tag","embeddable":true,"href":"https:\/\/kosmeetika24.com\/en\/wp-json\/wp\/v2\/product_tag?post=1345"}],"curies":[{"name":"wp","href":"https:\/\/api.w.org\/{rel}","templated":true}]}}